{"id":164,"date":"2020-03-26T03:28:26","date_gmt":"2020-03-26T02:28:26","guid":{"rendered":"https:\/\/officinapixel.net\/brescia\/?page_id=164"},"modified":"2023-11-03T08:02:50","modified_gmt":"2023-11-03T07:02:50","slug":"domande-frequenti","status":"publish","type":"page","link":"https:\/\/officinapixel.net\/brescia\/domande-frequenti\/","title":{"rendered":"Domande Frequenti"},"content":{"rendered":"<p>[vc_section css=&#8221;.vc_custom_1581817079228{margin-top: 0px !important;margin-bottom: 60px !important;padding-top: 0px !important;padding-bottom: 0px !important;}&#8221;][vc_row css=&#8221;.vc_custom_1581815113345{margin-bottom: 0px !important;}&#8221;][vc_column css=&#8221;.vc_custom_1583884754114{margin-top: 0px !important;margin-bottom: 0px !important;padding-top: 50px !important;padding-right: 40px !important;padding-bottom: 70px !important;padding-left: 40px !important;background-color: #eceeef !important;}&#8221; el_class=&#8221;hero-card&#8221;][vc_custom_heading text=&#8221;FAQ&#8221; font_container=&#8221;tag:h4|font_size:20|text_align:center|color:%23909ca0&#8243; google_fonts=&#8221;font_family:Lato%3A100%2C100italic%2C300%2C300italic%2Cregular%2Citalic%2C700%2C700italic%2C900%2C900italic|font_style:900%20bold%20regular%3A900%3Anormal&#8221; css=&#8221;.vc_custom_1583861968724{margin-top: 0px !important;margin-bottom: 0px !important;padding-top: 0px !important;padding-bottom: 20px !important;}&#8221;][vc_custom_heading text=&#8221;Domande Frequenti&#8221; font_container=&#8221;tag:h1|font_size:60|text_align:center|color:%2308242a&#8221; google_fonts=&#8221;font_family:Lato%3A100%2C100italic%2C300%2C300italic%2Cregular%2Citalic%2C700%2C700italic%2C900%2C900italic|font_style:900%20bold%20regular%3A900%3Anormal&#8221; css=&#8221;.vc_custom_1583861964365{margin-top: 0px !important;margin-bottom: 0px !important;padding-top: 0px !important;padding-bottom: 0px !important;}&#8221;][\/vc_column][\/vc_row][\/vc_section][vc_section css=&#8221;.vc_custom_1583862490311{margin-bottom: 120px !important;padding-top: 0px !important;padding-bottom: 0px !important;}&#8221;][vc_row gap=&#8221;35&#8243; css=&#8221;.vc_custom_1583862469440{padding-top: 20px !important;padding-right: 20px !important;padding-bottom: 20px !important;padding-left: 20px !important;}&#8221;][vc_column][vc_custom_heading text=&#8221;Che prodotti personalizzate?&#8221; font_container=&#8221;tag:h4|font_size:20|text_align:left|color:%2308242a&#8221; google_fonts=&#8221;font_family:Lato%3A100%2C100italic%2C300%2C300italic%2Cregular%2Citalic%2C700%2C700italic%2C900%2C900italic|font_style:900%20bold%20regular%3A900%3Anormal&#8221; css=&#8221;.vc_custom_1583883561231{margin-top: 0px !important;margin-bottom: 0px !important;padding-top: 0px !important;padding-bottom: 20px !important;}&#8221;]<div id=\"basel-5e682554de259\" class=\"basel-text-block-wrapper  basel-text-block-size-default basel-text-block-width-100 color-scheme-dark text-left vc_custom_1583883613891\"><div class=\"basel-text-block  font-text basel-font-weight-400\">Con le nostre stampanti digitali possiamo personalizzare <strong>t-shirt, felpe, canotte, shopping bag<\/strong> e pi\u00f9 in generale prodotti in tessuto.<br \/>\nSi tratta di prodotti che vendiamo in negozio e che dunque possono essere visionati e provati al momento dell&#8217;ordine.<br \/>\nCon altre tecniche, possiamo personalizzare anche i <strong>cappellini<\/strong>.<\/div><\/div>[\/vc_column][\/vc_row][vc_row gap=&#8221;35&#8243; css=&#8221;.vc_custom_1583862469440{padding-top: 20px !important;padding-right: 20px !important;padding-bottom: 20px !important;padding-left: 20px !important;}&#8221;][vc_column][vc_custom_heading text=&#8221;Cosa posso stampare in Pixel?&#8221; font_container=&#8221;tag:h4|font_size:20|text_align:left|color:%2308242a&#8221; google_fonts=&#8221;font_family:Lato%3A100%2C100italic%2C300%2C300italic%2Cregular%2Citalic%2C700%2C700italic%2C900%2C900italic|font_style:900%20bold%20regular%3A900%3Anormal&#8221; css=&#8221;.vc_custom_1583883647183{margin-top: 0px !important;margin-bottom: 0px !important;padding-top: 0px !important;padding-bottom: 20px !important;}&#8221;]<div id=\"basel-5e682580a47a5\" class=\"basel-text-block-wrapper  basel-text-block-size-default basel-text-block-width-100 color-scheme-dark text-left vc_custom_1583883669409\"><div class=\"basel-text-block  font-text basel-font-weight-400\">E&#8217; possibile stampare qualsiasi immagine digitale che presenti sufficiente qualit\u00e0 grafica.<br \/>\nIl formato dell&#8217;immagine deve essere <strong>.JPEG<\/strong> oppure <strong>.PNG<\/strong>. E&#8217; possibile stampare anche fotografie scattate con fotocamera.<br \/>\n<strong>E&#8217; importante che il cliente ci porti l&#8217;immagine da stampare su chiavetta USB.<\/strong><\/div><\/div>[\/vc_column][\/vc_row][vc_row gap=&#8221;35&#8243; css=&#8221;.vc_custom_1583862469440{padding-top: 20px !important;padding-right: 20px !important;padding-bottom: 20px !important;padding-left: 20px !important;}&#8221;][vc_column][vc_custom_heading text=&#8221;Se non ho un mio file, avete immagini proporre?&#8221; font_container=&#8221;tag:h4|font_size:20|text_align:left|color:%2308242a&#8221; google_fonts=&#8221;font_family:Lato%3A100%2C100italic%2C300%2C300italic%2Cregular%2Citalic%2C700%2C700italic%2C900%2C900italic|font_style:900%20bold%20regular%3A900%3Anormal&#8221; css=&#8221;.vc_custom_1583883842686{margin-top: 0px !important;margin-bottom: 0px !important;padding-top: 0px !important;padding-bottom: 20px !important;}&#8221;]<div id=\"basel-5e6826440f22a\" class=\"basel-text-block-wrapper  basel-text-block-size-default basel-text-block-width-100 color-scheme-dark text-left vc_custom_1583883852257\"><div class=\"basel-text-block  font-text basel-font-weight-400\">S\u00ec, Pixel fornisce diversi cataloghi di grafiche create da professionisti che il cliente pu\u00f2 scegliere senza costi aggiuntivi.<\/div><\/div>[\/vc_column][\/vc_row][vc_row gap=&#8221;35&#8243; css=&#8221;.vc_custom_1583862469440{padding-top: 20px !important;padding-right: 20px !important;padding-bottom: 20px !important;padding-left: 20px !important;}&#8221;][vc_column][vc_custom_heading text=&#8221;E&#8217; richiesto un quantitativo d&#8217;ordine minimo?&#8221; font_container=&#8221;tag:h4|font_size:20|text_align:left|color:%2308242a&#8221; google_fonts=&#8221;font_family:Lato%3A100%2C100italic%2C300%2C300italic%2Cregular%2Citalic%2C700%2C700italic%2C900%2C900italic|font_style:900%20bold%20regular%3A900%3Anormal&#8221; css=&#8221;.vc_custom_1583883861500{margin-top: 0px !important;margin-bottom: 0px !important;padding-top: 0px !important;padding-bottom: 20px !important;}&#8221;]<div id=\"basel-5e6826595cda2\" class=\"basel-text-block-wrapper  basel-text-block-size-default basel-text-block-width-100 color-scheme-dark text-left vc_custom_1583883867370\"><div class=\"basel-text-block  font-text basel-font-weight-400\">No, il cliente pu\u00f2 stampare anche solo una 1 maglietta, o 1 felpa ecc&#8230;.<\/div><\/div>[\/vc_column][\/vc_row][vc_row gap=&#8221;35&#8243; css=&#8221;.vc_custom_1583862469440{padding-top: 20px !important;padding-right: 20px !important;padding-bottom: 20px !important;padding-left: 20px !important;}&#8221;][vc_column][vc_custom_heading text=&#8221;Quanto costa una realizzazione?&#8221; font_container=&#8221;tag:h4|font_size:20|text_align:left|color:%2308242a&#8221; google_fonts=&#8221;font_family:Lato%3A100%2C100italic%2C300%2C300italic%2Cregular%2Citalic%2C700%2C700italic%2C900%2C900italic|font_style:900%20bold%20regular%3A900%3Anormal&#8221; css=&#8221;.vc_custom_1698065464058{margin-top: 0px !important;margin-bottom: 0px !important;padding-top: 0px !important;padding-bottom: 20px !important;}&#8221;]<div id=\"basel-65449b0a674f2\" class=\"basel-text-block-wrapper  basel-text-block-size-default basel-text-block-width-100 color-scheme-dark text-left vc_custom_1698994966777\"><div class=\"basel-text-block  font-text basel-font-weight-400\">Prezzi per il singolo pezzo:<br \/>\nMaglietta con 1 stampa 18,00 \u20ac &#8211; Felpa con 1 stampa 40,00 \u20ac &#8211; Polo con una stampa 22,00 \u20ac &#8211; Tote Bag con una stampa 13,50 \u20ac &#8211; Zainetto con una stampa 15,00 \u20ac<br \/>\nNB: in base al numero di pezzi richiesti, alla tecnica utilizzata, e una volta visto ci\u00f2 che dobbiamo realizzare, effettueremo degli sconti.<\/div><\/div>[\/vc_column][\/vc_row][vc_row gap=&#8221;35&#8243; css=&#8221;.vc_custom_1583862469440{padding-top: 20px !important;padding-right: 20px !important;padding-bottom: 20px !important;padding-left: 20px !important;}&#8221;][vc_column][vc_custom_heading text=&#8221;Effettuate elaborazioni grafiche particolari, su richiesta del cliente?&#8221; font_container=&#8221;tag:h4|font_size:20|text_align:left|color:%2308242a&#8221; google_fonts=&#8221;font_family:Lato%3A100%2C100italic%2C300%2C300italic%2Cregular%2Citalic%2C700%2C700italic%2C900%2C900italic|font_style:900%20bold%20regular%3A900%3Anormal&#8221; css=&#8221;.vc_custom_1583883877092{margin-top: 0px !important;margin-bottom: 0px !important;padding-top: 0px !important;padding-bottom: 20px !important;}&#8221;]<div id=\"basel-64537383057c6\" class=\"basel-text-block-wrapper  basel-text-block-size-default basel-text-block-width-100 color-scheme-dark text-left vc_custom_1683190665486\"><div class=\"basel-text-block  font-text basel-font-weight-400\">No, \u00e8 un servizio che non \u00e8 previsto. Se \u00e8 necessaria la creazione di un file grafico, suggeriamo di rivolgersi direttamente a studi grafici che svolgono questo lavoro.<\/div><\/div>[\/vc_column][\/vc_row][vc_row gap=&#8221;35&#8243; css=&#8221;.vc_custom_1583862469440{padding-top: 20px !important;padding-right: 20px !important;padding-bottom: 20px !important;padding-left: 20px !important;}&#8221;][vc_column][vc_custom_heading text=&#8221;Quanto tempo serve per avere un capo personalizzato?&#8221; font_container=&#8221;tag:h4|font_size:20|text_align:left|color:%2308242a&#8221; google_fonts=&#8221;font_family:Lato%3A100%2C100italic%2C300%2C300italic%2Cregular%2Citalic%2C700%2C700italic%2C900%2C900italic|font_style:900%20bold%20regular%3A900%3Anormal&#8221; css=&#8221;.vc_custom_1583883893885{margin-top: 0px !important;margin-bottom: 0px !important;padding-top: 0px !important;padding-bottom: 20px !important;}&#8221;]<div id=\"basel-64537391ea5e5\" class=\"basel-text-block-wrapper  basel-text-block-size-default basel-text-block-width-100 color-scheme-dark text-left vc_custom_1683190682416\"><div class=\"basel-text-block  font-text basel-font-weight-400\">Dal momento dell&#8217;ordine, se il file va bene ed abbiamo in negozio il prodotto desiderato, la maglietta sar\u00e0 pronta in 1-2 giorni lavorativi.<br \/>\nSe il prodotto mancasse (es. se serve una felpa fucsia taglia XL ed in negozio \u00e8 terminata), servir\u00e0 qualche giorno in pi\u00f9 per consentirci di ordinarla.<\/div><\/div>[\/vc_column][\/vc_row][vc_row gap=&#8221;35&#8243; css=&#8221;.vc_custom_1583862469440{padding-top: 20px !important;padding-right: 20px !important;padding-bottom: 20px !important;padding-left: 20px !important;}&#8221;][vc_column][vc_custom_heading text=&#8221;Posso portare un mio capo?&#8221; font_container=&#8221;tag:h4|font_size:20|text_align:left|color:%2308242a&#8221; google_fonts=&#8221;font_family:Lato%3A100%2C100italic%2C300%2C300italic%2Cregular%2Citalic%2C700%2C700italic%2C900%2C900italic|font_style:900%20bold%20regular%3A900%3Anormal&#8221; css=&#8221;.vc_custom_1583884039354{margin-top: 0px !important;margin-bottom: 0px !important;padding-top: 0px !important;padding-bottom: 20px !important;}&#8221;]<div id=\"basel-5e68271d02f81\" class=\"basel-text-block-wrapper  basel-text-block-size-default basel-text-block-width-100 color-scheme-dark text-left vc_custom_1583884081459\"><div class=\"basel-text-block  font-text basel-font-weight-400\">Il cliente ci pu\u00f2 portare magliette o felpe, l&#8217;importante \u00e8 che rispettano requisiti fondamentali:<br \/>\n&#8211; il tessuto deve essere <strong>100% cotone<\/strong><br \/>\n&#8211; il capo deve essere <strong>nuovo<\/strong>, quindi mai indossato<br \/>\n&#8211; il capo non deve essere stato lavato<br \/>\n&#8211; non deve avere cerniere, cuciture e\/o tasche particolari<\/div><\/div>[\/vc_column][\/vc_row][vc_row gap=&#8221;35&#8243; css=&#8221;.vc_custom_1583862469440{padding-top: 20px !important;padding-right: 20px !important;padding-bottom: 20px !important;padding-left: 20px !important;}&#8221;][vc_column][vc_custom_heading text=&#8221;Info Prodotti&#8221; font_container=&#8221;tag:h4|font_size:20|text_align:left|color:%2308242a&#8221; google_fonts=&#8221;font_family:Lato%3A100%2C100italic%2C300%2C300italic%2Cregular%2Citalic%2C700%2C700italic%2C900%2C900italic|font_style:900%20bold%20regular%3A900%3Anormal&#8221; css=&#8221;.vc_custom_1583884116675{margin-top: 0px !important;margin-bottom: 0px !important;padding-top: 0px !important;padding-bottom: 20px !important;}&#8221;]<div id=\"basel-5e68275c33029\" class=\"basel-text-block-wrapper  basel-text-block-size-default basel-text-block-width-100 color-scheme-dark text-left vc_custom_1583884137102\"><div class=\"basel-text-block  font-text basel-font-weight-400\">Utilizziamo attrezzature estremamente evolute per garantire al cliente la massima qualit\u00e0. Vengono impiegati colori base di acqua, totalmente anallergici. La stampa penetra nel tessuto e il risultato \u00e8 sorprendente, tutte le tinte e le sfumature delle immagini vengono riprodotte con assoluta fedelt\u00e0. Tutte le nostre T-shirt, felpe e borse sono in cotone di ottima qualit\u00e0.<\/div><\/div>[\/vc_column][\/vc_row][vc_row gap=&#8221;35&#8243; css=&#8221;.vc_custom_1583862469440{padding-top: 20px !important;padding-right: 20px !important;padding-bottom: 20px !important;padding-left: 20px !important;}&#8221;][vc_column][vc_custom_heading text=&#8221;Che tipi di t-shirt\/felpe\/cappellini offrite al cliente?&#8221; font_container=&#8221;tag:h4|font_size:20|text_align:left|color:%2308242a&#8221; google_fonts=&#8221;font_family:Lato%3A100%2C100italic%2C300%2C300italic%2Cregular%2Citalic%2C700%2C700italic%2C900%2C900italic|font_style:900%20bold%20regular%3A900%3Anormal&#8221; css=&#8221;.vc_custom_1583884150931{margin-top: 0px !important;margin-bottom: 0px !important;padding-top: 0px !important;padding-bottom: 20px !important;}&#8221;]<div id=\"basel-5e68277850820\" class=\"basel-text-block-wrapper  basel-text-block-size-default basel-text-block-width-100 color-scheme-dark text-left vc_custom_1583884156878\"><div class=\"basel-text-block  font-text basel-font-weight-400\">Disponiamo di una vasta scelta di t-shirt e felpe, modelli da uomo, donna e bambino, in moltissimi colori e taglie che vanno dalla S alla XXXXXL. Tutti i nostri prodotti si distinguono per l&#8217;eccellente qualit\u00e0.<\/div><\/div>[\/vc_column][\/vc_row][vc_row gap=&#8221;35&#8243; css=&#8221;.vc_custom_1583862469440{padding-top: 20px !important;padding-right: 20px !important;padding-bottom: 20px !important;padding-left: 20px !important;}&#8221;][vc_column][vc_custom_heading text=&#8221;Devo sostenere un costo per l&#8217;avviamento macchine?&#8221; font_container=&#8221;tag:h4|font_size:20|text_align:left|color:%2308242a&#8221; google_fonts=&#8221;font_family:Lato%3A100%2C100italic%2C300%2C300italic%2Cregular%2Citalic%2C700%2C700italic%2C900%2C900italic|font_style:900%20bold%20regular%3A900%3Anormal&#8221; css=&#8221;.vc_custom_1583884165984{margin-top: 0px !important;margin-bottom: 0px !important;padding-top: 0px !important;padding-bottom: 20px !important;}&#8221;]<div id=\"basel-5e682789b787d\" class=\"basel-text-block-wrapper  basel-text-block-size-default basel-text-block-width-100 color-scheme-dark text-left vc_custom_1583884172563\"><div class=\"basel-text-block  font-text basel-font-weight-400\">No, il cliente non deve sostenere alcun costo per l&#8217;avviamento macchine.<\/div><\/div>[\/vc_column][\/vc_row][vc_row gap=&#8221;35&#8243; css=&#8221;.vc_custom_1583862469440{padding-top: 20px !important;padding-right: 20px !important;padding-bottom: 20px !important;padding-left: 20px !important;}&#8221;][vc_column][vc_custom_heading text=&#8221;Modalit\u00e0 di lavaggio&#8221; font_container=&#8221;tag:h4|font_size:20|text_align:left|color:%2308242a&#8221; google_fonts=&#8221;font_family:Lato%3A100%2C100italic%2C300%2C300italic%2Cregular%2Citalic%2C700%2C700italic%2C900%2C900italic|font_style:900%20bold%20regular%3A900%3Anormal&#8221; css=&#8221;.vc_custom_1583884200454{margin-top: 0px !important;margin-bottom: 0px !important;padding-top: 0px !important;padding-bottom: 20px !important;}&#8221;]<div id=\"basel-5e6827940bd64\" class=\"basel-text-block-wrapper  basel-text-block-size-default basel-text-block-width-100 color-scheme-dark text-left vc_custom_1583884191281\"><div class=\"basel-text-block  font-text basel-font-weight-400\">T-shirt, felpe, shopping bag e tutti gli altri prodotti stampati da Pixel possono essere lavati in lavatrice a 30\u00b0 rivoltati (per evitare lo sfregamento della stampa contro il cestello) e stirati sempre al contrario per evitare di danneggiare la stampa.Le maglie colorate sono pretrattate con un prodotto aggrappante atossico per il colore bianco i quali residui scompaiono dopo il primo lavaggio. Tutti i nostri prodotti non devono essere messi in asciugatrice.<\/div><\/div>[\/vc_column][\/vc_row][\/vc_section]<\/p>\n","protected":false},"excerpt":{"rendered":"<p>[vc_section css=&#8221;.vc_custom_1581817079228{margin-top: 0px !important;margin-bottom: 60px !important;padding-top: 0px !important;padding-bottom: 0px !important;}&#8221;][vc_row css=&#8221;.vc_custom_1581815113345{margin-bottom: 0px !important;}&#8221;][vc_column css=&#8221;.vc_custom_1583884754114{margin-top: 0px !important;margin-bottom: 0px !important;padding-top: 50px !important;padding-right:<\/p>\n","protected":false},"author":1,"featured_media":0,"parent":0,"menu_order":0,"comment_status":"closed","ping_status":"closed","template":"","meta":{"footnotes":""},"class_list":["post-164","page","type-page","status-publish","hentry"],"yoast_head":"<!-- This site is optimized with the Yoast SEO plugin v25.6 - https:\/\/yoast.com\/wordpress\/plugins\/seo\/ -->\n<title>Domande Frequenti - Pixel Brescia - Stampa T-Shirt, Felpe e Borse Personalizzate<\/title>\n<meta name=\"robots\" content=\"index, follow, max-snippet:-1, max-image-preview:large, max-video-preview:-1\" \/>\n<link rel=\"canonical\" href=\"https:\/\/officinapixel.net\/brescia\/domande-frequenti\/\" \/>\n<meta property=\"og:locale\" content=\"it_IT\" \/>\n<meta property=\"og:type\" content=\"article\" \/>\n<meta property=\"og:title\" content=\"Domande Frequenti - Pixel Brescia - Stampa T-Shirt, Felpe e Borse Personalizzate\" \/>\n<meta property=\"og:description\" content=\"[vc_section css=&#8221;.vc_custom_1581817079228{margin-top: 0px !important;margin-bottom: 60px !important;padding-top: 0px !important;padding-bottom: 0px !important;}&#8221;][vc_row css=&#8221;.vc_custom_1581815113345{margin-bottom: 0px !important;}&#8221;][vc_column css=&#8221;.vc_custom_1583884754114{margin-top: 0px !important;margin-bottom: 0px !important;padding-top: 50px !important;padding-right:\" \/>\n<meta property=\"og:url\" content=\"https:\/\/officinapixel.net\/brescia\/domande-frequenti\/\" \/>\n<meta property=\"og:site_name\" content=\"Pixel Brescia - Stampa T-Shirt, Felpe e Borse Personalizzate\" \/>\n<meta property=\"article:modified_time\" content=\"2023-11-03T07:02:50+00:00\" \/>\n<meta name=\"twitter:card\" content=\"summary_large_image\" \/>\n<meta name=\"twitter:label1\" content=\"Tempo di lettura stimato\" \/>\n\t<meta name=\"twitter:data1\" content=\"6 minuti\" \/>\n<script type=\"application\/ld+json\" class=\"yoast-schema-graph\">{\"@context\":\"https:\/\/schema.org\",\"@graph\":[{\"@type\":\"WebPage\",\"@id\":\"https:\/\/officinapixel.net\/brescia\/domande-frequenti\/\",\"url\":\"https:\/\/officinapixel.net\/brescia\/domande-frequenti\/\",\"name\":\"Domande Frequenti - Pixel Brescia - Stampa T-Shirt, Felpe e Borse Personalizzate\",\"isPartOf\":{\"@id\":\"https:\/\/officinapixel.net\/brescia\/#website\"},\"datePublished\":\"2020-03-26T02:28:26+00:00\",\"dateModified\":\"2023-11-03T07:02:50+00:00\",\"breadcrumb\":{\"@id\":\"https:\/\/officinapixel.net\/brescia\/domande-frequenti\/#breadcrumb\"},\"inLanguage\":\"it-IT\",\"potentialAction\":[{\"@type\":\"ReadAction\",\"target\":[\"https:\/\/officinapixel.net\/brescia\/domande-frequenti\/\"]}]},{\"@type\":\"BreadcrumbList\",\"@id\":\"https:\/\/officinapixel.net\/brescia\/domande-frequenti\/#breadcrumb\",\"itemListElement\":[{\"@type\":\"ListItem\",\"position\":1,\"name\":\"Home\",\"item\":\"https:\/\/officinapixel.net\/brescia\/\"},{\"@type\":\"ListItem\",\"position\":2,\"name\":\"Domande Frequenti\"}]},{\"@type\":\"WebSite\",\"@id\":\"https:\/\/officinapixel.net\/brescia\/#website\",\"url\":\"https:\/\/officinapixel.net\/brescia\/\",\"name\":\"Pixel Brescia - Stampa T-Shirt, Felpe e Borse Personalizzate\",\"description\":\"\",\"potentialAction\":[{\"@type\":\"SearchAction\",\"target\":{\"@type\":\"EntryPoint\",\"urlTemplate\":\"https:\/\/officinapixel.net\/brescia\/?s={search_term_string}\"},\"query-input\":{\"@type\":\"PropertyValueSpecification\",\"valueRequired\":true,\"valueName\":\"search_term_string\"}}],\"inLanguage\":\"it-IT\"}]}<\/script>\n<!-- \/ Yoast SEO plugin. -->","yoast_head_json":{"title":"Domande Frequenti - Pixel Brescia - Stampa T-Shirt, Felpe e Borse Personalizzate","robots":{"index":"index","follow":"follow","max-snippet":"max-snippet:-1","max-image-preview":"max-image-preview:large","max-video-preview":"max-video-preview:-1"},"canonical":"https:\/\/officinapixel.net\/brescia\/domande-frequenti\/","og_locale":"it_IT","og_type":"article","og_title":"Domande Frequenti - Pixel Brescia - Stampa T-Shirt, Felpe e Borse Personalizzate","og_description":"[vc_section css=&#8221;.vc_custom_1581817079228{margin-top: 0px !important;margin-bottom: 60px !important;padding-top: 0px !important;padding-bottom: 0px !important;}&#8221;][vc_row css=&#8221;.vc_custom_1581815113345{margin-bottom: 0px !important;}&#8221;][vc_column css=&#8221;.vc_custom_1583884754114{margin-top: 0px !important;margin-bottom: 0px !important;padding-top: 50px !important;padding-right:","og_url":"https:\/\/officinapixel.net\/brescia\/domande-frequenti\/","og_site_name":"Pixel Brescia - Stampa T-Shirt, Felpe e Borse Personalizzate","article_modified_time":"2023-11-03T07:02:50+00:00","twitter_card":"summary_large_image","twitter_misc":{"Tempo di lettura stimato":"6 minuti"},"schema":{"@context":"https:\/\/schema.org","@graph":[{"@type":"WebPage","@id":"https:\/\/officinapixel.net\/brescia\/domande-frequenti\/","url":"https:\/\/officinapixel.net\/brescia\/domande-frequenti\/","name":"Domande Frequenti - Pixel Brescia - Stampa T-Shirt, Felpe e Borse Personalizzate","isPartOf":{"@id":"https:\/\/officinapixel.net\/brescia\/#website"},"datePublished":"2020-03-26T02:28:26+00:00","dateModified":"2023-11-03T07:02:50+00:00","breadcrumb":{"@id":"https:\/\/officinapixel.net\/brescia\/domande-frequenti\/#breadcrumb"},"inLanguage":"it-IT","potentialAction":[{"@type":"ReadAction","target":["https:\/\/officinapixel.net\/brescia\/domande-frequenti\/"]}]},{"@type":"BreadcrumbList","@id":"https:\/\/officinapixel.net\/brescia\/domande-frequenti\/#breadcrumb","itemListElement":[{"@type":"ListItem","position":1,"name":"Home","item":"https:\/\/officinapixel.net\/brescia\/"},{"@type":"ListItem","position":2,"name":"Domande Frequenti"}]},{"@type":"WebSite","@id":"https:\/\/officinapixel.net\/brescia\/#website","url":"https:\/\/officinapixel.net\/brescia\/","name":"Pixel Brescia - Stampa T-Shirt, Felpe e Borse Personalizzate","description":"","potentialAction":[{"@type":"SearchAction","target":{"@type":"EntryPoint","urlTemplate":"https:\/\/officinapixel.net\/brescia\/?s={search_term_string}"},"query-input":{"@type":"PropertyValueSpecification","valueRequired":true,"valueName":"search_term_string"}}],"inLanguage":"it-IT"}]}},"_links":{"self":[{"href":"https:\/\/officinapixel.net\/brescia\/wp-json\/wp\/v2\/pages\/164","targetHints":{"allow":["GET"]}}],"collection":[{"href":"https:\/\/officinapixel.net\/brescia\/wp-json\/wp\/v2\/pages"}],"about":[{"href":"https:\/\/officinapixel.net\/brescia\/wp-json\/wp\/v2\/types\/page"}],"author":[{"embeddable":true,"href":"https:\/\/officinapixel.net\/brescia\/wp-json\/wp\/v2\/users\/1"}],"replies":[{"embeddable":true,"href":"https:\/\/officinapixel.net\/brescia\/wp-json\/wp\/v2\/comments?post=164"}],"version-history":[{"count":11,"href":"https:\/\/officinapixel.net\/brescia\/wp-json\/wp\/v2\/pages\/164\/revisions"}],"predecessor-version":[{"id":1198,"href":"https:\/\/officinapixel.net\/brescia\/wp-json\/wp\/v2\/pages\/164\/revisions\/1198"}],"wp:attachment":[{"href":"https:\/\/officinapixel.net\/brescia\/wp-json\/wp\/v2\/media?parent=164"}],"curies":[{"name":"wp","href":"https:\/\/api.w.org\/{rel}","templated":true}]}}