{"id":31366,"date":"2024-12-13T11:24:08","date_gmt":"2024-12-13T10:24:08","guid":{"rendered":"https:\/\/officinapixel.net\/brescia-pixel-sucks\/?post_type=product&#038;p=31366"},"modified":"2026-03-30T16:20:36","modified_gmt":"2026-03-30T14:20:36","slug":"maglia-no-spritz-just-pirlo-bianca","status":"publish","type":"product","link":"https:\/\/officinapixel.net\/brescia-pixel-sucks\/prodotto\/maglia-no-spritz-just-pirlo-bianca\/","title":{"rendered":"Maglia NO SPRITZ JUST PIRLO BIANCA"},"content":{"rendered":"<p>T-Shirt UNISEX 100% cotone organico in conversion 180 g\/m\u00b2.<\/p>\n<p>Stampa digitale DTF sul cuore e sul retro.<\/p>\n<p>Modello UNISEX.<\/p>\n","protected":false},"excerpt":{"rendered":"<p>NO SPRITZ JUST PIRLO &#8211; Perch\u00e9 a Br\u00e8sa sa b\u00e8ff el Pirlo, mia &#8216;l Spritz!<\/p>\n<p>Recita cos\u00ec il motto dell&#8217;<a href=\"https:\/\/www.instagram.com\/osteriacrocebianca_brescia\/\" target=\"_blank\" rel=\"noopener noreferrer\">Osteria Croce Bianca<\/a>. Ed \u00e8 dalla collaborazione tra <a href=\"https:\/\/officinapixel.net\/brescia\/\" target=\"_blank\" rel=\"noopener noreferrer\">Pixel Brescia<\/a> ed Osteria che nascono queste felpe.<br \/>\nFelpa girocollo in french terry. 80% cotone, 20% poliestere.<\/p>\n","protected":false},"featured_media":31365,"comment_status":"open","ping_status":"closed","template":"","meta":[],"product_brand":[],"product_cat":[62],"product_tag":[16,125,162,50],"class_list":{"0":"post-31366","1":"product","2":"type-product","3":"status-publish","4":"has-post-thumbnail","6":"product_cat-felpe","7":"product_tag-brescia","8":"product_tag-felpe","9":"product_tag-no-spritz-just-pirlo","10":"product_tag-unisex","11":"pa_taglia-l","12":"pa_taglia-m","13":"pa_taglia-s","14":"pa_taglia-xl","15":"pa_taglia-xxl","16":"pa_taglia-xs","17":"pa_taglia-xxs","19":"first","20":"instock","21":"sale","22":"shipping-taxable","23":"purchasable","24":"product-type-variable"},"bundle_layout":"","bundle_add_to_cart_form_location":"","bundle_editable_in_cart":false,"bundle_sold_individually_context":"","bundle_item_grouping":"","bundle_min_size":"","bundle_max_size":"","bundled_by":[],"bundled_items":[],"yoast_head":"<!-- This site is optimized with the Yoast SEO plugin v25.6 - https:\/\/yoast.com\/wordpress\/plugins\/seo\/ -->\n<title>Maglia NO SPRITZ JUST PIRLO BIANCA - Pixel Sucks - Pixel Brescia<\/title>\n<meta name=\"description\" content=\"Maglia bianca, unisex, NO SPRITZ JUST PIRLO, made in Brescia, per omaggiare l&#039;aperitivo bresciano per eccellenza: il PIRLO.\" \/>\n<meta name=\"robots\" content=\"index, follow, max-snippet:-1, max-image-preview:large, max-video-preview:-1\" \/>\n<link rel=\"canonical\" href=\"https:\/\/officinapixel.net\/brescia-pixel-sucks\/prodotto\/maglia-no-spritz-just-pirlo-bianca\/\" \/>\n<meta property=\"og:locale\" content=\"it_IT\" \/>\n<meta property=\"og:type\" content=\"article\" \/>\n<meta property=\"og:title\" content=\"Maglia NO SPRITZ JUST PIRLO BIANCA - Pixel Sucks - Pixel Brescia\" \/>\n<meta property=\"og:description\" content=\"Maglia bianca, unisex, NO SPRITZ JUST PIRLO, made in Brescia, per omaggiare l&#039;aperitivo bresciano per eccellenza: il PIRLO.\" \/>\n<meta property=\"og:url\" content=\"https:\/\/officinapixel.net\/brescia-pixel-sucks\/prodotto\/maglia-no-spritz-just-pirlo-bianca\/\" \/>\n<meta property=\"og:site_name\" content=\"Pixel Sucks - Pixel Brescia\" \/>\n<meta property=\"article:publisher\" content=\"https:\/\/www.facebook.com\/pxlscks\" \/>\n<meta property=\"article:modified_time\" content=\"2026-03-30T14:20:36+00:00\" \/>\n<meta property=\"og:image\" content=\"https:\/\/officinapixel.net\/brescia-pixel-sucks\/wp-content\/uploads\/sites\/4\/2024\/12\/NSJPB.jpg\" \/>\n\t<meta property=\"og:image:width\" content=\"1500\" \/>\n\t<meta property=\"og:image:height\" content=\"1500\" \/>\n\t<meta property=\"og:image:type\" content=\"image\/jpeg\" \/>\n<meta name=\"twitter:card\" content=\"summary_large_image\" \/>\n<meta name=\"twitter:label1\" content=\"Tempo di lettura stimato\" \/>\n\t<meta name=\"twitter:data1\" content=\"1 minuto\" \/>\n<script type=\"application\/ld+json\" class=\"yoast-schema-graph\">{\"@context\":\"https:\/\/schema.org\",\"@graph\":[{\"@type\":\"WebPage\",\"@id\":\"https:\/\/officinapixel.net\/brescia-pixel-sucks\/prodotto\/maglia-no-spritz-just-pirlo-bianca\/\",\"url\":\"https:\/\/officinapixel.net\/brescia-pixel-sucks\/prodotto\/maglia-no-spritz-just-pirlo-bianca\/\",\"name\":\"Maglia NO SPRITZ JUST PIRLO BIANCA - Pixel Sucks - Pixel Brescia\",\"isPartOf\":{\"@id\":\"https:\/\/officinapixel.net\/brescia-pixel-sucks\/#website\"},\"primaryImageOfPage\":{\"@id\":\"https:\/\/officinapixel.net\/brescia-pixel-sucks\/prodotto\/maglia-no-spritz-just-pirlo-bianca\/#primaryimage\"},\"image\":{\"@id\":\"https:\/\/officinapixel.net\/brescia-pixel-sucks\/prodotto\/maglia-no-spritz-just-pirlo-bianca\/#primaryimage\"},\"thumbnailUrl\":\"https:\/\/officinapixel.net\/brescia-pixel-sucks\/wp-content\/uploads\/sites\/4\/2024\/12\/NSJPB.jpg\",\"datePublished\":\"2024-12-13T10:24:08+00:00\",\"dateModified\":\"2026-03-30T14:20:36+00:00\",\"description\":\"Maglia bianca, unisex, NO SPRITZ JUST PIRLO, made in Brescia, per omaggiare l'aperitivo bresciano per eccellenza: il PIRLO.\",\"breadcrumb\":{\"@id\":\"https:\/\/officinapixel.net\/brescia-pixel-sucks\/prodotto\/maglia-no-spritz-just-pirlo-bianca\/#breadcrumb\"},\"inLanguage\":\"it-IT\",\"potentialAction\":[{\"@type\":\"ReadAction\",\"target\":[\"https:\/\/officinapixel.net\/brescia-pixel-sucks\/prodotto\/maglia-no-spritz-just-pirlo-bianca\/\"]}]},{\"@type\":\"ImageObject\",\"inLanguage\":\"it-IT\",\"@id\":\"https:\/\/officinapixel.net\/brescia-pixel-sucks\/prodotto\/maglia-no-spritz-just-pirlo-bianca\/#primaryimage\",\"url\":\"https:\/\/officinapixel.net\/brescia-pixel-sucks\/wp-content\/uploads\/sites\/4\/2024\/12\/NSJPB.jpg\",\"contentUrl\":\"https:\/\/officinapixel.net\/brescia-pixel-sucks\/wp-content\/uploads\/sites\/4\/2024\/12\/NSJPB.jpg\",\"width\":1500,\"height\":1500},{\"@type\":\"BreadcrumbList\",\"@id\":\"https:\/\/officinapixel.net\/brescia-pixel-sucks\/prodotto\/maglia-no-spritz-just-pirlo-bianca\/#breadcrumb\",\"itemListElement\":[{\"@type\":\"ListItem\",\"position\":1,\"name\":\"Home\",\"item\":\"https:\/\/officinapixel.net\/brescia-pixel-sucks\/\"},{\"@type\":\"ListItem\",\"position\":2,\"name\":\"Shop\",\"item\":\"https:\/\/officinapixel.net\/brescia-pixel-sucks\/negozio\/\"},{\"@type\":\"ListItem\",\"position\":3,\"name\":\"Maglia NO SPRITZ JUST PIRLO BIANCA\"}]},{\"@type\":\"WebSite\",\"@id\":\"https:\/\/officinapixel.net\/brescia-pixel-sucks\/#website\",\"url\":\"https:\/\/officinapixel.net\/brescia-pixel-sucks\/\",\"name\":\"Pixel Sucks - Pixel Brescia\",\"description\":\"\",\"publisher\":{\"@id\":\"https:\/\/officinapixel.net\/brescia-pixel-sucks\/#organization\"},\"potentialAction\":[{\"@type\":\"SearchAction\",\"target\":{\"@type\":\"EntryPoint\",\"urlTemplate\":\"https:\/\/officinapixel.net\/brescia-pixel-sucks\/?s={search_term_string}\"},\"query-input\":{\"@type\":\"PropertyValueSpecification\",\"valueRequired\":true,\"valueName\":\"search_term_string\"}}],\"inLanguage\":\"it-IT\"},{\"@type\":\"Organization\",\"@id\":\"https:\/\/officinapixel.net\/brescia-pixel-sucks\/#organization\",\"name\":\"Pixel Sucks\",\"url\":\"https:\/\/officinapixel.net\/brescia-pixel-sucks\/\",\"logo\":{\"@type\":\"ImageObject\",\"inLanguage\":\"it-IT\",\"@id\":\"https:\/\/officinapixel.net\/brescia-pixel-sucks\/#\/schema\/logo\/image\/\",\"url\":\"https:\/\/officinapixel.net\/brescia-pixel-sucks\/wp-content\/uploads\/sites\/4\/2020\/04\/logo_sucks_arancioX1.png\",\"contentUrl\":\"https:\/\/officinapixel.net\/brescia-pixel-sucks\/wp-content\/uploads\/sites\/4\/2020\/04\/logo_sucks_arancioX1.png\",\"width\":250,\"height\":75,\"caption\":\"Pixel Sucks\"},\"image\":{\"@id\":\"https:\/\/officinapixel.net\/brescia-pixel-sucks\/#\/schema\/logo\/image\/\"},\"sameAs\":[\"https:\/\/www.facebook.com\/pxlscks\",\"https:\/\/www.instagram.com\/pixel.sucks\/\"]}]}<\/script>\n<!-- \/ Yoast SEO plugin. -->","yoast_head_json":{"title":"Maglia NO SPRITZ JUST PIRLO BIANCA - Pixel Sucks - Pixel Brescia","description":"Maglia bianca, unisex, NO SPRITZ JUST PIRLO, made in Brescia, per omaggiare l'aperitivo bresciano per eccellenza: il PIRLO.","robots":{"index":"index","follow":"follow","max-snippet":"max-snippet:-1","max-image-preview":"max-image-preview:large","max-video-preview":"max-video-preview:-1"},"canonical":"https:\/\/officinapixel.net\/brescia-pixel-sucks\/prodotto\/maglia-no-spritz-just-pirlo-bianca\/","og_locale":"it_IT","og_type":"article","og_title":"Maglia NO SPRITZ JUST PIRLO BIANCA - Pixel Sucks - Pixel Brescia","og_description":"Maglia bianca, unisex, NO SPRITZ JUST PIRLO, made in Brescia, per omaggiare l'aperitivo bresciano per eccellenza: il PIRLO.","og_url":"https:\/\/officinapixel.net\/brescia-pixel-sucks\/prodotto\/maglia-no-spritz-just-pirlo-bianca\/","og_site_name":"Pixel Sucks - Pixel Brescia","article_publisher":"https:\/\/www.facebook.com\/pxlscks","article_modified_time":"2026-03-30T14:20:36+00:00","og_image":[{"width":1500,"height":1500,"url":"https:\/\/officinapixel.net\/brescia-pixel-sucks\/wp-content\/uploads\/sites\/4\/2024\/12\/NSJPB.jpg","type":"image\/jpeg"}],"twitter_card":"summary_large_image","twitter_misc":{"Tempo di lettura stimato":"1 minuto"},"schema":{"@context":"https:\/\/schema.org","@graph":[{"@type":"WebPage","@id":"https:\/\/officinapixel.net\/brescia-pixel-sucks\/prodotto\/maglia-no-spritz-just-pirlo-bianca\/","url":"https:\/\/officinapixel.net\/brescia-pixel-sucks\/prodotto\/maglia-no-spritz-just-pirlo-bianca\/","name":"Maglia NO SPRITZ JUST PIRLO BIANCA - Pixel Sucks - Pixel Brescia","isPartOf":{"@id":"https:\/\/officinapixel.net\/brescia-pixel-sucks\/#website"},"primaryImageOfPage":{"@id":"https:\/\/officinapixel.net\/brescia-pixel-sucks\/prodotto\/maglia-no-spritz-just-pirlo-bianca\/#primaryimage"},"image":{"@id":"https:\/\/officinapixel.net\/brescia-pixel-sucks\/prodotto\/maglia-no-spritz-just-pirlo-bianca\/#primaryimage"},"thumbnailUrl":"https:\/\/officinapixel.net\/brescia-pixel-sucks\/wp-content\/uploads\/sites\/4\/2024\/12\/NSJPB.jpg","datePublished":"2024-12-13T10:24:08+00:00","dateModified":"2026-03-30T14:20:36+00:00","description":"Maglia bianca, unisex, NO SPRITZ JUST PIRLO, made in Brescia, per omaggiare l'aperitivo bresciano per eccellenza: il PIRLO.","breadcrumb":{"@id":"https:\/\/officinapixel.net\/brescia-pixel-sucks\/prodotto\/maglia-no-spritz-just-pirlo-bianca\/#breadcrumb"},"inLanguage":"it-IT","potentialAction":[{"@type":"ReadAction","target":["https:\/\/officinapixel.net\/brescia-pixel-sucks\/prodotto\/maglia-no-spritz-just-pirlo-bianca\/"]}]},{"@type":"ImageObject","inLanguage":"it-IT","@id":"https:\/\/officinapixel.net\/brescia-pixel-sucks\/prodotto\/maglia-no-spritz-just-pirlo-bianca\/#primaryimage","url":"https:\/\/officinapixel.net\/brescia-pixel-sucks\/wp-content\/uploads\/sites\/4\/2024\/12\/NSJPB.jpg","contentUrl":"https:\/\/officinapixel.net\/brescia-pixel-sucks\/wp-content\/uploads\/sites\/4\/2024\/12\/NSJPB.jpg","width":1500,"height":1500},{"@type":"BreadcrumbList","@id":"https:\/\/officinapixel.net\/brescia-pixel-sucks\/prodotto\/maglia-no-spritz-just-pirlo-bianca\/#breadcrumb","itemListElement":[{"@type":"ListItem","position":1,"name":"Home","item":"https:\/\/officinapixel.net\/brescia-pixel-sucks\/"},{"@type":"ListItem","position":2,"name":"Shop","item":"https:\/\/officinapixel.net\/brescia-pixel-sucks\/negozio\/"},{"@type":"ListItem","position":3,"name":"Maglia NO SPRITZ JUST PIRLO BIANCA"}]},{"@type":"WebSite","@id":"https:\/\/officinapixel.net\/brescia-pixel-sucks\/#website","url":"https:\/\/officinapixel.net\/brescia-pixel-sucks\/","name":"Pixel Sucks - Pixel Brescia","description":"","publisher":{"@id":"https:\/\/officinapixel.net\/brescia-pixel-sucks\/#organization"},"potentialAction":[{"@type":"SearchAction","target":{"@type":"EntryPoint","urlTemplate":"https:\/\/officinapixel.net\/brescia-pixel-sucks\/?s={search_term_string}"},"query-input":{"@type":"PropertyValueSpecification","valueRequired":true,"valueName":"search_term_string"}}],"inLanguage":"it-IT"},{"@type":"Organization","@id":"https:\/\/officinapixel.net\/brescia-pixel-sucks\/#organization","name":"Pixel Sucks","url":"https:\/\/officinapixel.net\/brescia-pixel-sucks\/","logo":{"@type":"ImageObject","inLanguage":"it-IT","@id":"https:\/\/officinapixel.net\/brescia-pixel-sucks\/#\/schema\/logo\/image\/","url":"https:\/\/officinapixel.net\/brescia-pixel-sucks\/wp-content\/uploads\/sites\/4\/2020\/04\/logo_sucks_arancioX1.png","contentUrl":"https:\/\/officinapixel.net\/brescia-pixel-sucks\/wp-content\/uploads\/sites\/4\/2020\/04\/logo_sucks_arancioX1.png","width":250,"height":75,"caption":"Pixel Sucks"},"image":{"@id":"https:\/\/officinapixel.net\/brescia-pixel-sucks\/#\/schema\/logo\/image\/"},"sameAs":["https:\/\/www.facebook.com\/pxlscks","https:\/\/www.instagram.com\/pixel.sucks\/"]}]}},"_links":{"self":[{"href":"https:\/\/officinapixel.net\/brescia-pixel-sucks\/wp-json\/wp\/v2\/product\/31366","targetHints":{"allow":["GET"]}}],"collection":[{"href":"https:\/\/officinapixel.net\/brescia-pixel-sucks\/wp-json\/wp\/v2\/product"}],"about":[{"href":"https:\/\/officinapixel.net\/brescia-pixel-sucks\/wp-json\/wp\/v2\/types\/product"}],"replies":[{"embeddable":true,"href":"https:\/\/officinapixel.net\/brescia-pixel-sucks\/wp-json\/wp\/v2\/comments?post=31366"}],"wp:featuredmedia":[{"embeddable":true,"href":"https:\/\/officinapixel.net\/brescia-pixel-sucks\/wp-json\/wp\/v2\/media\/31365"}],"wp:attachment":[{"href":"https:\/\/officinapixel.net\/brescia-pixel-sucks\/wp-json\/wp\/v2\/media?parent=31366"}],"wp:term":[{"taxonomy":"product_brand","embeddable":true,"href":"https:\/\/officinapixel.net\/brescia-pixel-sucks\/wp-json\/wp\/v2\/product_brand?post=31366"},{"taxonomy":"product_cat","embeddable":true,"href":"https:\/\/officinapixel.net\/brescia-pixel-sucks\/wp-json\/wp\/v2\/product_cat?post=31366"},{"taxonomy":"product_tag","embeddable":true,"href":"https:\/\/officinapixel.net\/brescia-pixel-sucks\/wp-json\/wp\/v2\/product_tag?post=31366"}],"curies":[{"name":"wp","href":"https:\/\/api.w.org\/{rel}","templated":true}]}}