{"id":29747,"date":"2024-01-22T15:33:40","date_gmt":"2024-01-22T14:33:40","guid":{"rendered":"https:\/\/officinapixel.net\/brescia-pixel-sucks\/?post_type=product&#038;p=29747"},"modified":"2024-03-01T00:02:39","modified_gmt":"2024-02-29T23:02:39","slug":"manifesto-impresa-da-dio","status":"publish","type":"product","link":"https:\/\/officinapixel.net\/brescia-pixel-sucks\/prodotto\/manifesto-impresa-da-dio\/","title":{"rendered":"Manifesto &#8211; Un&#8217;impresa da Dio"},"content":{"rendered":"<p>Manifesto del film &#8220;Un&#8217;impresa da Dio&#8221;.<\/p>\n<p>Stampa su carta.<\/p>\n<p>F.to 140 x 100 cm ca.<\/p>\n","protected":false},"excerpt":{"rendered":"<p>Evan Baxter (Steve Carell) \u00e8 un giornalista televisivo che viene eletto al Senato degli Stati Uniti e chiede a Dio un aiuto per poter cambiare il mondo, convinto di essere stato scelto per un fine superiore. \u00a0 \u00a0 \u00a0 \u00a0 \u00a0 \u00a0 \u00a0 \u00a0 \u00a0 \u00a0 \u00a0 \u00a0 \u00a0 \u00a0 \u00a0 \u00a0 \u00a0 \u00a0 \u00a0 \u00a0 \u00a0 \u00a0 \u00a0 \u00a0 \u00a0 \u00a0 \u00a0 \u00a0 \u00a0 \u00a0 \u00a0 \u00a0 \u00a0 \u00a0 \u00a0 \u00a0 \u00a0 \u00a0 \u00a0 \u00a0 \u00a0 \u00a0 \u00a0 \u00a0 \u00a0 \u00a0 \u00a0 \u00a0 \u00a0 \u00a0 \u00a0 \u00a0 \u00a0 \u00a0 \u00a0 \u00a0 \u00a0 \u00a0 \u00a0 \u00a0Dio esaudisce il suo desiderio, ma non nel modo che lui pensava: Evan infatti \u00e8 stato scelto per costruire una gigantesca arca con lo scopo di mettere in salvo persone e animali da un imminente diluvio catastrofico. Novello No\u00e8, Evan rischia di perdere tutto e non sa pi\u00f9 a cosa credere, mentre il giorno della presunta catastrofe climatica si avvicina sempre di pi\u00f9&#8230;<\/p>\n<p>Film commedia del 2007, diretto da Tom Shadyac, con Steve Carell, Morgan Freeman, Lauren Graham, Johnny Simmons, Graham Phillips, Angela Martinez.<\/p>\n<p><span style=\"font-size: 14.4px\">Formato 140 x 100 cm.<\/span><\/p>\n<p><em>Poster originale proveniente da un cinema. Pu\u00f2 presentare segni di utilizzo, pieghe, nastro adesivo e piccoli buchi<\/em>.<\/p>\n","protected":false},"featured_media":29733,"comment_status":"open","ping_status":"closed","template":"","meta":[],"product_brand":[],"product_cat":[216],"product_tag":[285,218,217],"class_list":{"0":"post-29747","1":"product","2":"type-product","3":"status-publish","4":"has-post-thumbnail","6":"product_cat-locandine-e-poster","7":"product_tag-140-x-100","8":"product_tag-cinema","9":"product_tag-locandina","11":"first","12":"instock","13":"shipping-taxable","14":"purchasable","15":"product-type-simple"},"bundle_layout":"","bundle_add_to_cart_form_location":"","bundle_editable_in_cart":false,"bundle_sold_individually_context":"","bundle_item_grouping":"","bundle_min_size":"","bundle_max_size":"","bundled_by":[],"bundled_items":[],"yoast_head":"<!-- This site is optimized with the Yoast SEO plugin v27.5 - https:\/\/yoast.com\/product\/yoast-seo-wordpress\/ -->\n<title>Manifesto - Un&#039;impresa da Dio - Pixel Sucks - Pixel Brescia<\/title>\n<meta name=\"description\" content=\"Manifesto originale del film &quot;un&#039;impresa da dio &quot; un film del 2007 diretto da Tom Shadyac con Steve Carell e Morgan Freeman. Formato 100 x 140 cm circa.\" \/>\n<meta name=\"robots\" content=\"index, follow, max-snippet:-1, max-image-preview:large, max-video-preview:-1\" \/>\n<link rel=\"canonical\" href=\"https:\/\/officinapixel.net\/brescia-pixel-sucks\/prodotto\/manifesto-impresa-da-dio\/\" \/>\n<meta property=\"og:locale\" content=\"it_IT\" \/>\n<meta property=\"og:type\" content=\"article\" \/>\n<meta property=\"og:title\" content=\"Manifesto - Un&#039;impresa da Dio - Pixel Sucks - Pixel Brescia\" \/>\n<meta property=\"og:description\" content=\"Manifesto originale del film &quot;un&#039;impresa da dio &quot; un film del 2007 diretto da Tom Shadyac con Steve Carell e Morgan Freeman. Formato 100 x 140 cm circa.\" \/>\n<meta property=\"og:url\" content=\"https:\/\/officinapixel.net\/brescia-pixel-sucks\/prodotto\/manifesto-impresa-da-dio\/\" \/>\n<meta property=\"og:site_name\" content=\"Pixel Sucks - Pixel Brescia\" \/>\n<meta property=\"article:publisher\" content=\"https:\/\/www.facebook.com\/pxlscks\" \/>\n<meta property=\"article:modified_time\" content=\"2024-02-29T23:02:39+00:00\" \/>\n<meta property=\"og:image\" content=\"https:\/\/officinapixel.net\/brescia-pixel-sucks\/wp-content\/uploads\/sites\/4\/2024\/01\/UNIMPRESA-DA-DIO.jpg\" \/>\n\t<meta property=\"og:image:width\" content=\"1500\" \/>\n\t<meta property=\"og:image:height\" content=\"1500\" \/>\n\t<meta property=\"og:image:type\" content=\"image\/jpeg\" \/>\n<meta name=\"twitter:card\" content=\"summary_large_image\" \/>\n<meta name=\"twitter:label1\" content=\"Tempo di lettura stimato\" \/>\n\t<meta name=\"twitter:data1\" content=\"1 minuto\" \/>\n<script type=\"application\/ld+json\" class=\"yoast-schema-graph\">{\"@context\":\"https:\\\/\\\/schema.org\",\"@graph\":[{\"@type\":\"WebPage\",\"@id\":\"https:\\\/\\\/officinapixel.net\\\/brescia-pixel-sucks\\\/prodotto\\\/manifesto-impresa-da-dio\\\/\",\"url\":\"https:\\\/\\\/officinapixel.net\\\/brescia-pixel-sucks\\\/prodotto\\\/manifesto-impresa-da-dio\\\/\",\"name\":\"Manifesto - Un'impresa da Dio - Pixel Sucks - Pixel Brescia\",\"isPartOf\":{\"@id\":\"https:\\\/\\\/officinapixel.net\\\/brescia-pixel-sucks\\\/#website\"},\"primaryImageOfPage\":{\"@id\":\"https:\\\/\\\/officinapixel.net\\\/brescia-pixel-sucks\\\/prodotto\\\/manifesto-impresa-da-dio\\\/#primaryimage\"},\"image\":{\"@id\":\"https:\\\/\\\/officinapixel.net\\\/brescia-pixel-sucks\\\/prodotto\\\/manifesto-impresa-da-dio\\\/#primaryimage\"},\"thumbnailUrl\":\"https:\\\/\\\/officinapixel.net\\\/brescia-pixel-sucks\\\/wp-content\\\/uploads\\\/sites\\\/4\\\/2024\\\/01\\\/UNIMPRESA-DA-DIO.jpg\",\"datePublished\":\"2024-01-22T14:33:40+00:00\",\"dateModified\":\"2024-02-29T23:02:39+00:00\",\"description\":\"Manifesto originale del film \\\"un'impresa da dio \\\" un film del 2007 diretto da Tom Shadyac con Steve Carell e Morgan Freeman. Formato 100 x 140 cm circa.\",\"breadcrumb\":{\"@id\":\"https:\\\/\\\/officinapixel.net\\\/brescia-pixel-sucks\\\/prodotto\\\/manifesto-impresa-da-dio\\\/#breadcrumb\"},\"inLanguage\":\"it-IT\",\"potentialAction\":[{\"@type\":\"ReadAction\",\"target\":[\"https:\\\/\\\/officinapixel.net\\\/brescia-pixel-sucks\\\/prodotto\\\/manifesto-impresa-da-dio\\\/\"]}]},{\"@type\":\"ImageObject\",\"inLanguage\":\"it-IT\",\"@id\":\"https:\\\/\\\/officinapixel.net\\\/brescia-pixel-sucks\\\/prodotto\\\/manifesto-impresa-da-dio\\\/#primaryimage\",\"url\":\"https:\\\/\\\/officinapixel.net\\\/brescia-pixel-sucks\\\/wp-content\\\/uploads\\\/sites\\\/4\\\/2024\\\/01\\\/UNIMPRESA-DA-DIO.jpg\",\"contentUrl\":\"https:\\\/\\\/officinapixel.net\\\/brescia-pixel-sucks\\\/wp-content\\\/uploads\\\/sites\\\/4\\\/2024\\\/01\\\/UNIMPRESA-DA-DIO.jpg\",\"width\":1500,\"height\":1500},{\"@type\":\"BreadcrumbList\",\"@id\":\"https:\\\/\\\/officinapixel.net\\\/brescia-pixel-sucks\\\/prodotto\\\/manifesto-impresa-da-dio\\\/#breadcrumb\",\"itemListElement\":[{\"@type\":\"ListItem\",\"position\":1,\"name\":\"Home\",\"item\":\"https:\\\/\\\/officinapixel.net\\\/brescia-pixel-sucks\\\/\"},{\"@type\":\"ListItem\",\"position\":2,\"name\":\"Shop\",\"item\":\"https:\\\/\\\/officinapixel.net\\\/brescia-pixel-sucks\\\/negozio\\\/\"},{\"@type\":\"ListItem\",\"position\":3,\"name\":\"Manifesto &#8211; Un&#8217;impresa da Dio\"}]},{\"@type\":\"WebSite\",\"@id\":\"https:\\\/\\\/officinapixel.net\\\/brescia-pixel-sucks\\\/#website\",\"url\":\"https:\\\/\\\/officinapixel.net\\\/brescia-pixel-sucks\\\/\",\"name\":\"Pixel Sucks - Pixel Brescia\",\"description\":\"\",\"publisher\":{\"@id\":\"https:\\\/\\\/officinapixel.net\\\/brescia-pixel-sucks\\\/#organization\"},\"potentialAction\":[{\"@type\":\"SearchAction\",\"target\":{\"@type\":\"EntryPoint\",\"urlTemplate\":\"https:\\\/\\\/officinapixel.net\\\/brescia-pixel-sucks\\\/?s={search_term_string}\"},\"query-input\":{\"@type\":\"PropertyValueSpecification\",\"valueRequired\":true,\"valueName\":\"search_term_string\"}}],\"inLanguage\":\"it-IT\"},{\"@type\":\"Organization\",\"@id\":\"https:\\\/\\\/officinapixel.net\\\/brescia-pixel-sucks\\\/#organization\",\"name\":\"Pixel Sucks\",\"url\":\"https:\\\/\\\/officinapixel.net\\\/brescia-pixel-sucks\\\/\",\"logo\":{\"@type\":\"ImageObject\",\"inLanguage\":\"it-IT\",\"@id\":\"https:\\\/\\\/officinapixel.net\\\/brescia-pixel-sucks\\\/#\\\/schema\\\/logo\\\/image\\\/\",\"url\":\"https:\\\/\\\/officinapixel.net\\\/brescia-pixel-sucks\\\/wp-content\\\/uploads\\\/sites\\\/4\\\/2020\\\/04\\\/logo_sucks_arancioX1.png\",\"contentUrl\":\"https:\\\/\\\/officinapixel.net\\\/brescia-pixel-sucks\\\/wp-content\\\/uploads\\\/sites\\\/4\\\/2020\\\/04\\\/logo_sucks_arancioX1.png\",\"width\":250,\"height\":75,\"caption\":\"Pixel Sucks\"},\"image\":{\"@id\":\"https:\\\/\\\/officinapixel.net\\\/brescia-pixel-sucks\\\/#\\\/schema\\\/logo\\\/image\\\/\"},\"sameAs\":[\"https:\\\/\\\/www.facebook.com\\\/pxlscks\",\"https:\\\/\\\/www.instagram.com\\\/pixel.sucks\\\/\"]}]}<\/script>\n<!-- \/ Yoast SEO plugin. -->","yoast_head_json":{"title":"Manifesto - Un'impresa da Dio - Pixel Sucks - Pixel Brescia","description":"Manifesto originale del film \"un'impresa da dio \" un film del 2007 diretto da Tom Shadyac con Steve Carell e Morgan Freeman. Formato 100 x 140 cm circa.","robots":{"index":"index","follow":"follow","max-snippet":"max-snippet:-1","max-image-preview":"max-image-preview:large","max-video-preview":"max-video-preview:-1"},"canonical":"https:\/\/officinapixel.net\/brescia-pixel-sucks\/prodotto\/manifesto-impresa-da-dio\/","og_locale":"it_IT","og_type":"article","og_title":"Manifesto - Un'impresa da Dio - Pixel Sucks - Pixel Brescia","og_description":"Manifesto originale del film \"un'impresa da dio \" un film del 2007 diretto da Tom Shadyac con Steve Carell e Morgan Freeman. Formato 100 x 140 cm circa.","og_url":"https:\/\/officinapixel.net\/brescia-pixel-sucks\/prodotto\/manifesto-impresa-da-dio\/","og_site_name":"Pixel Sucks - Pixel Brescia","article_publisher":"https:\/\/www.facebook.com\/pxlscks","article_modified_time":"2024-02-29T23:02:39+00:00","og_image":[{"width":1500,"height":1500,"url":"https:\/\/officinapixel.net\/brescia-pixel-sucks\/wp-content\/uploads\/sites\/4\/2024\/01\/UNIMPRESA-DA-DIO.jpg","type":"image\/jpeg"}],"twitter_card":"summary_large_image","twitter_misc":{"Tempo di lettura stimato":"1 minuto"},"schema":{"@context":"https:\/\/schema.org","@graph":[{"@type":"WebPage","@id":"https:\/\/officinapixel.net\/brescia-pixel-sucks\/prodotto\/manifesto-impresa-da-dio\/","url":"https:\/\/officinapixel.net\/brescia-pixel-sucks\/prodotto\/manifesto-impresa-da-dio\/","name":"Manifesto - Un'impresa da Dio - Pixel Sucks - Pixel Brescia","isPartOf":{"@id":"https:\/\/officinapixel.net\/brescia-pixel-sucks\/#website"},"primaryImageOfPage":{"@id":"https:\/\/officinapixel.net\/brescia-pixel-sucks\/prodotto\/manifesto-impresa-da-dio\/#primaryimage"},"image":{"@id":"https:\/\/officinapixel.net\/brescia-pixel-sucks\/prodotto\/manifesto-impresa-da-dio\/#primaryimage"},"thumbnailUrl":"https:\/\/officinapixel.net\/brescia-pixel-sucks\/wp-content\/uploads\/sites\/4\/2024\/01\/UNIMPRESA-DA-DIO.jpg","datePublished":"2024-01-22T14:33:40+00:00","dateModified":"2024-02-29T23:02:39+00:00","description":"Manifesto originale del film \"un'impresa da dio \" un film del 2007 diretto da Tom Shadyac con Steve Carell e Morgan Freeman. Formato 100 x 140 cm circa.","breadcrumb":{"@id":"https:\/\/officinapixel.net\/brescia-pixel-sucks\/prodotto\/manifesto-impresa-da-dio\/#breadcrumb"},"inLanguage":"it-IT","potentialAction":[{"@type":"ReadAction","target":["https:\/\/officinapixel.net\/brescia-pixel-sucks\/prodotto\/manifesto-impresa-da-dio\/"]}]},{"@type":"ImageObject","inLanguage":"it-IT","@id":"https:\/\/officinapixel.net\/brescia-pixel-sucks\/prodotto\/manifesto-impresa-da-dio\/#primaryimage","url":"https:\/\/officinapixel.net\/brescia-pixel-sucks\/wp-content\/uploads\/sites\/4\/2024\/01\/UNIMPRESA-DA-DIO.jpg","contentUrl":"https:\/\/officinapixel.net\/brescia-pixel-sucks\/wp-content\/uploads\/sites\/4\/2024\/01\/UNIMPRESA-DA-DIO.jpg","width":1500,"height":1500},{"@type":"BreadcrumbList","@id":"https:\/\/officinapixel.net\/brescia-pixel-sucks\/prodotto\/manifesto-impresa-da-dio\/#breadcrumb","itemListElement":[{"@type":"ListItem","position":1,"name":"Home","item":"https:\/\/officinapixel.net\/brescia-pixel-sucks\/"},{"@type":"ListItem","position":2,"name":"Shop","item":"https:\/\/officinapixel.net\/brescia-pixel-sucks\/negozio\/"},{"@type":"ListItem","position":3,"name":"Manifesto &#8211; Un&#8217;impresa da Dio"}]},{"@type":"WebSite","@id":"https:\/\/officinapixel.net\/brescia-pixel-sucks\/#website","url":"https:\/\/officinapixel.net\/brescia-pixel-sucks\/","name":"Pixel Sucks - Pixel Brescia","description":"","publisher":{"@id":"https:\/\/officinapixel.net\/brescia-pixel-sucks\/#organization"},"potentialAction":[{"@type":"SearchAction","target":{"@type":"EntryPoint","urlTemplate":"https:\/\/officinapixel.net\/brescia-pixel-sucks\/?s={search_term_string}"},"query-input":{"@type":"PropertyValueSpecification","valueRequired":true,"valueName":"search_term_string"}}],"inLanguage":"it-IT"},{"@type":"Organization","@id":"https:\/\/officinapixel.net\/brescia-pixel-sucks\/#organization","name":"Pixel Sucks","url":"https:\/\/officinapixel.net\/brescia-pixel-sucks\/","logo":{"@type":"ImageObject","inLanguage":"it-IT","@id":"https:\/\/officinapixel.net\/brescia-pixel-sucks\/#\/schema\/logo\/image\/","url":"https:\/\/officinapixel.net\/brescia-pixel-sucks\/wp-content\/uploads\/sites\/4\/2020\/04\/logo_sucks_arancioX1.png","contentUrl":"https:\/\/officinapixel.net\/brescia-pixel-sucks\/wp-content\/uploads\/sites\/4\/2020\/04\/logo_sucks_arancioX1.png","width":250,"height":75,"caption":"Pixel Sucks"},"image":{"@id":"https:\/\/officinapixel.net\/brescia-pixel-sucks\/#\/schema\/logo\/image\/"},"sameAs":["https:\/\/www.facebook.com\/pxlscks","https:\/\/www.instagram.com\/pixel.sucks\/"]}]}},"_links":{"self":[{"href":"https:\/\/officinapixel.net\/brescia-pixel-sucks\/wp-json\/wp\/v2\/product\/29747","targetHints":{"allow":["GET"]}}],"collection":[{"href":"https:\/\/officinapixel.net\/brescia-pixel-sucks\/wp-json\/wp\/v2\/product"}],"about":[{"href":"https:\/\/officinapixel.net\/brescia-pixel-sucks\/wp-json\/wp\/v2\/types\/product"}],"replies":[{"embeddable":true,"href":"https:\/\/officinapixel.net\/brescia-pixel-sucks\/wp-json\/wp\/v2\/comments?post=29747"}],"wp:featuredmedia":[{"embeddable":true,"href":"https:\/\/officinapixel.net\/brescia-pixel-sucks\/wp-json\/wp\/v2\/media\/29733"}],"wp:attachment":[{"href":"https:\/\/officinapixel.net\/brescia-pixel-sucks\/wp-json\/wp\/v2\/media?parent=29747"}],"wp:term":[{"taxonomy":"product_brand","embeddable":true,"href":"https:\/\/officinapixel.net\/brescia-pixel-sucks\/wp-json\/wp\/v2\/product_brand?post=29747"},{"taxonomy":"product_cat","embeddable":true,"href":"https:\/\/officinapixel.net\/brescia-pixel-sucks\/wp-json\/wp\/v2\/product_cat?post=29747"},{"taxonomy":"product_tag","embeddable":true,"href":"https:\/\/officinapixel.net\/brescia-pixel-sucks\/wp-json\/wp\/v2\/product_tag?post=29747"}],"curies":[{"name":"wp","href":"https:\/\/api.w.org\/{rel}","templated":true}]}}