{"id":28357,"date":"2023-06-22T14:49:29","date_gmt":"2023-06-22T12:49:29","guid":{"rendered":"https:\/\/officinapixel.net\/brescia-pixel-sucks\/?post_type=product&#038;p=28357"},"modified":"2025-09-29T22:24:17","modified_gmt":"2025-09-29T20:24:17","slug":"locandina-la-verita-e-che-non-gli-piaci-abbastanza","status":"publish","type":"product","link":"https:\/\/officinapixel.net\/brescia-pixel-sucks\/prodotto\/locandina-la-verita-e-che-non-gli-piaci-abbastanza\/","title":{"rendered":"Manifesto &#8211; La verit\u00e0 \u00e8 che non gli piaci abbastanza"},"content":{"rendered":"<p>Locandina del film &#8220;La Verit\u00e0 \u00e8 che non gli piaci abbastanza&#8221;<\/p>\n<p>Stampa su carta.<\/p>\n<p>F.to 140 x 100 cm ca.<\/p>\n","protected":false},"excerpt":{"rendered":"<section>Film del 2009 diretto da <strong>Ken Kwapis<\/strong>, che segue le vicende di un gruppo di amiche alle prese con complicate relazioni amorose.<\/section>\n<section><\/section>\n<section><strong>Gigi<\/strong><em> (Ginnifer Goodwin) c<\/em>rede fortemente che gli uomini in amore si comportino seguendo logiche che le donne proprio non comprendono, ci\u00f2 le porta a male interpretare i loro segnali, credendo in un interesse che nella realt\u00e0 invece non esiste; l\u2019uomo che sta frequentando, <strong>Connor<\/strong><i> (Kevin Connolly)<\/i>, per esempio, le ha detto che l\u2019avrebbe richiamata senza poi farlo.<br \/>\nAnche in un\u2019altra casa, quella di<strong> Neil<\/strong><em> (Ben Affleck)<\/em> e <strong>Beth<\/strong> <em>(Jennifer Aniston)<\/em> la storia fa fatica a decollare: dopo anni di relazione, la donna vorrebbe convolare a nozze, ma l\u2019uomo \u00e8 restio nel prendersi questo impegno.<br \/>\nInfine <strong>Janine <\/strong><em>(Jennifer Connelly)<\/em>\u00a0 e <strong>Ben <\/strong><em>(Bradley Cooper),<\/em> nonostante siano sposati da quando erano al college, stanno attraversando un momento di crisi che li porta a mettere in discussione il loro matrimonio. \u00a0 \u00a0 \u00a0 \u00a0 \u00a0 \u00a0 \u00a0 \u00a0 \u00a0 \u00a0 \u00a0 \u00a0 \u00a0 \u00a0 \u00a0 \u00a0 \u00a0 \u00a0 \u00a0 \u00a0 \u00a0 \u00a0 \u00a0 \u00a0 \u00a0 \u00a0 \u00a0 \u00a0 \u00a0 \u00a0 \u00a0 \u00a0 \u00a0 \u00a0 \u00a0 \u00a0 \u00a0 \u00a0 \u00a0 \u00a0 \u00a0 \u00a0 \u00a0 \u00a0 \u00a0 \u00a0 \u00a0 \u00a0 \u00a0 \u00a0 \u00a0 \u00a0 \u00a0 \u00a0 \u00a0 \u00a0 \u00a0 \u00a0 \u00a0 \u00a0 \u00a0 \u00a0 \u00a0 \u00a0 \u00a0 \u00a0 \u00a0 \u00a0 \u00a0 \u00a0 \u00a0 \u00a0 \u00a0 \u00a0 \u00a0 \u00a0 \u00a0 \u00a0 \u00a0 \u00a0 \u00a0 \u00a0 Riusciranno Gigi e le sue amiche a capire finalmente l\u2019universo maschile?<\/section>\n<section><\/section>\n<section><\/section>\n<section><\/section>\n<section><\/section>\n<section><em>Poster originale proveniente da un cinema. Pu\u00f2 presentare segni di utilizzo, pieghe, nastro adesivo e piccoli buchi<\/em>.<\/section>\n","protected":false},"featured_media":28089,"comment_status":"open","ping_status":"closed","template":"","meta":[],"product_brand":[],"product_cat":[216],"product_tag":[285,218,217],"class_list":{"0":"post-28357","1":"product","2":"type-product","3":"status-publish","4":"has-post-thumbnail","6":"product_cat-locandine-e-poster","7":"product_tag-140-x-100","8":"product_tag-cinema","9":"product_tag-locandina","10":"yith_shop_vendor-pixel-sucks","12":"first","13":"instock","14":"sale","15":"shipping-taxable","16":"purchasable","17":"product-type-simple"},"bundle_layout":"","bundle_add_to_cart_form_location":"","bundle_editable_in_cart":false,"bundle_sold_individually_context":"","bundle_item_grouping":"","bundle_min_size":"","bundle_max_size":"","bundled_by":[],"bundled_items":[],"yoast_head":"<!-- This site is optimized with the Yoast SEO plugin v25.6 - https:\/\/yoast.com\/wordpress\/plugins\/seo\/ -->\n<title>Manifesto - La verit\u00e0 \u00e8 che non gli piaci abbastanza - Pixel Sucks - Pixel Brescia<\/title>\n<meta name=\"description\" content=\"Manifesto su carta film &quot;la verit\u00e0 \u00e8 che non gli piaci abbastanza&quot; con bradley cooper, jennifer aniston, scarlett johansson, e ben afflek, misure 140 x 100\" \/>\n<meta name=\"robots\" content=\"index, follow, max-snippet:-1, max-image-preview:large, max-video-preview:-1\" \/>\n<link rel=\"canonical\" href=\"https:\/\/officinapixel.net\/brescia-pixel-sucks\/prodotto\/locandina-la-verita-e-che-non-gli-piaci-abbastanza\/\" \/>\n<meta property=\"og:locale\" content=\"it_IT\" \/>\n<meta property=\"og:type\" content=\"article\" \/>\n<meta property=\"og:title\" content=\"Manifesto - La verit\u00e0 \u00e8 che non gli piaci abbastanza - Pixel Sucks - Pixel Brescia\" \/>\n<meta property=\"og:description\" content=\"Manifesto su carta film &quot;la verit\u00e0 \u00e8 che non gli piaci abbastanza&quot; con bradley cooper, jennifer aniston, scarlett johansson, e ben afflek, misure 140 x 100\" \/>\n<meta property=\"og:url\" content=\"https:\/\/officinapixel.net\/brescia-pixel-sucks\/prodotto\/locandina-la-verita-e-che-non-gli-piaci-abbastanza\/\" \/>\n<meta property=\"og:site_name\" content=\"Pixel Sucks - Pixel Brescia\" \/>\n<meta property=\"article:publisher\" content=\"https:\/\/www.facebook.com\/pxlscks\" \/>\n<meta property=\"article:modified_time\" content=\"2025-09-29T20:24:17+00:00\" \/>\n<meta property=\"og:image\" content=\"https:\/\/officinapixel.net\/brescia-pixel-sucks\/wp-content\/uploads\/sites\/4\/2023\/04\/LA-VERTA-E-CHE-NON-GLI-PIACI-ABBASTANZA.jpg\" \/>\n\t<meta property=\"og:image:width\" content=\"1500\" \/>\n\t<meta property=\"og:image:height\" content=\"1500\" \/>\n\t<meta property=\"og:image:type\" content=\"image\/jpeg\" \/>\n<meta name=\"twitter:card\" content=\"summary_large_image\" \/>\n<meta name=\"twitter:label1\" content=\"Tempo di lettura stimato\" \/>\n\t<meta name=\"twitter:data1\" content=\"1 minuto\" \/>\n<script type=\"application\/ld+json\" class=\"yoast-schema-graph\">{\"@context\":\"https:\/\/schema.org\",\"@graph\":[{\"@type\":\"WebPage\",\"@id\":\"https:\/\/officinapixel.net\/brescia-pixel-sucks\/prodotto\/locandina-la-verita-e-che-non-gli-piaci-abbastanza\/\",\"url\":\"https:\/\/officinapixel.net\/brescia-pixel-sucks\/prodotto\/locandina-la-verita-e-che-non-gli-piaci-abbastanza\/\",\"name\":\"Manifesto - La verit\u00e0 \u00e8 che non gli piaci abbastanza - Pixel Sucks - Pixel Brescia\",\"isPartOf\":{\"@id\":\"https:\/\/officinapixel.net\/brescia-pixel-sucks\/#website\"},\"primaryImageOfPage\":{\"@id\":\"https:\/\/officinapixel.net\/brescia-pixel-sucks\/prodotto\/locandina-la-verita-e-che-non-gli-piaci-abbastanza\/#primaryimage\"},\"image\":{\"@id\":\"https:\/\/officinapixel.net\/brescia-pixel-sucks\/prodotto\/locandina-la-verita-e-che-non-gli-piaci-abbastanza\/#primaryimage\"},\"thumbnailUrl\":\"https:\/\/officinapixel.net\/brescia-pixel-sucks\/wp-content\/uploads\/sites\/4\/2023\/04\/LA-VERTA-E-CHE-NON-GLI-PIACI-ABBASTANZA.jpg\",\"datePublished\":\"2023-06-22T12:49:29+00:00\",\"dateModified\":\"2025-09-29T20:24:17+00:00\",\"description\":\"Manifesto su carta film \\\"la verit\u00e0 \u00e8 che non gli piaci abbastanza\\\" con bradley cooper, jennifer aniston, scarlett johansson, e ben afflek, misure 140 x 100\",\"breadcrumb\":{\"@id\":\"https:\/\/officinapixel.net\/brescia-pixel-sucks\/prodotto\/locandina-la-verita-e-che-non-gli-piaci-abbastanza\/#breadcrumb\"},\"inLanguage\":\"it-IT\",\"potentialAction\":[{\"@type\":\"ReadAction\",\"target\":[\"https:\/\/officinapixel.net\/brescia-pixel-sucks\/prodotto\/locandina-la-verita-e-che-non-gli-piaci-abbastanza\/\"]}]},{\"@type\":\"ImageObject\",\"inLanguage\":\"it-IT\",\"@id\":\"https:\/\/officinapixel.net\/brescia-pixel-sucks\/prodotto\/locandina-la-verita-e-che-non-gli-piaci-abbastanza\/#primaryimage\",\"url\":\"https:\/\/officinapixel.net\/brescia-pixel-sucks\/wp-content\/uploads\/sites\/4\/2023\/04\/LA-VERTA-E-CHE-NON-GLI-PIACI-ABBASTANZA.jpg\",\"contentUrl\":\"https:\/\/officinapixel.net\/brescia-pixel-sucks\/wp-content\/uploads\/sites\/4\/2023\/04\/LA-VERTA-E-CHE-NON-GLI-PIACI-ABBASTANZA.jpg\",\"width\":1500,\"height\":1500},{\"@type\":\"BreadcrumbList\",\"@id\":\"https:\/\/officinapixel.net\/brescia-pixel-sucks\/prodotto\/locandina-la-verita-e-che-non-gli-piaci-abbastanza\/#breadcrumb\",\"itemListElement\":[{\"@type\":\"ListItem\",\"position\":1,\"name\":\"Home\",\"item\":\"https:\/\/officinapixel.net\/brescia-pixel-sucks\/\"},{\"@type\":\"ListItem\",\"position\":2,\"name\":\"Shop\",\"item\":\"https:\/\/officinapixel.net\/brescia-pixel-sucks\/negozio\/\"},{\"@type\":\"ListItem\",\"position\":3,\"name\":\"Manifesto &#8211; La verit\u00e0 \u00e8 che non gli piaci abbastanza\"}]},{\"@type\":\"WebSite\",\"@id\":\"https:\/\/officinapixel.net\/brescia-pixel-sucks\/#website\",\"url\":\"https:\/\/officinapixel.net\/brescia-pixel-sucks\/\",\"name\":\"Pixel Sucks - Pixel Brescia\",\"description\":\"\",\"publisher\":{\"@id\":\"https:\/\/officinapixel.net\/brescia-pixel-sucks\/#organization\"},\"potentialAction\":[{\"@type\":\"SearchAction\",\"target\":{\"@type\":\"EntryPoint\",\"urlTemplate\":\"https:\/\/officinapixel.net\/brescia-pixel-sucks\/?s={search_term_string}\"},\"query-input\":{\"@type\":\"PropertyValueSpecification\",\"valueRequired\":true,\"valueName\":\"search_term_string\"}}],\"inLanguage\":\"it-IT\"},{\"@type\":\"Organization\",\"@id\":\"https:\/\/officinapixel.net\/brescia-pixel-sucks\/#organization\",\"name\":\"Pixel Sucks\",\"url\":\"https:\/\/officinapixel.net\/brescia-pixel-sucks\/\",\"logo\":{\"@type\":\"ImageObject\",\"inLanguage\":\"it-IT\",\"@id\":\"https:\/\/officinapixel.net\/brescia-pixel-sucks\/#\/schema\/logo\/image\/\",\"url\":\"https:\/\/officinapixel.net\/brescia-pixel-sucks\/wp-content\/uploads\/sites\/4\/2020\/04\/logo_sucks_arancioX1.png\",\"contentUrl\":\"https:\/\/officinapixel.net\/brescia-pixel-sucks\/wp-content\/uploads\/sites\/4\/2020\/04\/logo_sucks_arancioX1.png\",\"width\":250,\"height\":75,\"caption\":\"Pixel Sucks\"},\"image\":{\"@id\":\"https:\/\/officinapixel.net\/brescia-pixel-sucks\/#\/schema\/logo\/image\/\"},\"sameAs\":[\"https:\/\/www.facebook.com\/pxlscks\",\"https:\/\/www.instagram.com\/pixel.sucks\/\"]}]}<\/script>\n<!-- \/ Yoast SEO plugin. -->","yoast_head_json":{"title":"Manifesto - La verit\u00e0 \u00e8 che non gli piaci abbastanza - Pixel Sucks - Pixel Brescia","description":"Manifesto su carta film \"la verit\u00e0 \u00e8 che non gli piaci abbastanza\" con bradley cooper, jennifer aniston, scarlett johansson, e ben afflek, misure 140 x 100","robots":{"index":"index","follow":"follow","max-snippet":"max-snippet:-1","max-image-preview":"max-image-preview:large","max-video-preview":"max-video-preview:-1"},"canonical":"https:\/\/officinapixel.net\/brescia-pixel-sucks\/prodotto\/locandina-la-verita-e-che-non-gli-piaci-abbastanza\/","og_locale":"it_IT","og_type":"article","og_title":"Manifesto - La verit\u00e0 \u00e8 che non gli piaci abbastanza - Pixel Sucks - Pixel Brescia","og_description":"Manifesto su carta film \"la verit\u00e0 \u00e8 che non gli piaci abbastanza\" con bradley cooper, jennifer aniston, scarlett johansson, e ben afflek, misure 140 x 100","og_url":"https:\/\/officinapixel.net\/brescia-pixel-sucks\/prodotto\/locandina-la-verita-e-che-non-gli-piaci-abbastanza\/","og_site_name":"Pixel Sucks - Pixel Brescia","article_publisher":"https:\/\/www.facebook.com\/pxlscks","article_modified_time":"2025-09-29T20:24:17+00:00","og_image":[{"width":1500,"height":1500,"url":"https:\/\/officinapixel.net\/brescia-pixel-sucks\/wp-content\/uploads\/sites\/4\/2023\/04\/LA-VERTA-E-CHE-NON-GLI-PIACI-ABBASTANZA.jpg","type":"image\/jpeg"}],"twitter_card":"summary_large_image","twitter_misc":{"Tempo di lettura stimato":"1 minuto"},"schema":{"@context":"https:\/\/schema.org","@graph":[{"@type":"WebPage","@id":"https:\/\/officinapixel.net\/brescia-pixel-sucks\/prodotto\/locandina-la-verita-e-che-non-gli-piaci-abbastanza\/","url":"https:\/\/officinapixel.net\/brescia-pixel-sucks\/prodotto\/locandina-la-verita-e-che-non-gli-piaci-abbastanza\/","name":"Manifesto - La verit\u00e0 \u00e8 che non gli piaci abbastanza - Pixel Sucks - Pixel Brescia","isPartOf":{"@id":"https:\/\/officinapixel.net\/brescia-pixel-sucks\/#website"},"primaryImageOfPage":{"@id":"https:\/\/officinapixel.net\/brescia-pixel-sucks\/prodotto\/locandina-la-verita-e-che-non-gli-piaci-abbastanza\/#primaryimage"},"image":{"@id":"https:\/\/officinapixel.net\/brescia-pixel-sucks\/prodotto\/locandina-la-verita-e-che-non-gli-piaci-abbastanza\/#primaryimage"},"thumbnailUrl":"https:\/\/officinapixel.net\/brescia-pixel-sucks\/wp-content\/uploads\/sites\/4\/2023\/04\/LA-VERTA-E-CHE-NON-GLI-PIACI-ABBASTANZA.jpg","datePublished":"2023-06-22T12:49:29+00:00","dateModified":"2025-09-29T20:24:17+00:00","description":"Manifesto su carta film \"la verit\u00e0 \u00e8 che non gli piaci abbastanza\" con bradley cooper, jennifer aniston, scarlett johansson, e ben afflek, misure 140 x 100","breadcrumb":{"@id":"https:\/\/officinapixel.net\/brescia-pixel-sucks\/prodotto\/locandina-la-verita-e-che-non-gli-piaci-abbastanza\/#breadcrumb"},"inLanguage":"it-IT","potentialAction":[{"@type":"ReadAction","target":["https:\/\/officinapixel.net\/brescia-pixel-sucks\/prodotto\/locandina-la-verita-e-che-non-gli-piaci-abbastanza\/"]}]},{"@type":"ImageObject","inLanguage":"it-IT","@id":"https:\/\/officinapixel.net\/brescia-pixel-sucks\/prodotto\/locandina-la-verita-e-che-non-gli-piaci-abbastanza\/#primaryimage","url":"https:\/\/officinapixel.net\/brescia-pixel-sucks\/wp-content\/uploads\/sites\/4\/2023\/04\/LA-VERTA-E-CHE-NON-GLI-PIACI-ABBASTANZA.jpg","contentUrl":"https:\/\/officinapixel.net\/brescia-pixel-sucks\/wp-content\/uploads\/sites\/4\/2023\/04\/LA-VERTA-E-CHE-NON-GLI-PIACI-ABBASTANZA.jpg","width":1500,"height":1500},{"@type":"BreadcrumbList","@id":"https:\/\/officinapixel.net\/brescia-pixel-sucks\/prodotto\/locandina-la-verita-e-che-non-gli-piaci-abbastanza\/#breadcrumb","itemListElement":[{"@type":"ListItem","position":1,"name":"Home","item":"https:\/\/officinapixel.net\/brescia-pixel-sucks\/"},{"@type":"ListItem","position":2,"name":"Shop","item":"https:\/\/officinapixel.net\/brescia-pixel-sucks\/negozio\/"},{"@type":"ListItem","position":3,"name":"Manifesto &#8211; La verit\u00e0 \u00e8 che non gli piaci abbastanza"}]},{"@type":"WebSite","@id":"https:\/\/officinapixel.net\/brescia-pixel-sucks\/#website","url":"https:\/\/officinapixel.net\/brescia-pixel-sucks\/","name":"Pixel Sucks - Pixel Brescia","description":"","publisher":{"@id":"https:\/\/officinapixel.net\/brescia-pixel-sucks\/#organization"},"potentialAction":[{"@type":"SearchAction","target":{"@type":"EntryPoint","urlTemplate":"https:\/\/officinapixel.net\/brescia-pixel-sucks\/?s={search_term_string}"},"query-input":{"@type":"PropertyValueSpecification","valueRequired":true,"valueName":"search_term_string"}}],"inLanguage":"it-IT"},{"@type":"Organization","@id":"https:\/\/officinapixel.net\/brescia-pixel-sucks\/#organization","name":"Pixel Sucks","url":"https:\/\/officinapixel.net\/brescia-pixel-sucks\/","logo":{"@type":"ImageObject","inLanguage":"it-IT","@id":"https:\/\/officinapixel.net\/brescia-pixel-sucks\/#\/schema\/logo\/image\/","url":"https:\/\/officinapixel.net\/brescia-pixel-sucks\/wp-content\/uploads\/sites\/4\/2020\/04\/logo_sucks_arancioX1.png","contentUrl":"https:\/\/officinapixel.net\/brescia-pixel-sucks\/wp-content\/uploads\/sites\/4\/2020\/04\/logo_sucks_arancioX1.png","width":250,"height":75,"caption":"Pixel Sucks"},"image":{"@id":"https:\/\/officinapixel.net\/brescia-pixel-sucks\/#\/schema\/logo\/image\/"},"sameAs":["https:\/\/www.facebook.com\/pxlscks","https:\/\/www.instagram.com\/pixel.sucks\/"]}]}},"_links":{"self":[{"href":"https:\/\/officinapixel.net\/brescia-pixel-sucks\/wp-json\/wp\/v2\/product\/28357","targetHints":{"allow":["GET"]}}],"collection":[{"href":"https:\/\/officinapixel.net\/brescia-pixel-sucks\/wp-json\/wp\/v2\/product"}],"about":[{"href":"https:\/\/officinapixel.net\/brescia-pixel-sucks\/wp-json\/wp\/v2\/types\/product"}],"replies":[{"embeddable":true,"href":"https:\/\/officinapixel.net\/brescia-pixel-sucks\/wp-json\/wp\/v2\/comments?post=28357"}],"wp:featuredmedia":[{"embeddable":true,"href":"https:\/\/officinapixel.net\/brescia-pixel-sucks\/wp-json\/wp\/v2\/media\/28089"}],"wp:attachment":[{"href":"https:\/\/officinapixel.net\/brescia-pixel-sucks\/wp-json\/wp\/v2\/media?parent=28357"}],"wp:term":[{"taxonomy":"product_brand","embeddable":true,"href":"https:\/\/officinapixel.net\/brescia-pixel-sucks\/wp-json\/wp\/v2\/product_brand?post=28357"},{"taxonomy":"product_cat","embeddable":true,"href":"https:\/\/officinapixel.net\/brescia-pixel-sucks\/wp-json\/wp\/v2\/product_cat?post=28357"},{"taxonomy":"product_tag","embeddable":true,"href":"https:\/\/officinapixel.net\/brescia-pixel-sucks\/wp-json\/wp\/v2\/product_tag?post=28357"}],"curies":[{"name":"wp","href":"https:\/\/api.w.org\/{rel}","templated":true}]}}