{"id":28352,"date":"2023-06-21T15:47:33","date_gmt":"2023-06-21T13:47:33","guid":{"rendered":"https:\/\/officinapixel.net\/brescia-pixel-sucks\/?post_type=product&#038;p=28352"},"modified":"2026-03-05T20:20:50","modified_gmt":"2026-03-05T19:20:50","slug":"locandina-scary-movie-4","status":"publish","type":"product","link":"https:\/\/officinapixel.net\/brescia-pixel-sucks\/prodotto\/locandina-scary-movie-4\/","title":{"rendered":"Manifesto &#8211; Scary Movie 4"},"content":{"rendered":"<p>Locandina del film &#8220;Scary Movie 4&#8221;<\/p>\n<p>Stampa su carta.<\/p>\n<p>F.to 140 x 100 cm ca.<\/p>\n","protected":false},"excerpt":{"rendered":"<section><em>Anna Faris<\/em>,nei panni di Cindy Campbell, \u00e8 la custode di una vecchia casa che si innamora del suo vicino: ma la terra \u00e8 invasa dagli alieni e Cindy si ritrover\u00e0 ad affrontare numerosi pericoli in compagnia dell&#8217;amica Brenda. \u00a0 \u00a0 \u00a0 \u00a0 \u00a0 \u00a0 \u00a0 \u00a0 \u00a0 \u00a0 \u00a0 \u00a0 \u00a0 \u00a0 \u00a0 \u00a0 \u00a0 \u00a0 \u00a0 \u00a0 \u00a0 \u00a0 \u00a0 \u00a0 \u00a0 \u00a0 \u00a0 \u00a0 \u00a0 \u00a0 \u00a0 \u00a0 \u00a0 \u00a0 \u00a0 \u00a0 \u00a0 \u00a0 \u00a0 \u00a0 \u00a0 \u00a0 \u00a0 \u00a0 <strong><i>Scary Movie<\/i><\/strong>, ormai un marchio di fabbrica della dissacrazione dei mostri sacri del botteghino, questa volta prende di mira La Guerra dei Mondi,<i><\/i> The Village, Million Dollar Baby e gli horror giapponesi The Ring e The Grudge. <i><\/i><\/section>\n<section>\u00a0\u00a0<\/section>\n<section>Manifesto originale del film del 2006 diretto da David Zucker con, tra gli altri, Anna Faris, Shaquille O&#8217;Neal, Leslie Nielsen, Bill Pullmann, Michael Madsen, Carmen Electra e Mike Tyson.Formato<\/section>\n<section>100 x 140 cm.\u00a0<\/section>\n<p><em>Poster originale proveniente da un cinema. Pu\u00f2 presentare segni di utilizzo, pieghe, nastro adesivo e piccoli buchi<\/em>.<\/p>\n","protected":false},"featured_media":28084,"comment_status":"open","ping_status":"closed","template":"","meta":[],"product_brand":[],"product_cat":[216],"product_tag":[285,218,217],"class_list":{"0":"post-28352","1":"product","2":"type-product","3":"status-publish","4":"has-post-thumbnail","6":"product_cat-locandine-e-poster","7":"product_tag-140-x-100","8":"product_tag-cinema","9":"product_tag-locandina","10":"yith_shop_vendor-pixel-sucks","12":"first","13":"outofstock","14":"shipping-taxable","15":"purchasable","16":"product-type-simple"},"bundle_layout":"","bundle_add_to_cart_form_location":"","bundle_editable_in_cart":false,"bundle_sold_individually_context":"","bundle_item_grouping":"","bundle_min_size":"","bundle_max_size":"","bundled_by":[],"bundled_items":[],"yoast_head":"<!-- This site is optimized with the Yoast SEO plugin v25.6 - https:\/\/yoast.com\/wordpress\/plugins\/seo\/ -->\n<title>Manifesto - Scary Movie 4 - Pixel Sucks - Pixel Brescia<\/title>\n<meta name=\"description\" content=\"Manifesto del film parodia di David Zucker &quot;Scary Movie 4&quot; F.to 140 x 100 cm circa. Anno 2006 con Anna Faris, Shaquille O&#039;Neal, Leslie Nielsen e Mike Tyson.\" \/>\n<meta name=\"robots\" content=\"index, follow, max-snippet:-1, max-image-preview:large, max-video-preview:-1\" \/>\n<link rel=\"canonical\" href=\"https:\/\/officinapixel.net\/brescia-pixel-sucks\/prodotto\/locandina-scary-movie-4\/\" \/>\n<meta property=\"og:locale\" content=\"it_IT\" \/>\n<meta property=\"og:type\" content=\"article\" \/>\n<meta property=\"og:title\" content=\"Manifesto - Scary Movie 4 - Pixel Sucks - Pixel Brescia\" \/>\n<meta property=\"og:description\" content=\"Manifesto del film parodia di David Zucker &quot;Scary Movie 4&quot; F.to 140 x 100 cm circa. Anno 2006 con Anna Faris, Shaquille O&#039;Neal, Leslie Nielsen e Mike Tyson.\" \/>\n<meta property=\"og:url\" content=\"https:\/\/officinapixel.net\/brescia-pixel-sucks\/prodotto\/locandina-scary-movie-4\/\" \/>\n<meta property=\"og:site_name\" content=\"Pixel Sucks - Pixel Brescia\" \/>\n<meta property=\"article:publisher\" content=\"https:\/\/www.facebook.com\/pxlscks\" \/>\n<meta property=\"article:modified_time\" content=\"2026-03-05T19:20:50+00:00\" \/>\n<meta property=\"og:image\" content=\"https:\/\/officinapixel.net\/brescia-pixel-sucks\/wp-content\/uploads\/sites\/4\/2023\/04\/SCARY-MOVIE-4.jpg\" \/>\n\t<meta property=\"og:image:width\" content=\"1500\" \/>\n\t<meta property=\"og:image:height\" content=\"1500\" \/>\n\t<meta property=\"og:image:type\" content=\"image\/jpeg\" \/>\n<meta name=\"twitter:card\" content=\"summary_large_image\" \/>\n<meta name=\"twitter:label1\" content=\"Tempo di lettura stimato\" \/>\n\t<meta name=\"twitter:data1\" content=\"1 minuto\" \/>\n<script type=\"application\/ld+json\" class=\"yoast-schema-graph\">{\"@context\":\"https:\/\/schema.org\",\"@graph\":[{\"@type\":\"WebPage\",\"@id\":\"https:\/\/officinapixel.net\/brescia-pixel-sucks\/prodotto\/locandina-scary-movie-4\/\",\"url\":\"https:\/\/officinapixel.net\/brescia-pixel-sucks\/prodotto\/locandina-scary-movie-4\/\",\"name\":\"Manifesto - Scary Movie 4 - Pixel Sucks - Pixel Brescia\",\"isPartOf\":{\"@id\":\"https:\/\/officinapixel.net\/brescia-pixel-sucks\/#website\"},\"primaryImageOfPage\":{\"@id\":\"https:\/\/officinapixel.net\/brescia-pixel-sucks\/prodotto\/locandina-scary-movie-4\/#primaryimage\"},\"image\":{\"@id\":\"https:\/\/officinapixel.net\/brescia-pixel-sucks\/prodotto\/locandina-scary-movie-4\/#primaryimage\"},\"thumbnailUrl\":\"https:\/\/officinapixel.net\/brescia-pixel-sucks\/wp-content\/uploads\/sites\/4\/2023\/04\/SCARY-MOVIE-4.jpg\",\"datePublished\":\"2023-06-21T13:47:33+00:00\",\"dateModified\":\"2026-03-05T19:20:50+00:00\",\"description\":\"Manifesto del film parodia di David Zucker \\\"Scary Movie 4\\\" F.to 140 x 100 cm circa. Anno 2006 con Anna Faris, Shaquille O'Neal, Leslie Nielsen e Mike Tyson.\",\"breadcrumb\":{\"@id\":\"https:\/\/officinapixel.net\/brescia-pixel-sucks\/prodotto\/locandina-scary-movie-4\/#breadcrumb\"},\"inLanguage\":\"it-IT\",\"potentialAction\":[{\"@type\":\"ReadAction\",\"target\":[\"https:\/\/officinapixel.net\/brescia-pixel-sucks\/prodotto\/locandina-scary-movie-4\/\"]}]},{\"@type\":\"ImageObject\",\"inLanguage\":\"it-IT\",\"@id\":\"https:\/\/officinapixel.net\/brescia-pixel-sucks\/prodotto\/locandina-scary-movie-4\/#primaryimage\",\"url\":\"https:\/\/officinapixel.net\/brescia-pixel-sucks\/wp-content\/uploads\/sites\/4\/2023\/04\/SCARY-MOVIE-4.jpg\",\"contentUrl\":\"https:\/\/officinapixel.net\/brescia-pixel-sucks\/wp-content\/uploads\/sites\/4\/2023\/04\/SCARY-MOVIE-4.jpg\",\"width\":1500,\"height\":1500},{\"@type\":\"BreadcrumbList\",\"@id\":\"https:\/\/officinapixel.net\/brescia-pixel-sucks\/prodotto\/locandina-scary-movie-4\/#breadcrumb\",\"itemListElement\":[{\"@type\":\"ListItem\",\"position\":1,\"name\":\"Home\",\"item\":\"https:\/\/officinapixel.net\/brescia-pixel-sucks\/\"},{\"@type\":\"ListItem\",\"position\":2,\"name\":\"Shop\",\"item\":\"https:\/\/officinapixel.net\/brescia-pixel-sucks\/negozio\/\"},{\"@type\":\"ListItem\",\"position\":3,\"name\":\"Manifesto &#8211; Scary Movie 4\"}]},{\"@type\":\"WebSite\",\"@id\":\"https:\/\/officinapixel.net\/brescia-pixel-sucks\/#website\",\"url\":\"https:\/\/officinapixel.net\/brescia-pixel-sucks\/\",\"name\":\"Pixel Sucks - Pixel Brescia\",\"description\":\"\",\"publisher\":{\"@id\":\"https:\/\/officinapixel.net\/brescia-pixel-sucks\/#organization\"},\"potentialAction\":[{\"@type\":\"SearchAction\",\"target\":{\"@type\":\"EntryPoint\",\"urlTemplate\":\"https:\/\/officinapixel.net\/brescia-pixel-sucks\/?s={search_term_string}\"},\"query-input\":{\"@type\":\"PropertyValueSpecification\",\"valueRequired\":true,\"valueName\":\"search_term_string\"}}],\"inLanguage\":\"it-IT\"},{\"@type\":\"Organization\",\"@id\":\"https:\/\/officinapixel.net\/brescia-pixel-sucks\/#organization\",\"name\":\"Pixel Sucks\",\"url\":\"https:\/\/officinapixel.net\/brescia-pixel-sucks\/\",\"logo\":{\"@type\":\"ImageObject\",\"inLanguage\":\"it-IT\",\"@id\":\"https:\/\/officinapixel.net\/brescia-pixel-sucks\/#\/schema\/logo\/image\/\",\"url\":\"https:\/\/officinapixel.net\/brescia-pixel-sucks\/wp-content\/uploads\/sites\/4\/2020\/04\/logo_sucks_arancioX1.png\",\"contentUrl\":\"https:\/\/officinapixel.net\/brescia-pixel-sucks\/wp-content\/uploads\/sites\/4\/2020\/04\/logo_sucks_arancioX1.png\",\"width\":250,\"height\":75,\"caption\":\"Pixel Sucks\"},\"image\":{\"@id\":\"https:\/\/officinapixel.net\/brescia-pixel-sucks\/#\/schema\/logo\/image\/\"},\"sameAs\":[\"https:\/\/www.facebook.com\/pxlscks\",\"https:\/\/www.instagram.com\/pixel.sucks\/\"]}]}<\/script>\n<!-- \/ Yoast SEO plugin. -->","yoast_head_json":{"title":"Manifesto - Scary Movie 4 - Pixel Sucks - Pixel Brescia","description":"Manifesto del film parodia di David Zucker \"Scary Movie 4\" F.to 140 x 100 cm circa. Anno 2006 con Anna Faris, Shaquille O'Neal, Leslie Nielsen e Mike Tyson.","robots":{"index":"index","follow":"follow","max-snippet":"max-snippet:-1","max-image-preview":"max-image-preview:large","max-video-preview":"max-video-preview:-1"},"canonical":"https:\/\/officinapixel.net\/brescia-pixel-sucks\/prodotto\/locandina-scary-movie-4\/","og_locale":"it_IT","og_type":"article","og_title":"Manifesto - Scary Movie 4 - Pixel Sucks - Pixel Brescia","og_description":"Manifesto del film parodia di David Zucker \"Scary Movie 4\" F.to 140 x 100 cm circa. Anno 2006 con Anna Faris, Shaquille O'Neal, Leslie Nielsen e Mike Tyson.","og_url":"https:\/\/officinapixel.net\/brescia-pixel-sucks\/prodotto\/locandina-scary-movie-4\/","og_site_name":"Pixel Sucks - Pixel Brescia","article_publisher":"https:\/\/www.facebook.com\/pxlscks","article_modified_time":"2026-03-05T19:20:50+00:00","og_image":[{"width":1500,"height":1500,"url":"https:\/\/officinapixel.net\/brescia-pixel-sucks\/wp-content\/uploads\/sites\/4\/2023\/04\/SCARY-MOVIE-4.jpg","type":"image\/jpeg"}],"twitter_card":"summary_large_image","twitter_misc":{"Tempo di lettura stimato":"1 minuto"},"schema":{"@context":"https:\/\/schema.org","@graph":[{"@type":"WebPage","@id":"https:\/\/officinapixel.net\/brescia-pixel-sucks\/prodotto\/locandina-scary-movie-4\/","url":"https:\/\/officinapixel.net\/brescia-pixel-sucks\/prodotto\/locandina-scary-movie-4\/","name":"Manifesto - Scary Movie 4 - Pixel Sucks - Pixel Brescia","isPartOf":{"@id":"https:\/\/officinapixel.net\/brescia-pixel-sucks\/#website"},"primaryImageOfPage":{"@id":"https:\/\/officinapixel.net\/brescia-pixel-sucks\/prodotto\/locandina-scary-movie-4\/#primaryimage"},"image":{"@id":"https:\/\/officinapixel.net\/brescia-pixel-sucks\/prodotto\/locandina-scary-movie-4\/#primaryimage"},"thumbnailUrl":"https:\/\/officinapixel.net\/brescia-pixel-sucks\/wp-content\/uploads\/sites\/4\/2023\/04\/SCARY-MOVIE-4.jpg","datePublished":"2023-06-21T13:47:33+00:00","dateModified":"2026-03-05T19:20:50+00:00","description":"Manifesto del film parodia di David Zucker \"Scary Movie 4\" F.to 140 x 100 cm circa. Anno 2006 con Anna Faris, Shaquille O'Neal, Leslie Nielsen e Mike Tyson.","breadcrumb":{"@id":"https:\/\/officinapixel.net\/brescia-pixel-sucks\/prodotto\/locandina-scary-movie-4\/#breadcrumb"},"inLanguage":"it-IT","potentialAction":[{"@type":"ReadAction","target":["https:\/\/officinapixel.net\/brescia-pixel-sucks\/prodotto\/locandina-scary-movie-4\/"]}]},{"@type":"ImageObject","inLanguage":"it-IT","@id":"https:\/\/officinapixel.net\/brescia-pixel-sucks\/prodotto\/locandina-scary-movie-4\/#primaryimage","url":"https:\/\/officinapixel.net\/brescia-pixel-sucks\/wp-content\/uploads\/sites\/4\/2023\/04\/SCARY-MOVIE-4.jpg","contentUrl":"https:\/\/officinapixel.net\/brescia-pixel-sucks\/wp-content\/uploads\/sites\/4\/2023\/04\/SCARY-MOVIE-4.jpg","width":1500,"height":1500},{"@type":"BreadcrumbList","@id":"https:\/\/officinapixel.net\/brescia-pixel-sucks\/prodotto\/locandina-scary-movie-4\/#breadcrumb","itemListElement":[{"@type":"ListItem","position":1,"name":"Home","item":"https:\/\/officinapixel.net\/brescia-pixel-sucks\/"},{"@type":"ListItem","position":2,"name":"Shop","item":"https:\/\/officinapixel.net\/brescia-pixel-sucks\/negozio\/"},{"@type":"ListItem","position":3,"name":"Manifesto &#8211; Scary Movie 4"}]},{"@type":"WebSite","@id":"https:\/\/officinapixel.net\/brescia-pixel-sucks\/#website","url":"https:\/\/officinapixel.net\/brescia-pixel-sucks\/","name":"Pixel Sucks - Pixel Brescia","description":"","publisher":{"@id":"https:\/\/officinapixel.net\/brescia-pixel-sucks\/#organization"},"potentialAction":[{"@type":"SearchAction","target":{"@type":"EntryPoint","urlTemplate":"https:\/\/officinapixel.net\/brescia-pixel-sucks\/?s={search_term_string}"},"query-input":{"@type":"PropertyValueSpecification","valueRequired":true,"valueName":"search_term_string"}}],"inLanguage":"it-IT"},{"@type":"Organization","@id":"https:\/\/officinapixel.net\/brescia-pixel-sucks\/#organization","name":"Pixel Sucks","url":"https:\/\/officinapixel.net\/brescia-pixel-sucks\/","logo":{"@type":"ImageObject","inLanguage":"it-IT","@id":"https:\/\/officinapixel.net\/brescia-pixel-sucks\/#\/schema\/logo\/image\/","url":"https:\/\/officinapixel.net\/brescia-pixel-sucks\/wp-content\/uploads\/sites\/4\/2020\/04\/logo_sucks_arancioX1.png","contentUrl":"https:\/\/officinapixel.net\/brescia-pixel-sucks\/wp-content\/uploads\/sites\/4\/2020\/04\/logo_sucks_arancioX1.png","width":250,"height":75,"caption":"Pixel Sucks"},"image":{"@id":"https:\/\/officinapixel.net\/brescia-pixel-sucks\/#\/schema\/logo\/image\/"},"sameAs":["https:\/\/www.facebook.com\/pxlscks","https:\/\/www.instagram.com\/pixel.sucks\/"]}]}},"_links":{"self":[{"href":"https:\/\/officinapixel.net\/brescia-pixel-sucks\/wp-json\/wp\/v2\/product\/28352","targetHints":{"allow":["GET"]}}],"collection":[{"href":"https:\/\/officinapixel.net\/brescia-pixel-sucks\/wp-json\/wp\/v2\/product"}],"about":[{"href":"https:\/\/officinapixel.net\/brescia-pixel-sucks\/wp-json\/wp\/v2\/types\/product"}],"replies":[{"embeddable":true,"href":"https:\/\/officinapixel.net\/brescia-pixel-sucks\/wp-json\/wp\/v2\/comments?post=28352"}],"wp:featuredmedia":[{"embeddable":true,"href":"https:\/\/officinapixel.net\/brescia-pixel-sucks\/wp-json\/wp\/v2\/media\/28084"}],"wp:attachment":[{"href":"https:\/\/officinapixel.net\/brescia-pixel-sucks\/wp-json\/wp\/v2\/media?parent=28352"}],"wp:term":[{"taxonomy":"product_brand","embeddable":true,"href":"https:\/\/officinapixel.net\/brescia-pixel-sucks\/wp-json\/wp\/v2\/product_brand?post=28352"},{"taxonomy":"product_cat","embeddable":true,"href":"https:\/\/officinapixel.net\/brescia-pixel-sucks\/wp-json\/wp\/v2\/product_cat?post=28352"},{"taxonomy":"product_tag","embeddable":true,"href":"https:\/\/officinapixel.net\/brescia-pixel-sucks\/wp-json\/wp\/v2\/product_tag?post=28352"}],"curies":[{"name":"wp","href":"https:\/\/api.w.org\/{rel}","templated":true}]}}