{"id":27992,"date":"2023-03-24T12:26:49","date_gmt":"2023-03-24T11:26:49","guid":{"rendered":"https:\/\/officinapixel.net\/brescia-pixel-sucks\/?post_type=product&#038;p=27992"},"modified":"2025-09-29T22:32:38","modified_gmt":"2025-09-29T20:32:38","slug":"locandina-dragonball-evolution","status":"publish","type":"product","link":"https:\/\/officinapixel.net\/brescia-pixel-sucks\/prodotto\/locandina-dragonball-evolution\/","title":{"rendered":"Manifesto &#8211; Dragonball Evolution"},"content":{"rendered":"<p>Locandina del film &#8220;Dragonball Evolution<span style=\"font-size: 14.4px\">&#8220;.<\/span><\/p>\n<p>Stampa su carta.<\/p>\n<p>F.to 100 x 70 cm ca.<\/p>\n","protected":false},"excerpt":{"rendered":"<p>Goku <em>(Justin Chatwin) <\/em>\u00e8 un ragazzo che si sente diverso, e in effetti lo \u00e8. \u00c8 altamente addestrato da suo nonno Gohan <em>(Randall Guk Kim)<\/em> per qualcosa che ancora non conosce e che presto scoprir\u00e0. \u00c8 infatti tornato sulla Terra Piccolo Lord <em>(James Marsters<\/em>) un demone che si credeva imprigionato millenni fa, con lo scopo di radunare le sette sfere del drago cos\u00ec da poter vedere realizzato qualsiasi suo desiderio. \u00a0 \u00a0 \u00a0 \u00a0 \u00a0 \u00a0 \u00a0 \u00a0 \u00a0 \u00a0 \u00a0 \u00a0 \u00a0 \u00a0 \u00a0 \u00a0 \u00a0 \u00a0 \u00a0 \u00a0 \u00a0 \u00a0 \u00a0 \u00a0 \u00a0 \u00a0 \u00a0 \u00a0 \u00a0 \u00a0 \u00a0 \u00a0 \u00a0 \u00a0 \u00a0 \u00a0 \u00a0 \u00a0 \u00a0 \u00a0 \u00a0 \u00a0 \u00a0 \u00a0 \u00a0 \u00a0 \u00a0 \u00a0 \u00a0 \u00a0 \u00a0 \u00a0 \u00a0 \u00a0Una di queste sfere per\u00f2 \u00e8, non a caso, in possesso di Goku e suo nonno, che non la lasceranno andare facilmente. E altrettanto saranno disposti a fare altri proprietari &#8220;illustri&#8221; come Bulma <em>(Emmy Rossum)<\/em> e il maestro Muten (<em>Chow Yun Fat).<\/em><\/p>\n<section class=\"section-scheda section-scheda--trama\">Locandina originale del film &#8220;Dragonball Evolution&#8221; del 2009. La terza trasposizione cinematografica del celebre manga e anime <i>Dragon Ball<\/i> di Akira Toriyama.\u00a0<\/section>\n<section><\/section>\n<section class=\"section-scheda section-scheda--trama\"><em>Poster originale proveniente da un cinema. Pu\u00f2 presentare segni di utilizzo, pieghe, nastro adesivo e piccoli buchi<\/em>.<\/section>\n","protected":false},"featured_media":27982,"comment_status":"open","ping_status":"closed","template":"","meta":[],"product_brand":[],"product_cat":[216],"product_tag":[285,218,217],"class_list":{"0":"post-27992","1":"product","2":"type-product","3":"status-publish","4":"has-post-thumbnail","6":"product_cat-locandine-e-poster","7":"product_tag-140-x-100","8":"product_tag-cinema","9":"product_tag-locandina","10":"yith_shop_vendor-pixel-sucks","12":"first","13":"instock","14":"shipping-taxable","15":"purchasable","16":"product-type-simple"},"bundle_layout":"","bundle_add_to_cart_form_location":"","bundle_editable_in_cart":false,"bundle_sold_individually_context":"","bundle_item_grouping":"","bundle_min_size":"","bundle_max_size":"","bundled_by":[],"bundled_items":[],"yoast_head":"<!-- This site is optimized with the Yoast SEO plugin v25.6 - https:\/\/yoast.com\/wordpress\/plugins\/seo\/ -->\n<title>Manifesto - Dragonball Evolution - Pixel Sucks - Pixel Brescia<\/title>\n<meta name=\"description\" content=\"Locandina del film &quot;Dragonball Evolution&quot; del 2009, la terza trasposizione cinematografica del celebre manga e anime Dragon Ball. F.to 100 x 70 cm circa.\" \/>\n<meta name=\"robots\" content=\"index, follow, max-snippet:-1, max-image-preview:large, max-video-preview:-1\" \/>\n<link rel=\"canonical\" href=\"https:\/\/officinapixel.net\/brescia-pixel-sucks\/prodotto\/locandina-dragonball-evolution\/\" \/>\n<meta property=\"og:locale\" content=\"it_IT\" \/>\n<meta property=\"og:type\" content=\"article\" \/>\n<meta property=\"og:title\" content=\"Manifesto - Dragonball Evolution - Pixel Sucks - Pixel Brescia\" \/>\n<meta property=\"og:description\" content=\"Locandina del film &quot;Dragonball Evolution&quot; del 2009, la terza trasposizione cinematografica del celebre manga e anime Dragon Ball. F.to 100 x 70 cm circa.\" \/>\n<meta property=\"og:url\" content=\"https:\/\/officinapixel.net\/brescia-pixel-sucks\/prodotto\/locandina-dragonball-evolution\/\" \/>\n<meta property=\"og:site_name\" content=\"Pixel Sucks - Pixel Brescia\" \/>\n<meta property=\"article:publisher\" content=\"https:\/\/www.facebook.com\/pxlscks\" \/>\n<meta property=\"article:modified_time\" content=\"2025-09-29T20:32:38+00:00\" \/>\n<meta property=\"og:image\" content=\"https:\/\/officinapixel.net\/brescia-pixel-sucks\/wp-content\/uploads\/sites\/4\/2023\/03\/DRAGONBALL-EVOLUTION.jpg\" \/>\n\t<meta property=\"og:image:width\" content=\"1500\" \/>\n\t<meta property=\"og:image:height\" content=\"1500\" \/>\n\t<meta property=\"og:image:type\" content=\"image\/jpeg\" \/>\n<meta name=\"twitter:card\" content=\"summary_large_image\" \/>\n<meta name=\"twitter:label1\" content=\"Tempo di lettura stimato\" \/>\n\t<meta name=\"twitter:data1\" content=\"1 minuto\" \/>\n<script type=\"application\/ld+json\" class=\"yoast-schema-graph\">{\"@context\":\"https:\/\/schema.org\",\"@graph\":[{\"@type\":\"WebPage\",\"@id\":\"https:\/\/officinapixel.net\/brescia-pixel-sucks\/prodotto\/locandina-dragonball-evolution\/\",\"url\":\"https:\/\/officinapixel.net\/brescia-pixel-sucks\/prodotto\/locandina-dragonball-evolution\/\",\"name\":\"Manifesto - Dragonball Evolution - Pixel Sucks - Pixel Brescia\",\"isPartOf\":{\"@id\":\"https:\/\/officinapixel.net\/brescia-pixel-sucks\/#website\"},\"primaryImageOfPage\":{\"@id\":\"https:\/\/officinapixel.net\/brescia-pixel-sucks\/prodotto\/locandina-dragonball-evolution\/#primaryimage\"},\"image\":{\"@id\":\"https:\/\/officinapixel.net\/brescia-pixel-sucks\/prodotto\/locandina-dragonball-evolution\/#primaryimage\"},\"thumbnailUrl\":\"https:\/\/officinapixel.net\/brescia-pixel-sucks\/wp-content\/uploads\/sites\/4\/2023\/03\/DRAGONBALL-EVOLUTION.jpg\",\"datePublished\":\"2023-03-24T11:26:49+00:00\",\"dateModified\":\"2025-09-29T20:32:38+00:00\",\"description\":\"Locandina del film \\\"Dragonball Evolution\\\" del 2009, la terza trasposizione cinematografica del celebre manga e anime Dragon Ball. F.to 100 x 70 cm circa.\",\"breadcrumb\":{\"@id\":\"https:\/\/officinapixel.net\/brescia-pixel-sucks\/prodotto\/locandina-dragonball-evolution\/#breadcrumb\"},\"inLanguage\":\"it-IT\",\"potentialAction\":[{\"@type\":\"ReadAction\",\"target\":[\"https:\/\/officinapixel.net\/brescia-pixel-sucks\/prodotto\/locandina-dragonball-evolution\/\"]}]},{\"@type\":\"ImageObject\",\"inLanguage\":\"it-IT\",\"@id\":\"https:\/\/officinapixel.net\/brescia-pixel-sucks\/prodotto\/locandina-dragonball-evolution\/#primaryimage\",\"url\":\"https:\/\/officinapixel.net\/brescia-pixel-sucks\/wp-content\/uploads\/sites\/4\/2023\/03\/DRAGONBALL-EVOLUTION.jpg\",\"contentUrl\":\"https:\/\/officinapixel.net\/brescia-pixel-sucks\/wp-content\/uploads\/sites\/4\/2023\/03\/DRAGONBALL-EVOLUTION.jpg\",\"width\":1500,\"height\":1500},{\"@type\":\"BreadcrumbList\",\"@id\":\"https:\/\/officinapixel.net\/brescia-pixel-sucks\/prodotto\/locandina-dragonball-evolution\/#breadcrumb\",\"itemListElement\":[{\"@type\":\"ListItem\",\"position\":1,\"name\":\"Home\",\"item\":\"https:\/\/officinapixel.net\/brescia-pixel-sucks\/\"},{\"@type\":\"ListItem\",\"position\":2,\"name\":\"Shop\",\"item\":\"https:\/\/officinapixel.net\/brescia-pixel-sucks\/negozio\/\"},{\"@type\":\"ListItem\",\"position\":3,\"name\":\"Manifesto &#8211; Dragonball Evolution\"}]},{\"@type\":\"WebSite\",\"@id\":\"https:\/\/officinapixel.net\/brescia-pixel-sucks\/#website\",\"url\":\"https:\/\/officinapixel.net\/brescia-pixel-sucks\/\",\"name\":\"Pixel Sucks - Pixel Brescia\",\"description\":\"\",\"publisher\":{\"@id\":\"https:\/\/officinapixel.net\/brescia-pixel-sucks\/#organization\"},\"potentialAction\":[{\"@type\":\"SearchAction\",\"target\":{\"@type\":\"EntryPoint\",\"urlTemplate\":\"https:\/\/officinapixel.net\/brescia-pixel-sucks\/?s={search_term_string}\"},\"query-input\":{\"@type\":\"PropertyValueSpecification\",\"valueRequired\":true,\"valueName\":\"search_term_string\"}}],\"inLanguage\":\"it-IT\"},{\"@type\":\"Organization\",\"@id\":\"https:\/\/officinapixel.net\/brescia-pixel-sucks\/#organization\",\"name\":\"Pixel Sucks\",\"url\":\"https:\/\/officinapixel.net\/brescia-pixel-sucks\/\",\"logo\":{\"@type\":\"ImageObject\",\"inLanguage\":\"it-IT\",\"@id\":\"https:\/\/officinapixel.net\/brescia-pixel-sucks\/#\/schema\/logo\/image\/\",\"url\":\"https:\/\/officinapixel.net\/brescia-pixel-sucks\/wp-content\/uploads\/sites\/4\/2020\/04\/logo_sucks_arancioX1.png\",\"contentUrl\":\"https:\/\/officinapixel.net\/brescia-pixel-sucks\/wp-content\/uploads\/sites\/4\/2020\/04\/logo_sucks_arancioX1.png\",\"width\":250,\"height\":75,\"caption\":\"Pixel Sucks\"},\"image\":{\"@id\":\"https:\/\/officinapixel.net\/brescia-pixel-sucks\/#\/schema\/logo\/image\/\"},\"sameAs\":[\"https:\/\/www.facebook.com\/pxlscks\",\"https:\/\/www.instagram.com\/pixel.sucks\/\"]}]}<\/script>\n<!-- \/ Yoast SEO plugin. -->","yoast_head_json":{"title":"Manifesto - Dragonball Evolution - Pixel Sucks - Pixel Brescia","description":"Locandina del film \"Dragonball Evolution\" del 2009, la terza trasposizione cinematografica del celebre manga e anime Dragon Ball. F.to 100 x 70 cm circa.","robots":{"index":"index","follow":"follow","max-snippet":"max-snippet:-1","max-image-preview":"max-image-preview:large","max-video-preview":"max-video-preview:-1"},"canonical":"https:\/\/officinapixel.net\/brescia-pixel-sucks\/prodotto\/locandina-dragonball-evolution\/","og_locale":"it_IT","og_type":"article","og_title":"Manifesto - Dragonball Evolution - Pixel Sucks - Pixel Brescia","og_description":"Locandina del film \"Dragonball Evolution\" del 2009, la terza trasposizione cinematografica del celebre manga e anime Dragon Ball. F.to 100 x 70 cm circa.","og_url":"https:\/\/officinapixel.net\/brescia-pixel-sucks\/prodotto\/locandina-dragonball-evolution\/","og_site_name":"Pixel Sucks - Pixel Brescia","article_publisher":"https:\/\/www.facebook.com\/pxlscks","article_modified_time":"2025-09-29T20:32:38+00:00","og_image":[{"width":1500,"height":1500,"url":"https:\/\/officinapixel.net\/brescia-pixel-sucks\/wp-content\/uploads\/sites\/4\/2023\/03\/DRAGONBALL-EVOLUTION.jpg","type":"image\/jpeg"}],"twitter_card":"summary_large_image","twitter_misc":{"Tempo di lettura stimato":"1 minuto"},"schema":{"@context":"https:\/\/schema.org","@graph":[{"@type":"WebPage","@id":"https:\/\/officinapixel.net\/brescia-pixel-sucks\/prodotto\/locandina-dragonball-evolution\/","url":"https:\/\/officinapixel.net\/brescia-pixel-sucks\/prodotto\/locandina-dragonball-evolution\/","name":"Manifesto - Dragonball Evolution - Pixel Sucks - Pixel Brescia","isPartOf":{"@id":"https:\/\/officinapixel.net\/brescia-pixel-sucks\/#website"},"primaryImageOfPage":{"@id":"https:\/\/officinapixel.net\/brescia-pixel-sucks\/prodotto\/locandina-dragonball-evolution\/#primaryimage"},"image":{"@id":"https:\/\/officinapixel.net\/brescia-pixel-sucks\/prodotto\/locandina-dragonball-evolution\/#primaryimage"},"thumbnailUrl":"https:\/\/officinapixel.net\/brescia-pixel-sucks\/wp-content\/uploads\/sites\/4\/2023\/03\/DRAGONBALL-EVOLUTION.jpg","datePublished":"2023-03-24T11:26:49+00:00","dateModified":"2025-09-29T20:32:38+00:00","description":"Locandina del film \"Dragonball Evolution\" del 2009, la terza trasposizione cinematografica del celebre manga e anime Dragon Ball. F.to 100 x 70 cm circa.","breadcrumb":{"@id":"https:\/\/officinapixel.net\/brescia-pixel-sucks\/prodotto\/locandina-dragonball-evolution\/#breadcrumb"},"inLanguage":"it-IT","potentialAction":[{"@type":"ReadAction","target":["https:\/\/officinapixel.net\/brescia-pixel-sucks\/prodotto\/locandina-dragonball-evolution\/"]}]},{"@type":"ImageObject","inLanguage":"it-IT","@id":"https:\/\/officinapixel.net\/brescia-pixel-sucks\/prodotto\/locandina-dragonball-evolution\/#primaryimage","url":"https:\/\/officinapixel.net\/brescia-pixel-sucks\/wp-content\/uploads\/sites\/4\/2023\/03\/DRAGONBALL-EVOLUTION.jpg","contentUrl":"https:\/\/officinapixel.net\/brescia-pixel-sucks\/wp-content\/uploads\/sites\/4\/2023\/03\/DRAGONBALL-EVOLUTION.jpg","width":1500,"height":1500},{"@type":"BreadcrumbList","@id":"https:\/\/officinapixel.net\/brescia-pixel-sucks\/prodotto\/locandina-dragonball-evolution\/#breadcrumb","itemListElement":[{"@type":"ListItem","position":1,"name":"Home","item":"https:\/\/officinapixel.net\/brescia-pixel-sucks\/"},{"@type":"ListItem","position":2,"name":"Shop","item":"https:\/\/officinapixel.net\/brescia-pixel-sucks\/negozio\/"},{"@type":"ListItem","position":3,"name":"Manifesto &#8211; Dragonball Evolution"}]},{"@type":"WebSite","@id":"https:\/\/officinapixel.net\/brescia-pixel-sucks\/#website","url":"https:\/\/officinapixel.net\/brescia-pixel-sucks\/","name":"Pixel Sucks - Pixel Brescia","description":"","publisher":{"@id":"https:\/\/officinapixel.net\/brescia-pixel-sucks\/#organization"},"potentialAction":[{"@type":"SearchAction","target":{"@type":"EntryPoint","urlTemplate":"https:\/\/officinapixel.net\/brescia-pixel-sucks\/?s={search_term_string}"},"query-input":{"@type":"PropertyValueSpecification","valueRequired":true,"valueName":"search_term_string"}}],"inLanguage":"it-IT"},{"@type":"Organization","@id":"https:\/\/officinapixel.net\/brescia-pixel-sucks\/#organization","name":"Pixel Sucks","url":"https:\/\/officinapixel.net\/brescia-pixel-sucks\/","logo":{"@type":"ImageObject","inLanguage":"it-IT","@id":"https:\/\/officinapixel.net\/brescia-pixel-sucks\/#\/schema\/logo\/image\/","url":"https:\/\/officinapixel.net\/brescia-pixel-sucks\/wp-content\/uploads\/sites\/4\/2020\/04\/logo_sucks_arancioX1.png","contentUrl":"https:\/\/officinapixel.net\/brescia-pixel-sucks\/wp-content\/uploads\/sites\/4\/2020\/04\/logo_sucks_arancioX1.png","width":250,"height":75,"caption":"Pixel Sucks"},"image":{"@id":"https:\/\/officinapixel.net\/brescia-pixel-sucks\/#\/schema\/logo\/image\/"},"sameAs":["https:\/\/www.facebook.com\/pxlscks","https:\/\/www.instagram.com\/pixel.sucks\/"]}]}},"_links":{"self":[{"href":"https:\/\/officinapixel.net\/brescia-pixel-sucks\/wp-json\/wp\/v2\/product\/27992","targetHints":{"allow":["GET"]}}],"collection":[{"href":"https:\/\/officinapixel.net\/brescia-pixel-sucks\/wp-json\/wp\/v2\/product"}],"about":[{"href":"https:\/\/officinapixel.net\/brescia-pixel-sucks\/wp-json\/wp\/v2\/types\/product"}],"replies":[{"embeddable":true,"href":"https:\/\/officinapixel.net\/brescia-pixel-sucks\/wp-json\/wp\/v2\/comments?post=27992"}],"wp:featuredmedia":[{"embeddable":true,"href":"https:\/\/officinapixel.net\/brescia-pixel-sucks\/wp-json\/wp\/v2\/media\/27982"}],"wp:attachment":[{"href":"https:\/\/officinapixel.net\/brescia-pixel-sucks\/wp-json\/wp\/v2\/media?parent=27992"}],"wp:term":[{"taxonomy":"product_brand","embeddable":true,"href":"https:\/\/officinapixel.net\/brescia-pixel-sucks\/wp-json\/wp\/v2\/product_brand?post=27992"},{"taxonomy":"product_cat","embeddable":true,"href":"https:\/\/officinapixel.net\/brescia-pixel-sucks\/wp-json\/wp\/v2\/product_cat?post=27992"},{"taxonomy":"product_tag","embeddable":true,"href":"https:\/\/officinapixel.net\/brescia-pixel-sucks\/wp-json\/wp\/v2\/product_tag?post=27992"}],"curies":[{"name":"wp","href":"https:\/\/api.w.org\/{rel}","templated":true}]}}