{"id":27974,"date":"2023-03-23T14:56:26","date_gmt":"2023-03-23T13:56:26","guid":{"rendered":"https:\/\/officinapixel.net\/brescia-pixel-sucks\/?post_type=product&#038;p=27974"},"modified":"2024-01-31T13:33:42","modified_gmt":"2024-01-31T12:33:42","slug":"locandina-terminator-3-le-macchine-ribelli","status":"publish","type":"product","link":"https:\/\/officinapixel.net\/brescia-pixel-sucks\/prodotto\/locandina-terminator-3-le-macchine-ribelli\/","title":{"rendered":"Manifesto &#8211; Terminator 3 &#8211; Le macchine ribelli"},"content":{"rendered":"<p>Locandina del film &#8220;TERMINATOR 3 &#8211; Le macchine ribelli&#8221;<\/p>\n<p>Stampa su carta<\/p>\n<p>F.to 140 x 100 cm ca.<\/p>\n","protected":false},"excerpt":{"rendered":"<p>Il film, diretto da Jonathan Mostow, vede <strong>John Connor<\/strong> <em>(Nick Stahl),<\/em> diventato un uomo. Sono, infatti, passati circa dieci anni da quando dodicenne, con l&#8217;aiuto di un Terminator <em>(Arnold Schwarzenegger)<\/em>, imped\u00ec una terribile guerra tra umani e macchine, e vive come un fantasma senza fissa dimora per non essere rintracciato da Skynet, il terribile sistema che tenta di distruggere l&#8217;umanit\u00e0.<br \/>\nNon riuscendo a localizzare John, Skynet manda nel 2004 un altro <strong>Terminator il T-X<\/strong>, questa nuova macchina, dall&#8217;aspetto femminile, \u00e8 molto pi\u00f9 avanzata di quelle inviate precedentemente, soprattutto ha la capacit\u00e0 di riprogrammare altre macchine ed \u00e8 stato progettato per eliminare altri Terminator inviati dalla resistenza per proteggere John&#8230;.<\/p>\n<section class=\"section-scheda section-scheda--trama\">\n<p class=\"fst-italic\">Terzo capitolo della saga di Terminator diretto da Jonathan Mostow che vede Arnold Schwarzenegger interpretare nuovamente il Terminator, inviato indietro nel tempo dalla Resistenza per proteggere John Connor.<\/p>\n<\/section>\n<p><em>Poster originale proveniente da un cinema. Pu\u00f2 presentare segni di utilizzo, pieghe, nastro adesivo e piccoli buchi<\/em>.<\/p>\n","protected":false},"featured_media":27972,"comment_status":"open","ping_status":"closed","template":"","meta":[],"product_brand":[],"product_cat":[216],"product_tag":[285,218,217],"class_list":{"0":"post-27974","1":"product","2":"type-product","3":"status-publish","4":"has-post-thumbnail","6":"product_cat-locandine-e-poster","7":"product_tag-140-x-100","8":"product_tag-cinema","9":"product_tag-locandina","10":"yith_shop_vendor-pixel-sucks","12":"first","13":"instock","14":"shipping-taxable","15":"purchasable","16":"product-type-simple"},"bundle_layout":"","bundle_add_to_cart_form_location":"","bundle_editable_in_cart":false,"bundle_sold_individually_context":"","bundle_item_grouping":"","bundle_min_size":"","bundle_max_size":"","bundled_by":[],"bundled_items":[],"yoast_head":"<!-- This site is optimized with the Yoast SEO plugin v25.6 - https:\/\/yoast.com\/wordpress\/plugins\/seo\/ -->\n<title>Manifesto - Terminator 3 - Le macchine ribelli - Pixel Sucks - Pixel Brescia<\/title>\n<meta name=\"description\" content=\"Locandina del film &quot;TERMINATOR 3 - Le macchine ribelli&quot; del 2003 diretto da Jonathan Mostow con Arnold Schwarzenegger. F.to 140 x 100 cm ca.\" \/>\n<meta name=\"robots\" content=\"index, follow, max-snippet:-1, max-image-preview:large, max-video-preview:-1\" \/>\n<link rel=\"canonical\" href=\"https:\/\/officinapixel.net\/brescia-pixel-sucks\/prodotto\/locandina-terminator-3-le-macchine-ribelli\/\" \/>\n<meta property=\"og:locale\" content=\"it_IT\" \/>\n<meta property=\"og:type\" content=\"article\" \/>\n<meta property=\"og:title\" content=\"Manifesto - Terminator 3 - Le macchine ribelli - Pixel Sucks - Pixel Brescia\" \/>\n<meta property=\"og:description\" content=\"Locandina del film &quot;TERMINATOR 3 - Le macchine ribelli&quot; del 2003 diretto da Jonathan Mostow con Arnold Schwarzenegger. F.to 140 x 100 cm ca.\" \/>\n<meta property=\"og:url\" content=\"https:\/\/officinapixel.net\/brescia-pixel-sucks\/prodotto\/locandina-terminator-3-le-macchine-ribelli\/\" \/>\n<meta property=\"og:site_name\" content=\"Pixel Sucks - Pixel Brescia\" \/>\n<meta property=\"article:publisher\" content=\"https:\/\/www.facebook.com\/pxlscks\" \/>\n<meta property=\"article:modified_time\" content=\"2024-01-31T12:33:42+00:00\" \/>\n<meta property=\"og:image\" content=\"https:\/\/officinapixel.net\/brescia-pixel-sucks\/wp-content\/uploads\/sites\/4\/2023\/03\/TERMINATOR-3.jpg\" \/>\n\t<meta property=\"og:image:width\" content=\"1500\" \/>\n\t<meta property=\"og:image:height\" content=\"1500\" \/>\n\t<meta property=\"og:image:type\" content=\"image\/jpeg\" \/>\n<meta name=\"twitter:card\" content=\"summary_large_image\" \/>\n<meta name=\"twitter:label1\" content=\"Tempo di lettura stimato\" \/>\n\t<meta name=\"twitter:data1\" content=\"1 minuto\" \/>\n<script type=\"application\/ld+json\" class=\"yoast-schema-graph\">{\"@context\":\"https:\/\/schema.org\",\"@graph\":[{\"@type\":\"WebPage\",\"@id\":\"https:\/\/officinapixel.net\/brescia-pixel-sucks\/prodotto\/locandina-terminator-3-le-macchine-ribelli\/\",\"url\":\"https:\/\/officinapixel.net\/brescia-pixel-sucks\/prodotto\/locandina-terminator-3-le-macchine-ribelli\/\",\"name\":\"Manifesto - Terminator 3 - Le macchine ribelli - Pixel Sucks - Pixel Brescia\",\"isPartOf\":{\"@id\":\"https:\/\/officinapixel.net\/brescia-pixel-sucks\/#website\"},\"primaryImageOfPage\":{\"@id\":\"https:\/\/officinapixel.net\/brescia-pixel-sucks\/prodotto\/locandina-terminator-3-le-macchine-ribelli\/#primaryimage\"},\"image\":{\"@id\":\"https:\/\/officinapixel.net\/brescia-pixel-sucks\/prodotto\/locandina-terminator-3-le-macchine-ribelli\/#primaryimage\"},\"thumbnailUrl\":\"https:\/\/officinapixel.net\/brescia-pixel-sucks\/wp-content\/uploads\/sites\/4\/2023\/03\/TERMINATOR-3.jpg\",\"datePublished\":\"2023-03-23T13:56:26+00:00\",\"dateModified\":\"2024-01-31T12:33:42+00:00\",\"description\":\"Locandina del film \\\"TERMINATOR 3 - Le macchine ribelli\\\" del 2003 diretto da Jonathan Mostow con Arnold Schwarzenegger. F.to 140 x 100 cm ca.\",\"breadcrumb\":{\"@id\":\"https:\/\/officinapixel.net\/brescia-pixel-sucks\/prodotto\/locandina-terminator-3-le-macchine-ribelli\/#breadcrumb\"},\"inLanguage\":\"it-IT\",\"potentialAction\":[{\"@type\":\"ReadAction\",\"target\":[\"https:\/\/officinapixel.net\/brescia-pixel-sucks\/prodotto\/locandina-terminator-3-le-macchine-ribelli\/\"]}]},{\"@type\":\"ImageObject\",\"inLanguage\":\"it-IT\",\"@id\":\"https:\/\/officinapixel.net\/brescia-pixel-sucks\/prodotto\/locandina-terminator-3-le-macchine-ribelli\/#primaryimage\",\"url\":\"https:\/\/officinapixel.net\/brescia-pixel-sucks\/wp-content\/uploads\/sites\/4\/2023\/03\/TERMINATOR-3.jpg\",\"contentUrl\":\"https:\/\/officinapixel.net\/brescia-pixel-sucks\/wp-content\/uploads\/sites\/4\/2023\/03\/TERMINATOR-3.jpg\",\"width\":1500,\"height\":1500},{\"@type\":\"BreadcrumbList\",\"@id\":\"https:\/\/officinapixel.net\/brescia-pixel-sucks\/prodotto\/locandina-terminator-3-le-macchine-ribelli\/#breadcrumb\",\"itemListElement\":[{\"@type\":\"ListItem\",\"position\":1,\"name\":\"Home\",\"item\":\"https:\/\/officinapixel.net\/brescia-pixel-sucks\/\"},{\"@type\":\"ListItem\",\"position\":2,\"name\":\"Shop\",\"item\":\"https:\/\/officinapixel.net\/brescia-pixel-sucks\/negozio\/\"},{\"@type\":\"ListItem\",\"position\":3,\"name\":\"Manifesto &#8211; Terminator 3 &#8211; Le macchine ribelli\"}]},{\"@type\":\"WebSite\",\"@id\":\"https:\/\/officinapixel.net\/brescia-pixel-sucks\/#website\",\"url\":\"https:\/\/officinapixel.net\/brescia-pixel-sucks\/\",\"name\":\"Pixel Sucks - Pixel Brescia\",\"description\":\"\",\"publisher\":{\"@id\":\"https:\/\/officinapixel.net\/brescia-pixel-sucks\/#organization\"},\"potentialAction\":[{\"@type\":\"SearchAction\",\"target\":{\"@type\":\"EntryPoint\",\"urlTemplate\":\"https:\/\/officinapixel.net\/brescia-pixel-sucks\/?s={search_term_string}\"},\"query-input\":{\"@type\":\"PropertyValueSpecification\",\"valueRequired\":true,\"valueName\":\"search_term_string\"}}],\"inLanguage\":\"it-IT\"},{\"@type\":\"Organization\",\"@id\":\"https:\/\/officinapixel.net\/brescia-pixel-sucks\/#organization\",\"name\":\"Pixel Sucks\",\"url\":\"https:\/\/officinapixel.net\/brescia-pixel-sucks\/\",\"logo\":{\"@type\":\"ImageObject\",\"inLanguage\":\"it-IT\",\"@id\":\"https:\/\/officinapixel.net\/brescia-pixel-sucks\/#\/schema\/logo\/image\/\",\"url\":\"https:\/\/officinapixel.net\/brescia-pixel-sucks\/wp-content\/uploads\/sites\/4\/2020\/04\/logo_sucks_arancioX1.png\",\"contentUrl\":\"https:\/\/officinapixel.net\/brescia-pixel-sucks\/wp-content\/uploads\/sites\/4\/2020\/04\/logo_sucks_arancioX1.png\",\"width\":250,\"height\":75,\"caption\":\"Pixel Sucks\"},\"image\":{\"@id\":\"https:\/\/officinapixel.net\/brescia-pixel-sucks\/#\/schema\/logo\/image\/\"},\"sameAs\":[\"https:\/\/www.facebook.com\/pxlscks\",\"https:\/\/www.instagram.com\/pixel.sucks\/\"]}]}<\/script>\n<!-- \/ Yoast SEO plugin. -->","yoast_head_json":{"title":"Manifesto - Terminator 3 - Le macchine ribelli - Pixel Sucks - Pixel Brescia","description":"Locandina del film \"TERMINATOR 3 - Le macchine ribelli\" del 2003 diretto da Jonathan Mostow con Arnold Schwarzenegger. F.to 140 x 100 cm ca.","robots":{"index":"index","follow":"follow","max-snippet":"max-snippet:-1","max-image-preview":"max-image-preview:large","max-video-preview":"max-video-preview:-1"},"canonical":"https:\/\/officinapixel.net\/brescia-pixel-sucks\/prodotto\/locandina-terminator-3-le-macchine-ribelli\/","og_locale":"it_IT","og_type":"article","og_title":"Manifesto - Terminator 3 - Le macchine ribelli - Pixel Sucks - Pixel Brescia","og_description":"Locandina del film \"TERMINATOR 3 - Le macchine ribelli\" del 2003 diretto da Jonathan Mostow con Arnold Schwarzenegger. F.to 140 x 100 cm ca.","og_url":"https:\/\/officinapixel.net\/brescia-pixel-sucks\/prodotto\/locandina-terminator-3-le-macchine-ribelli\/","og_site_name":"Pixel Sucks - Pixel Brescia","article_publisher":"https:\/\/www.facebook.com\/pxlscks","article_modified_time":"2024-01-31T12:33:42+00:00","og_image":[{"width":1500,"height":1500,"url":"https:\/\/officinapixel.net\/brescia-pixel-sucks\/wp-content\/uploads\/sites\/4\/2023\/03\/TERMINATOR-3.jpg","type":"image\/jpeg"}],"twitter_card":"summary_large_image","twitter_misc":{"Tempo di lettura stimato":"1 minuto"},"schema":{"@context":"https:\/\/schema.org","@graph":[{"@type":"WebPage","@id":"https:\/\/officinapixel.net\/brescia-pixel-sucks\/prodotto\/locandina-terminator-3-le-macchine-ribelli\/","url":"https:\/\/officinapixel.net\/brescia-pixel-sucks\/prodotto\/locandina-terminator-3-le-macchine-ribelli\/","name":"Manifesto - Terminator 3 - Le macchine ribelli - Pixel Sucks - Pixel Brescia","isPartOf":{"@id":"https:\/\/officinapixel.net\/brescia-pixel-sucks\/#website"},"primaryImageOfPage":{"@id":"https:\/\/officinapixel.net\/brescia-pixel-sucks\/prodotto\/locandina-terminator-3-le-macchine-ribelli\/#primaryimage"},"image":{"@id":"https:\/\/officinapixel.net\/brescia-pixel-sucks\/prodotto\/locandina-terminator-3-le-macchine-ribelli\/#primaryimage"},"thumbnailUrl":"https:\/\/officinapixel.net\/brescia-pixel-sucks\/wp-content\/uploads\/sites\/4\/2023\/03\/TERMINATOR-3.jpg","datePublished":"2023-03-23T13:56:26+00:00","dateModified":"2024-01-31T12:33:42+00:00","description":"Locandina del film \"TERMINATOR 3 - Le macchine ribelli\" del 2003 diretto da Jonathan Mostow con Arnold Schwarzenegger. F.to 140 x 100 cm ca.","breadcrumb":{"@id":"https:\/\/officinapixel.net\/brescia-pixel-sucks\/prodotto\/locandina-terminator-3-le-macchine-ribelli\/#breadcrumb"},"inLanguage":"it-IT","potentialAction":[{"@type":"ReadAction","target":["https:\/\/officinapixel.net\/brescia-pixel-sucks\/prodotto\/locandina-terminator-3-le-macchine-ribelli\/"]}]},{"@type":"ImageObject","inLanguage":"it-IT","@id":"https:\/\/officinapixel.net\/brescia-pixel-sucks\/prodotto\/locandina-terminator-3-le-macchine-ribelli\/#primaryimage","url":"https:\/\/officinapixel.net\/brescia-pixel-sucks\/wp-content\/uploads\/sites\/4\/2023\/03\/TERMINATOR-3.jpg","contentUrl":"https:\/\/officinapixel.net\/brescia-pixel-sucks\/wp-content\/uploads\/sites\/4\/2023\/03\/TERMINATOR-3.jpg","width":1500,"height":1500},{"@type":"BreadcrumbList","@id":"https:\/\/officinapixel.net\/brescia-pixel-sucks\/prodotto\/locandina-terminator-3-le-macchine-ribelli\/#breadcrumb","itemListElement":[{"@type":"ListItem","position":1,"name":"Home","item":"https:\/\/officinapixel.net\/brescia-pixel-sucks\/"},{"@type":"ListItem","position":2,"name":"Shop","item":"https:\/\/officinapixel.net\/brescia-pixel-sucks\/negozio\/"},{"@type":"ListItem","position":3,"name":"Manifesto &#8211; Terminator 3 &#8211; Le macchine ribelli"}]},{"@type":"WebSite","@id":"https:\/\/officinapixel.net\/brescia-pixel-sucks\/#website","url":"https:\/\/officinapixel.net\/brescia-pixel-sucks\/","name":"Pixel Sucks - Pixel Brescia","description":"","publisher":{"@id":"https:\/\/officinapixel.net\/brescia-pixel-sucks\/#organization"},"potentialAction":[{"@type":"SearchAction","target":{"@type":"EntryPoint","urlTemplate":"https:\/\/officinapixel.net\/brescia-pixel-sucks\/?s={search_term_string}"},"query-input":{"@type":"PropertyValueSpecification","valueRequired":true,"valueName":"search_term_string"}}],"inLanguage":"it-IT"},{"@type":"Organization","@id":"https:\/\/officinapixel.net\/brescia-pixel-sucks\/#organization","name":"Pixel Sucks","url":"https:\/\/officinapixel.net\/brescia-pixel-sucks\/","logo":{"@type":"ImageObject","inLanguage":"it-IT","@id":"https:\/\/officinapixel.net\/brescia-pixel-sucks\/#\/schema\/logo\/image\/","url":"https:\/\/officinapixel.net\/brescia-pixel-sucks\/wp-content\/uploads\/sites\/4\/2020\/04\/logo_sucks_arancioX1.png","contentUrl":"https:\/\/officinapixel.net\/brescia-pixel-sucks\/wp-content\/uploads\/sites\/4\/2020\/04\/logo_sucks_arancioX1.png","width":250,"height":75,"caption":"Pixel Sucks"},"image":{"@id":"https:\/\/officinapixel.net\/brescia-pixel-sucks\/#\/schema\/logo\/image\/"},"sameAs":["https:\/\/www.facebook.com\/pxlscks","https:\/\/www.instagram.com\/pixel.sucks\/"]}]}},"_links":{"self":[{"href":"https:\/\/officinapixel.net\/brescia-pixel-sucks\/wp-json\/wp\/v2\/product\/27974","targetHints":{"allow":["GET"]}}],"collection":[{"href":"https:\/\/officinapixel.net\/brescia-pixel-sucks\/wp-json\/wp\/v2\/product"}],"about":[{"href":"https:\/\/officinapixel.net\/brescia-pixel-sucks\/wp-json\/wp\/v2\/types\/product"}],"replies":[{"embeddable":true,"href":"https:\/\/officinapixel.net\/brescia-pixel-sucks\/wp-json\/wp\/v2\/comments?post=27974"}],"wp:featuredmedia":[{"embeddable":true,"href":"https:\/\/officinapixel.net\/brescia-pixel-sucks\/wp-json\/wp\/v2\/media\/27972"}],"wp:attachment":[{"href":"https:\/\/officinapixel.net\/brescia-pixel-sucks\/wp-json\/wp\/v2\/media?parent=27974"}],"wp:term":[{"taxonomy":"product_brand","embeddable":true,"href":"https:\/\/officinapixel.net\/brescia-pixel-sucks\/wp-json\/wp\/v2\/product_brand?post=27974"},{"taxonomy":"product_cat","embeddable":true,"href":"https:\/\/officinapixel.net\/brescia-pixel-sucks\/wp-json\/wp\/v2\/product_cat?post=27974"},{"taxonomy":"product_tag","embeddable":true,"href":"https:\/\/officinapixel.net\/brescia-pixel-sucks\/wp-json\/wp\/v2\/product_tag?post=27974"}],"curies":[{"name":"wp","href":"https:\/\/api.w.org\/{rel}","templated":true}]}}