{"id":23263,"date":"2020-11-18T16:45:12","date_gmt":"2020-11-18T15:45:12","guid":{"rendered":"https:\/\/officinapixel.net\/brescia-pixel-sucks\/?post_type=product&#038;p=23263"},"modified":"2025-12-19T12:52:43","modified_gmt":"2025-12-19T11:52:43","slug":"calze-pota-blu","status":"publish","type":"product","link":"https:\/\/officinapixel.net\/brescia-pixel-sucks\/prodotto\/calze-pota-blu\/","title":{"rendered":"POTA blu &#8211; scritta bianca"},"content":{"rendered":"<p>DESIGNER &#8211;\u00a0ENK\u00dcLET<\/p>\n<p>90% cotone \u2013\u00a07% elastan \u2013\u00a03% polyamide<\/p>\n<p>taglia unica 38-44.<\/p>\n<p>Fatte a Brescia<\/p>\n","protected":false},"excerpt":{"rendered":"<p>Se <a href=\"https:\/\/www.instagram.com\/enkulet.it\/\" target=\"_blank\" rel=\"noopener noreferrer\">ENK\u00dcLET<\/a>\u00a0\u00e8 la seconda parola pi\u00f9 usata a Brescia, POTA \u00e8 certamente la prima. Potevamo non proporvi un calzino cos\u00ec?<\/p>\n<p><em>Attenzione, l\u2019immagine \u00e8 solo di riferimento, la stampa acquistata pu\u00f2 presentare delle piccole differenze rispetto alla fotografia<\/em>.<\/p>\n<p>&nbsp;<\/p>\n","protected":false},"featured_media":23264,"comment_status":"open","ping_status":"closed","template":"","meta":[],"product_brand":[],"product_cat":[17],"product_tag":[16,95,18,120,22],"class_list":{"0":"post-23263","1":"product","2":"type-product","3":"status-publish","4":"has-post-thumbnail","6":"product_cat-calze","7":"product_tag-brescia","8":"product_tag-calze","9":"product_tag-donna","10":"product_tag-enkulet","11":"product_tag-uomo","12":"pa_taglia-calze-taglia-36-41","13":"pa_taglia-calze-taglia-38-45","14":"yith_shop_vendor-pixel-sucks","16":"first","17":"instock","18":"shipping-taxable","19":"purchasable","20":"product-type-simple"},"bundle_layout":"","bundle_add_to_cart_form_location":"","bundle_editable_in_cart":false,"bundle_sold_individually_context":"","bundle_item_grouping":"","bundle_min_size":"","bundle_max_size":"","bundled_by":[],"bundled_items":[],"yoast_head":"<!-- This site is optimized with the Yoast SEO plugin v27.5 - https:\/\/yoast.com\/product\/yoast-seo-wordpress\/ -->\n<title>POTA blu - scritta bianca - Pixel Sucks - Pixel Brescia<\/title>\n<meta name=\"description\" content=\"calze blu lunghe in taglia unica, cotone, con ricamato in bianco la scritta pota pota pota, taglia unica, 100% cotone 100% made in brescia\" \/>\n<meta name=\"robots\" content=\"index, follow, max-snippet:-1, max-image-preview:large, max-video-preview:-1\" \/>\n<link rel=\"canonical\" href=\"https:\/\/officinapixel.net\/brescia-pixel-sucks\/prodotto\/calze-pota-blu\/\" \/>\n<meta property=\"og:locale\" content=\"it_IT\" \/>\n<meta property=\"og:type\" content=\"article\" \/>\n<meta property=\"og:title\" content=\"POTA blu - scritta bianca - Pixel Sucks - Pixel Brescia\" \/>\n<meta property=\"og:description\" content=\"calze blu lunghe in taglia unica, cotone, con ricamato in bianco la scritta pota pota pota, taglia unica, 100% cotone 100% made in brescia\" \/>\n<meta property=\"og:url\" content=\"https:\/\/officinapixel.net\/brescia-pixel-sucks\/prodotto\/calze-pota-blu\/\" \/>\n<meta property=\"og:site_name\" content=\"Pixel Sucks - Pixel Brescia\" \/>\n<meta property=\"article:publisher\" content=\"https:\/\/www.facebook.com\/pxlscks\" \/>\n<meta property=\"article:modified_time\" content=\"2025-12-19T11:52:43+00:00\" \/>\n<meta property=\"og:image\" content=\"https:\/\/officinapixel.net\/brescia-pixel-sucks\/wp-content\/uploads\/sites\/4\/2020\/11\/EN-PO-B-L.jpg\" \/>\n\t<meta property=\"og:image:width\" content=\"1200\" \/>\n\t<meta property=\"og:image:height\" content=\"1200\" \/>\n\t<meta property=\"og:image:type\" content=\"image\/jpeg\" \/>\n<meta name=\"twitter:card\" content=\"summary_large_image\" \/>\n<meta name=\"twitter:label1\" content=\"Tempo di lettura stimato\" \/>\n\t<meta name=\"twitter:data1\" content=\"1 minuto\" \/>\n<script type=\"application\/ld+json\" class=\"yoast-schema-graph\">{\"@context\":\"https:\\\/\\\/schema.org\",\"@graph\":[{\"@type\":\"WebPage\",\"@id\":\"https:\\\/\\\/officinapixel.net\\\/brescia-pixel-sucks\\\/prodotto\\\/calze-pota-blu\\\/\",\"url\":\"https:\\\/\\\/officinapixel.net\\\/brescia-pixel-sucks\\\/prodotto\\\/calze-pota-blu\\\/\",\"name\":\"POTA blu - scritta bianca - Pixel Sucks - Pixel Brescia\",\"isPartOf\":{\"@id\":\"https:\\\/\\\/officinapixel.net\\\/brescia-pixel-sucks\\\/#website\"},\"primaryImageOfPage\":{\"@id\":\"https:\\\/\\\/officinapixel.net\\\/brescia-pixel-sucks\\\/prodotto\\\/calze-pota-blu\\\/#primaryimage\"},\"image\":{\"@id\":\"https:\\\/\\\/officinapixel.net\\\/brescia-pixel-sucks\\\/prodotto\\\/calze-pota-blu\\\/#primaryimage\"},\"thumbnailUrl\":\"https:\\\/\\\/officinapixel.net\\\/brescia-pixel-sucks\\\/wp-content\\\/uploads\\\/sites\\\/4\\\/2020\\\/11\\\/EN-PO-B-L.jpg\",\"datePublished\":\"2020-11-18T15:45:12+00:00\",\"dateModified\":\"2025-12-19T11:52:43+00:00\",\"description\":\"calze blu lunghe in taglia unica, cotone, con ricamato in bianco la scritta pota pota pota, taglia unica, 100% cotone 100% made in brescia\",\"breadcrumb\":{\"@id\":\"https:\\\/\\\/officinapixel.net\\\/brescia-pixel-sucks\\\/prodotto\\\/calze-pota-blu\\\/#breadcrumb\"},\"inLanguage\":\"it-IT\",\"potentialAction\":[{\"@type\":\"ReadAction\",\"target\":[\"https:\\\/\\\/officinapixel.net\\\/brescia-pixel-sucks\\\/prodotto\\\/calze-pota-blu\\\/\"]}]},{\"@type\":\"ImageObject\",\"inLanguage\":\"it-IT\",\"@id\":\"https:\\\/\\\/officinapixel.net\\\/brescia-pixel-sucks\\\/prodotto\\\/calze-pota-blu\\\/#primaryimage\",\"url\":\"https:\\\/\\\/officinapixel.net\\\/brescia-pixel-sucks\\\/wp-content\\\/uploads\\\/sites\\\/4\\\/2020\\\/11\\\/EN-PO-B-L.jpg\",\"contentUrl\":\"https:\\\/\\\/officinapixel.net\\\/brescia-pixel-sucks\\\/wp-content\\\/uploads\\\/sites\\\/4\\\/2020\\\/11\\\/EN-PO-B-L.jpg\",\"width\":1200,\"height\":1200},{\"@type\":\"BreadcrumbList\",\"@id\":\"https:\\\/\\\/officinapixel.net\\\/brescia-pixel-sucks\\\/prodotto\\\/calze-pota-blu\\\/#breadcrumb\",\"itemListElement\":[{\"@type\":\"ListItem\",\"position\":1,\"name\":\"Home\",\"item\":\"https:\\\/\\\/officinapixel.net\\\/brescia-pixel-sucks\\\/\"},{\"@type\":\"ListItem\",\"position\":2,\"name\":\"Shop\",\"item\":\"https:\\\/\\\/officinapixel.net\\\/brescia-pixel-sucks\\\/negozio\\\/\"},{\"@type\":\"ListItem\",\"position\":3,\"name\":\"POTA blu &#8211; scritta bianca\"}]},{\"@type\":\"WebSite\",\"@id\":\"https:\\\/\\\/officinapixel.net\\\/brescia-pixel-sucks\\\/#website\",\"url\":\"https:\\\/\\\/officinapixel.net\\\/brescia-pixel-sucks\\\/\",\"name\":\"Pixel Sucks - Pixel Brescia\",\"description\":\"\",\"publisher\":{\"@id\":\"https:\\\/\\\/officinapixel.net\\\/brescia-pixel-sucks\\\/#organization\"},\"potentialAction\":[{\"@type\":\"SearchAction\",\"target\":{\"@type\":\"EntryPoint\",\"urlTemplate\":\"https:\\\/\\\/officinapixel.net\\\/brescia-pixel-sucks\\\/?s={search_term_string}\"},\"query-input\":{\"@type\":\"PropertyValueSpecification\",\"valueRequired\":true,\"valueName\":\"search_term_string\"}}],\"inLanguage\":\"it-IT\"},{\"@type\":\"Organization\",\"@id\":\"https:\\\/\\\/officinapixel.net\\\/brescia-pixel-sucks\\\/#organization\",\"name\":\"Pixel Sucks\",\"url\":\"https:\\\/\\\/officinapixel.net\\\/brescia-pixel-sucks\\\/\",\"logo\":{\"@type\":\"ImageObject\",\"inLanguage\":\"it-IT\",\"@id\":\"https:\\\/\\\/officinapixel.net\\\/brescia-pixel-sucks\\\/#\\\/schema\\\/logo\\\/image\\\/\",\"url\":\"https:\\\/\\\/officinapixel.net\\\/brescia-pixel-sucks\\\/wp-content\\\/uploads\\\/sites\\\/4\\\/2020\\\/04\\\/logo_sucks_arancioX1.png\",\"contentUrl\":\"https:\\\/\\\/officinapixel.net\\\/brescia-pixel-sucks\\\/wp-content\\\/uploads\\\/sites\\\/4\\\/2020\\\/04\\\/logo_sucks_arancioX1.png\",\"width\":250,\"height\":75,\"caption\":\"Pixel Sucks\"},\"image\":{\"@id\":\"https:\\\/\\\/officinapixel.net\\\/brescia-pixel-sucks\\\/#\\\/schema\\\/logo\\\/image\\\/\"},\"sameAs\":[\"https:\\\/\\\/www.facebook.com\\\/pxlscks\",\"https:\\\/\\\/www.instagram.com\\\/pixel.sucks\\\/\"]}]}<\/script>\n<!-- \/ Yoast SEO plugin. -->","yoast_head_json":{"title":"POTA blu - scritta bianca - Pixel Sucks - Pixel Brescia","description":"calze blu lunghe in taglia unica, cotone, con ricamato in bianco la scritta pota pota pota, taglia unica, 100% cotone 100% made in brescia","robots":{"index":"index","follow":"follow","max-snippet":"max-snippet:-1","max-image-preview":"max-image-preview:large","max-video-preview":"max-video-preview:-1"},"canonical":"https:\/\/officinapixel.net\/brescia-pixel-sucks\/prodotto\/calze-pota-blu\/","og_locale":"it_IT","og_type":"article","og_title":"POTA blu - scritta bianca - Pixel Sucks - Pixel Brescia","og_description":"calze blu lunghe in taglia unica, cotone, con ricamato in bianco la scritta pota pota pota, taglia unica, 100% cotone 100% made in brescia","og_url":"https:\/\/officinapixel.net\/brescia-pixel-sucks\/prodotto\/calze-pota-blu\/","og_site_name":"Pixel Sucks - Pixel Brescia","article_publisher":"https:\/\/www.facebook.com\/pxlscks","article_modified_time":"2025-12-19T11:52:43+00:00","og_image":[{"width":1200,"height":1200,"url":"https:\/\/officinapixel.net\/brescia-pixel-sucks\/wp-content\/uploads\/sites\/4\/2020\/11\/EN-PO-B-L.jpg","type":"image\/jpeg"}],"twitter_card":"summary_large_image","twitter_misc":{"Tempo di lettura stimato":"1 minuto"},"schema":{"@context":"https:\/\/schema.org","@graph":[{"@type":"WebPage","@id":"https:\/\/officinapixel.net\/brescia-pixel-sucks\/prodotto\/calze-pota-blu\/","url":"https:\/\/officinapixel.net\/brescia-pixel-sucks\/prodotto\/calze-pota-blu\/","name":"POTA blu - scritta bianca - Pixel Sucks - Pixel Brescia","isPartOf":{"@id":"https:\/\/officinapixel.net\/brescia-pixel-sucks\/#website"},"primaryImageOfPage":{"@id":"https:\/\/officinapixel.net\/brescia-pixel-sucks\/prodotto\/calze-pota-blu\/#primaryimage"},"image":{"@id":"https:\/\/officinapixel.net\/brescia-pixel-sucks\/prodotto\/calze-pota-blu\/#primaryimage"},"thumbnailUrl":"https:\/\/officinapixel.net\/brescia-pixel-sucks\/wp-content\/uploads\/sites\/4\/2020\/11\/EN-PO-B-L.jpg","datePublished":"2020-11-18T15:45:12+00:00","dateModified":"2025-12-19T11:52:43+00:00","description":"calze blu lunghe in taglia unica, cotone, con ricamato in bianco la scritta pota pota pota, taglia unica, 100% cotone 100% made in brescia","breadcrumb":{"@id":"https:\/\/officinapixel.net\/brescia-pixel-sucks\/prodotto\/calze-pota-blu\/#breadcrumb"},"inLanguage":"it-IT","potentialAction":[{"@type":"ReadAction","target":["https:\/\/officinapixel.net\/brescia-pixel-sucks\/prodotto\/calze-pota-blu\/"]}]},{"@type":"ImageObject","inLanguage":"it-IT","@id":"https:\/\/officinapixel.net\/brescia-pixel-sucks\/prodotto\/calze-pota-blu\/#primaryimage","url":"https:\/\/officinapixel.net\/brescia-pixel-sucks\/wp-content\/uploads\/sites\/4\/2020\/11\/EN-PO-B-L.jpg","contentUrl":"https:\/\/officinapixel.net\/brescia-pixel-sucks\/wp-content\/uploads\/sites\/4\/2020\/11\/EN-PO-B-L.jpg","width":1200,"height":1200},{"@type":"BreadcrumbList","@id":"https:\/\/officinapixel.net\/brescia-pixel-sucks\/prodotto\/calze-pota-blu\/#breadcrumb","itemListElement":[{"@type":"ListItem","position":1,"name":"Home","item":"https:\/\/officinapixel.net\/brescia-pixel-sucks\/"},{"@type":"ListItem","position":2,"name":"Shop","item":"https:\/\/officinapixel.net\/brescia-pixel-sucks\/negozio\/"},{"@type":"ListItem","position":3,"name":"POTA blu &#8211; scritta bianca"}]},{"@type":"WebSite","@id":"https:\/\/officinapixel.net\/brescia-pixel-sucks\/#website","url":"https:\/\/officinapixel.net\/brescia-pixel-sucks\/","name":"Pixel Sucks - Pixel Brescia","description":"","publisher":{"@id":"https:\/\/officinapixel.net\/brescia-pixel-sucks\/#organization"},"potentialAction":[{"@type":"SearchAction","target":{"@type":"EntryPoint","urlTemplate":"https:\/\/officinapixel.net\/brescia-pixel-sucks\/?s={search_term_string}"},"query-input":{"@type":"PropertyValueSpecification","valueRequired":true,"valueName":"search_term_string"}}],"inLanguage":"it-IT"},{"@type":"Organization","@id":"https:\/\/officinapixel.net\/brescia-pixel-sucks\/#organization","name":"Pixel Sucks","url":"https:\/\/officinapixel.net\/brescia-pixel-sucks\/","logo":{"@type":"ImageObject","inLanguage":"it-IT","@id":"https:\/\/officinapixel.net\/brescia-pixel-sucks\/#\/schema\/logo\/image\/","url":"https:\/\/officinapixel.net\/brescia-pixel-sucks\/wp-content\/uploads\/sites\/4\/2020\/04\/logo_sucks_arancioX1.png","contentUrl":"https:\/\/officinapixel.net\/brescia-pixel-sucks\/wp-content\/uploads\/sites\/4\/2020\/04\/logo_sucks_arancioX1.png","width":250,"height":75,"caption":"Pixel Sucks"},"image":{"@id":"https:\/\/officinapixel.net\/brescia-pixel-sucks\/#\/schema\/logo\/image\/"},"sameAs":["https:\/\/www.facebook.com\/pxlscks","https:\/\/www.instagram.com\/pixel.sucks\/"]}]}},"_links":{"self":[{"href":"https:\/\/officinapixel.net\/brescia-pixel-sucks\/wp-json\/wp\/v2\/product\/23263","targetHints":{"allow":["GET"]}}],"collection":[{"href":"https:\/\/officinapixel.net\/brescia-pixel-sucks\/wp-json\/wp\/v2\/product"}],"about":[{"href":"https:\/\/officinapixel.net\/brescia-pixel-sucks\/wp-json\/wp\/v2\/types\/product"}],"replies":[{"embeddable":true,"href":"https:\/\/officinapixel.net\/brescia-pixel-sucks\/wp-json\/wp\/v2\/comments?post=23263"}],"wp:featuredmedia":[{"embeddable":true,"href":"https:\/\/officinapixel.net\/brescia-pixel-sucks\/wp-json\/wp\/v2\/media\/23264"}],"wp:attachment":[{"href":"https:\/\/officinapixel.net\/brescia-pixel-sucks\/wp-json\/wp\/v2\/media?parent=23263"}],"wp:term":[{"taxonomy":"product_brand","embeddable":true,"href":"https:\/\/officinapixel.net\/brescia-pixel-sucks\/wp-json\/wp\/v2\/product_brand?post=23263"},{"taxonomy":"product_cat","embeddable":true,"href":"https:\/\/officinapixel.net\/brescia-pixel-sucks\/wp-json\/wp\/v2\/product_cat?post=23263"},{"taxonomy":"product_tag","embeddable":true,"href":"https:\/\/officinapixel.net\/brescia-pixel-sucks\/wp-json\/wp\/v2\/product_tag?post=23263"}],"curies":[{"name":"wp","href":"https:\/\/api.w.org\/{rel}","templated":true}]}}