{"id":22279,"date":"2020-06-10T13:09:08","date_gmt":"2020-06-10T11:09:08","guid":{"rendered":"https:\/\/officinapixel.net\/brescia-pixel-sucks\/?post_type=product&#038;p=22279"},"modified":"2025-04-17T13:58:23","modified_gmt":"2025-04-17T11:58:23","slug":"t-shirt-love-is-love","status":"publish","type":"product","link":"https:\/\/officinapixel.net\/brescia-pixel-sucks\/prodotto\/t-shirt-love-is-love\/","title":{"rendered":"T-Shirt LOVE IS LOVE"},"content":{"rendered":"<p>T-Shirt UNISEX 100% cotone organico pre-ristretto, ring-spun e pettinato.<\/p>\n<p>Decorazione floccata rossa &#8220;LOVE IS LOVE&#8221;<\/p>\n<p>145 g\/m\u00b2<\/p>\n","protected":false},"excerpt":{"rendered":"<p>LOVE IS LOVE<\/p>\n<p>Giugno \u00e8 il mese del PRIDE. Anche quest&#8217;anno, per ovvie ragioni, le manifestazioni sono state annullate. Ci\u00f2 che non \u00e8 stato annullato \u00e8 la necessit\u00e0 di riconoscere i diritti fondamentali alla comunit\u00e0 LGBT+. Ecco perch\u00e9 \u00a0il 30% del ricavato dalla vendita di queste maglie sar\u00e0 devoluto al <a href=\"http:\/\/www.bresciapride.it\/\" target=\"_blank\" rel=\"noopener noreferrer\">Comitato Brescia Pride<\/a>.<\/p>\n<p>T-shirt in morbidissimo cotone organico con scritta floccata sul cuore LOVE is LOVE.<\/p>\n","protected":false},"featured_media":22285,"comment_status":"open","ping_status":"closed","template":"","meta":[],"product_brand":[],"product_cat":[67,32],"product_tag":[351,50],"class_list":{"0":"post-22279","1":"product","2":"type-product","3":"status-publish","4":"has-post-thumbnail","6":"product_cat-pride","7":"product_cat-t-shirt","8":"product_tag-aaabbelle-t-shirt","9":"product_tag-unisex","10":"pa_taglia-l","11":"pa_taglia-m","12":"pa_taglia-s","13":"pa_taglia-xl","14":"pa_taglia-xxl","16":"first","17":"instock","18":"shipping-taxable","19":"purchasable","20":"product-type-variable"},"bundle_layout":"","bundle_add_to_cart_form_location":"","bundle_editable_in_cart":false,"bundle_sold_individually_context":"","bundle_item_grouping":"","bundle_min_size":"","bundle_max_size":"","bundled_by":[],"bundled_items":[],"yoast_head":"<!-- This site is optimized with the Yoast SEO plugin v25.6 - https:\/\/yoast.com\/wordpress\/plugins\/seo\/ -->\n<title>T-Shirt LOVE IS LOVE - Pixel Sucks - Pixel Brescia<\/title>\n<meta name=\"description\" content=\"T-shirt UNISEX in cotone organico con decorazione floccata &quot;LOVE is LOVE&quot;. Parte del ricavato verr\u00e0 devoluta al Comitato Brescia Pride.\" \/>\n<meta name=\"robots\" content=\"index, follow, max-snippet:-1, max-image-preview:large, max-video-preview:-1\" \/>\n<link rel=\"canonical\" href=\"https:\/\/officinapixel.net\/brescia-pixel-sucks\/prodotto\/t-shirt-love-is-love\/\" \/>\n<meta property=\"og:locale\" content=\"it_IT\" \/>\n<meta property=\"og:type\" content=\"article\" \/>\n<meta property=\"og:title\" content=\"T-Shirt LOVE IS LOVE - Pixel Sucks - Pixel Brescia\" \/>\n<meta property=\"og:description\" content=\"T-shirt UNISEX in cotone organico con decorazione floccata &quot;LOVE is LOVE&quot;. Parte del ricavato verr\u00e0 devoluta al Comitato Brescia Pride.\" \/>\n<meta property=\"og:url\" content=\"https:\/\/officinapixel.net\/brescia-pixel-sucks\/prodotto\/t-shirt-love-is-love\/\" \/>\n<meta property=\"og:site_name\" content=\"Pixel Sucks - Pixel Brescia\" \/>\n<meta property=\"article:publisher\" content=\"https:\/\/www.facebook.com\/pxlscks\" \/>\n<meta property=\"article:modified_time\" content=\"2025-04-17T11:58:23+00:00\" \/>\n<meta property=\"og:image\" content=\"https:\/\/officinapixel.net\/brescia-pixel-sucks\/wp-content\/uploads\/sites\/4\/2020\/06\/PX-LL-P20.jpg\" \/>\n\t<meta property=\"og:image:width\" content=\"1500\" \/>\n\t<meta property=\"og:image:height\" content=\"1406\" \/>\n\t<meta property=\"og:image:type\" content=\"image\/jpeg\" \/>\n<meta name=\"twitter:card\" content=\"summary_large_image\" \/>\n<meta name=\"twitter:label1\" content=\"Tempo di lettura stimato\" \/>\n\t<meta name=\"twitter:data1\" content=\"1 minuto\" \/>\n<script type=\"application\/ld+json\" class=\"yoast-schema-graph\">{\"@context\":\"https:\/\/schema.org\",\"@graph\":[{\"@type\":\"WebPage\",\"@id\":\"https:\/\/officinapixel.net\/brescia-pixel-sucks\/prodotto\/t-shirt-love-is-love\/\",\"url\":\"https:\/\/officinapixel.net\/brescia-pixel-sucks\/prodotto\/t-shirt-love-is-love\/\",\"name\":\"T-Shirt LOVE IS LOVE - Pixel Sucks - Pixel Brescia\",\"isPartOf\":{\"@id\":\"https:\/\/officinapixel.net\/brescia-pixel-sucks\/#website\"},\"primaryImageOfPage\":{\"@id\":\"https:\/\/officinapixel.net\/brescia-pixel-sucks\/prodotto\/t-shirt-love-is-love\/#primaryimage\"},\"image\":{\"@id\":\"https:\/\/officinapixel.net\/brescia-pixel-sucks\/prodotto\/t-shirt-love-is-love\/#primaryimage\"},\"thumbnailUrl\":\"https:\/\/officinapixel.net\/brescia-pixel-sucks\/wp-content\/uploads\/sites\/4\/2020\/06\/PX-LL-P20.jpg\",\"datePublished\":\"2020-06-10T11:09:08+00:00\",\"dateModified\":\"2025-04-17T11:58:23+00:00\",\"description\":\"T-shirt UNISEX in cotone organico con decorazione floccata \\\"LOVE is LOVE\\\". Parte del ricavato verr\u00e0 devoluta al Comitato Brescia Pride.\",\"breadcrumb\":{\"@id\":\"https:\/\/officinapixel.net\/brescia-pixel-sucks\/prodotto\/t-shirt-love-is-love\/#breadcrumb\"},\"inLanguage\":\"it-IT\",\"potentialAction\":[{\"@type\":\"ReadAction\",\"target\":[\"https:\/\/officinapixel.net\/brescia-pixel-sucks\/prodotto\/t-shirt-love-is-love\/\"]}]},{\"@type\":\"ImageObject\",\"inLanguage\":\"it-IT\",\"@id\":\"https:\/\/officinapixel.net\/brescia-pixel-sucks\/prodotto\/t-shirt-love-is-love\/#primaryimage\",\"url\":\"https:\/\/officinapixel.net\/brescia-pixel-sucks\/wp-content\/uploads\/sites\/4\/2020\/06\/PX-LL-P20.jpg\",\"contentUrl\":\"https:\/\/officinapixel.net\/brescia-pixel-sucks\/wp-content\/uploads\/sites\/4\/2020\/06\/PX-LL-P20.jpg\",\"width\":1500,\"height\":1406},{\"@type\":\"BreadcrumbList\",\"@id\":\"https:\/\/officinapixel.net\/brescia-pixel-sucks\/prodotto\/t-shirt-love-is-love\/#breadcrumb\",\"itemListElement\":[{\"@type\":\"ListItem\",\"position\":1,\"name\":\"Home\",\"item\":\"https:\/\/officinapixel.net\/brescia-pixel-sucks\/\"},{\"@type\":\"ListItem\",\"position\":2,\"name\":\"Shop\",\"item\":\"https:\/\/officinapixel.net\/brescia-pixel-sucks\/negozio\/\"},{\"@type\":\"ListItem\",\"position\":3,\"name\":\"T-Shirt LOVE IS LOVE\"}]},{\"@type\":\"WebSite\",\"@id\":\"https:\/\/officinapixel.net\/brescia-pixel-sucks\/#website\",\"url\":\"https:\/\/officinapixel.net\/brescia-pixel-sucks\/\",\"name\":\"Pixel Sucks - Pixel Brescia\",\"description\":\"\",\"publisher\":{\"@id\":\"https:\/\/officinapixel.net\/brescia-pixel-sucks\/#organization\"},\"potentialAction\":[{\"@type\":\"SearchAction\",\"target\":{\"@type\":\"EntryPoint\",\"urlTemplate\":\"https:\/\/officinapixel.net\/brescia-pixel-sucks\/?s={search_term_string}\"},\"query-input\":{\"@type\":\"PropertyValueSpecification\",\"valueRequired\":true,\"valueName\":\"search_term_string\"}}],\"inLanguage\":\"it-IT\"},{\"@type\":\"Organization\",\"@id\":\"https:\/\/officinapixel.net\/brescia-pixel-sucks\/#organization\",\"name\":\"Pixel Sucks\",\"url\":\"https:\/\/officinapixel.net\/brescia-pixel-sucks\/\",\"logo\":{\"@type\":\"ImageObject\",\"inLanguage\":\"it-IT\",\"@id\":\"https:\/\/officinapixel.net\/brescia-pixel-sucks\/#\/schema\/logo\/image\/\",\"url\":\"https:\/\/officinapixel.net\/brescia-pixel-sucks\/wp-content\/uploads\/sites\/4\/2020\/04\/logo_sucks_arancioX1.png\",\"contentUrl\":\"https:\/\/officinapixel.net\/brescia-pixel-sucks\/wp-content\/uploads\/sites\/4\/2020\/04\/logo_sucks_arancioX1.png\",\"width\":250,\"height\":75,\"caption\":\"Pixel Sucks\"},\"image\":{\"@id\":\"https:\/\/officinapixel.net\/brescia-pixel-sucks\/#\/schema\/logo\/image\/\"},\"sameAs\":[\"https:\/\/www.facebook.com\/pxlscks\",\"https:\/\/www.instagram.com\/pixel.sucks\/\"]}]}<\/script>\n<!-- \/ Yoast SEO plugin. -->","yoast_head_json":{"title":"T-Shirt LOVE IS LOVE - Pixel Sucks - Pixel Brescia","description":"T-shirt UNISEX in cotone organico con decorazione floccata \"LOVE is LOVE\". Parte del ricavato verr\u00e0 devoluta al Comitato Brescia Pride.","robots":{"index":"index","follow":"follow","max-snippet":"max-snippet:-1","max-image-preview":"max-image-preview:large","max-video-preview":"max-video-preview:-1"},"canonical":"https:\/\/officinapixel.net\/brescia-pixel-sucks\/prodotto\/t-shirt-love-is-love\/","og_locale":"it_IT","og_type":"article","og_title":"T-Shirt LOVE IS LOVE - Pixel Sucks - Pixel Brescia","og_description":"T-shirt UNISEX in cotone organico con decorazione floccata \"LOVE is LOVE\". Parte del ricavato verr\u00e0 devoluta al Comitato Brescia Pride.","og_url":"https:\/\/officinapixel.net\/brescia-pixel-sucks\/prodotto\/t-shirt-love-is-love\/","og_site_name":"Pixel Sucks - Pixel Brescia","article_publisher":"https:\/\/www.facebook.com\/pxlscks","article_modified_time":"2025-04-17T11:58:23+00:00","og_image":[{"width":1500,"height":1406,"url":"https:\/\/officinapixel.net\/brescia-pixel-sucks\/wp-content\/uploads\/sites\/4\/2020\/06\/PX-LL-P20.jpg","type":"image\/jpeg"}],"twitter_card":"summary_large_image","twitter_misc":{"Tempo di lettura stimato":"1 minuto"},"schema":{"@context":"https:\/\/schema.org","@graph":[{"@type":"WebPage","@id":"https:\/\/officinapixel.net\/brescia-pixel-sucks\/prodotto\/t-shirt-love-is-love\/","url":"https:\/\/officinapixel.net\/brescia-pixel-sucks\/prodotto\/t-shirt-love-is-love\/","name":"T-Shirt LOVE IS LOVE - Pixel Sucks - Pixel Brescia","isPartOf":{"@id":"https:\/\/officinapixel.net\/brescia-pixel-sucks\/#website"},"primaryImageOfPage":{"@id":"https:\/\/officinapixel.net\/brescia-pixel-sucks\/prodotto\/t-shirt-love-is-love\/#primaryimage"},"image":{"@id":"https:\/\/officinapixel.net\/brescia-pixel-sucks\/prodotto\/t-shirt-love-is-love\/#primaryimage"},"thumbnailUrl":"https:\/\/officinapixel.net\/brescia-pixel-sucks\/wp-content\/uploads\/sites\/4\/2020\/06\/PX-LL-P20.jpg","datePublished":"2020-06-10T11:09:08+00:00","dateModified":"2025-04-17T11:58:23+00:00","description":"T-shirt UNISEX in cotone organico con decorazione floccata \"LOVE is LOVE\". Parte del ricavato verr\u00e0 devoluta al Comitato Brescia Pride.","breadcrumb":{"@id":"https:\/\/officinapixel.net\/brescia-pixel-sucks\/prodotto\/t-shirt-love-is-love\/#breadcrumb"},"inLanguage":"it-IT","potentialAction":[{"@type":"ReadAction","target":["https:\/\/officinapixel.net\/brescia-pixel-sucks\/prodotto\/t-shirt-love-is-love\/"]}]},{"@type":"ImageObject","inLanguage":"it-IT","@id":"https:\/\/officinapixel.net\/brescia-pixel-sucks\/prodotto\/t-shirt-love-is-love\/#primaryimage","url":"https:\/\/officinapixel.net\/brescia-pixel-sucks\/wp-content\/uploads\/sites\/4\/2020\/06\/PX-LL-P20.jpg","contentUrl":"https:\/\/officinapixel.net\/brescia-pixel-sucks\/wp-content\/uploads\/sites\/4\/2020\/06\/PX-LL-P20.jpg","width":1500,"height":1406},{"@type":"BreadcrumbList","@id":"https:\/\/officinapixel.net\/brescia-pixel-sucks\/prodotto\/t-shirt-love-is-love\/#breadcrumb","itemListElement":[{"@type":"ListItem","position":1,"name":"Home","item":"https:\/\/officinapixel.net\/brescia-pixel-sucks\/"},{"@type":"ListItem","position":2,"name":"Shop","item":"https:\/\/officinapixel.net\/brescia-pixel-sucks\/negozio\/"},{"@type":"ListItem","position":3,"name":"T-Shirt LOVE IS LOVE"}]},{"@type":"WebSite","@id":"https:\/\/officinapixel.net\/brescia-pixel-sucks\/#website","url":"https:\/\/officinapixel.net\/brescia-pixel-sucks\/","name":"Pixel Sucks - Pixel Brescia","description":"","publisher":{"@id":"https:\/\/officinapixel.net\/brescia-pixel-sucks\/#organization"},"potentialAction":[{"@type":"SearchAction","target":{"@type":"EntryPoint","urlTemplate":"https:\/\/officinapixel.net\/brescia-pixel-sucks\/?s={search_term_string}"},"query-input":{"@type":"PropertyValueSpecification","valueRequired":true,"valueName":"search_term_string"}}],"inLanguage":"it-IT"},{"@type":"Organization","@id":"https:\/\/officinapixel.net\/brescia-pixel-sucks\/#organization","name":"Pixel Sucks","url":"https:\/\/officinapixel.net\/brescia-pixel-sucks\/","logo":{"@type":"ImageObject","inLanguage":"it-IT","@id":"https:\/\/officinapixel.net\/brescia-pixel-sucks\/#\/schema\/logo\/image\/","url":"https:\/\/officinapixel.net\/brescia-pixel-sucks\/wp-content\/uploads\/sites\/4\/2020\/04\/logo_sucks_arancioX1.png","contentUrl":"https:\/\/officinapixel.net\/brescia-pixel-sucks\/wp-content\/uploads\/sites\/4\/2020\/04\/logo_sucks_arancioX1.png","width":250,"height":75,"caption":"Pixel Sucks"},"image":{"@id":"https:\/\/officinapixel.net\/brescia-pixel-sucks\/#\/schema\/logo\/image\/"},"sameAs":["https:\/\/www.facebook.com\/pxlscks","https:\/\/www.instagram.com\/pixel.sucks\/"]}]}},"_links":{"self":[{"href":"https:\/\/officinapixel.net\/brescia-pixel-sucks\/wp-json\/wp\/v2\/product\/22279","targetHints":{"allow":["GET"]}}],"collection":[{"href":"https:\/\/officinapixel.net\/brescia-pixel-sucks\/wp-json\/wp\/v2\/product"}],"about":[{"href":"https:\/\/officinapixel.net\/brescia-pixel-sucks\/wp-json\/wp\/v2\/types\/product"}],"replies":[{"embeddable":true,"href":"https:\/\/officinapixel.net\/brescia-pixel-sucks\/wp-json\/wp\/v2\/comments?post=22279"}],"wp:featuredmedia":[{"embeddable":true,"href":"https:\/\/officinapixel.net\/brescia-pixel-sucks\/wp-json\/wp\/v2\/media\/22285"}],"wp:attachment":[{"href":"https:\/\/officinapixel.net\/brescia-pixel-sucks\/wp-json\/wp\/v2\/media?parent=22279"}],"wp:term":[{"taxonomy":"product_brand","embeddable":true,"href":"https:\/\/officinapixel.net\/brescia-pixel-sucks\/wp-json\/wp\/v2\/product_brand?post=22279"},{"taxonomy":"product_cat","embeddable":true,"href":"https:\/\/officinapixel.net\/brescia-pixel-sucks\/wp-json\/wp\/v2\/product_cat?post=22279"},{"taxonomy":"product_tag","embeddable":true,"href":"https:\/\/officinapixel.net\/brescia-pixel-sucks\/wp-json\/wp\/v2\/product_tag?post=22279"}],"curies":[{"name":"wp","href":"https:\/\/api.w.org\/{rel}","templated":true}]}}