{"id":20181,"date":"2019-11-19T12:44:50","date_gmt":"2019-11-19T11:44:50","guid":{"rendered":"http:\/\/lineacosmetica\/?page_id=20181"},"modified":"2023-12-28T12:03:41","modified_gmt":"2023-12-28T11:03:41","slug":"termini-e-condizioni","status":"publish","type":"page","link":"https:\/\/officinapixel.net\/brescia-pixel-sucks\/termini-e-condizioni\/","title":{"rendered":"Termini e condizioni"},"content":{"rendered":"\n<p>TERMNI E CONDIZIONI<\/p>\n<p><strong>1.Oggetto<\/strong><\/p>\n<p>1.1. Le presenti Condizioni Generali di Vendita (nel seguito, Condizioni Generali) hanno per oggetto la disciplina dell\u2019acquisto di Prodotti, effettuato a distanza, tramite rete telematica, dal Sito www.officinapixel.net\/brescia\/(nel seguito, il Sito).<br \/>1.2. Titolare del Sito \u00e8 Andrea Pedrini (nel seguito, PIXEL) con sede legale in Via Guglielmo Marconi, 35 BRESCIA (25128 \u2013 BS), Codice Fiscale PDRNDR78T14B157T e P. Iva 03097180982, R.E.A BS 504719<\/p>\n<p><strong>2. Accettazione delle condizioni generali di vendita<\/strong><\/p>\n<p>2.1. Tutti gli acquisti di Prodotti effettuati attraverso il Sito (nel seguito, i Contratti d\u2019Acquisto) dagli utenti che ad esso accedono (nel seguito, i Clienti) sono regolati dalle presenti Condizioni Generali nonch\u00e9 dal Codice del Consumo italiano (D.lgs. nr. 206\/2005), sezione II Contratti a distanza (artt. 50 \u2013 67) e dalle norme italiane in materia di commercio elettronico (D.lgs. 70\/2003).<br \/>2.2. Con la conclusione dei Contratti d\u2019Acquisto, secondo procedura, il Cliente accetta e si obbliga ad osservare le presenti Condizioni Generali. Il Cliente, pertanto, \u00e8 tenuto a leggere attentamente, prima di effettuare qualsiasi operazione di acquisto, le presenti Condizioni Generali che PIXEL mette a sua disposizione anche al fine di consentirgli la riproduzione e la memorizzazione in ottemperanza a quanto previsto dall\u2019art. 12, 3\u00b0 comma del D.lgs. 70\/2003.<br \/>2.3. PIXEL potr\u00e0 modificare, in qualsiasi momento e senza preavviso, il contenuto delle Condizioni Generali. Ad ogni singolo Contratto d\u2019Acquisto si applicheranno le Condizioni Generali pubblicate sul Sito al momento dell\u2019invio dell\u2019ordine di acquisto stesso da parte del Cliente.<\/p>\n<p><strong>3. Prodotti<\/strong><\/p>\n<p>3.1 www.officinapixel.net (di seguito \u201cSito\u201d) \u00e8 un sito telematico di vendita di calze, magliette, capi d&#8217;abbigliamento e accessori vari, opere d&#8217;arte e d&#8217;artigianato (nel seguito, \u201cProdotti\u201d).<br \/>3.2. Tutti i Prodotti offerti sono dettagliatamente illustrati sul Sito, all\u2019interno delle rispettive sezioni, distinti per categorie di Prodotto.<br \/>3.3. La rappresentazione visiva dei Prodotti sul Sito, ove disponibile, ha valore indicativo e corrisponde normalmente all\u2019immagine fotografica dei Prodotti stessi e ha il solo scopo di presentarli per la vendita, senza alcuna garanzia o impegno, da parte di PIXEL, circa l\u2019esatta corrispondenza dell\u2019immagine raffigurata sul Sito con il Prodotto reale; e ci\u00f2, con particolare riguardo alle sue dimensioni reali e\/o agli aspetti cromatici dei Prodotti e\/o delle confezioni.<br \/>3.4. In caso di differenza tra l\u2019immagine e la scheda prodotto scritta, fa sempre fede la descrizione della scheda prodotto.<\/p>\n<p><strong>4. Conclusione del contratto<\/strong><\/p>\n<p>4.1. La pubblicazione dei Prodotti esposti sul Sito costituisce un invito rivolto al Cliente a formulare una proposta contrattuale d\u2019acquisto. L\u2019ordine inviato dal Cliente ha valore di proposta contrattuale e comporta la completa conoscenza e integrale accettazioni delle presenti Condizioni Generali.<br \/>4.2. Ciascun Contratto d\u2019Acquisto stipulato tra PIXEL e il Cliente deve intendersi concluso con l\u2019invio da parte di PIXEL dell\u2019accettazione dell\u2019ordine all\u2019indirizzo di posta elettronica del Cliente. Tale messaggio di conferma indicher\u00e0 un \u201cNumero Ordine\u201d, da utilizzarsi in ogni successiva comunicazione con PIXEL. Il messaggio riproporr\u00e0, oltre alle informazioni obbligatorie per legge, tutti i dati inseriti dal Cliente il quale si impegna a verificarne la correttezza e a comunicare tempestivamente ogni eventuale correzione. Possibili aggravi di spese determinati da errori nei dati non segnalati tempestivamente, saranno ad esclusivo carico del Cliente.<br \/>4.3. Ciascun ordine pu\u00f2 essere visionato dal Cliente sul Sito, nella propria area personale, qualora questi sia registrato, ovvero contattando il Servizio Clienti di PIXEL, immediatamente dopo l\u2019invio dell\u2019ordine stesso.<br \/>4.4. \u00c8 possibile che si verifichino occasionali indisponibilit\u00e0 dei Prodotti offerti, in tal caso, qualora i Prodotti scelti dal Cliente non siano, in tutto o in parte disponibili, l\u2019ordine verr\u00e0 inviato con i prodotti disponibili dopo aver inviato comunicazione al Cliente in merito ai prodotti non disponibili.<br \/>4.5. PIXEL ha la facolt\u00e0 di accettare o meno, a propria discrezione, l\u2019ordine inviato dal Cliente, senza che quest\u2019ultimo possa avanzare pretese o diritti di sorta, a qualsiasi titolo, anche risarcitorio, in caso di mancata accettazione dell\u2019ordine stesso.<br \/>4.6. In particolare, PIXEL si riserva il diritto di non accettare proposte di acquisto e cancellare ordini che non diano sufficienti garanzie di solvibilit\u00e0 ovvero qualora \u2013 anche a seguito di confronto con il circuito che gestisce i pagamenti con carte di credito \u2013 risultino anomalie nelle transazioni e nei mezzi di pagamento utilizzati dal Cliente.<\/p>\n<p><strong>5. Prezzi dei prodotti<\/strong><\/p>\n<p>Tutti i prezzi dei Prodotti sono chiaramente indicati sul Sito e si intendono comprensivi di IVA.<\/p>\n<p><strong>6. Fatturazione e modalit\u00e0 di Pagamento<\/strong><\/p>\n<p>6.1. PIXEL emette scontrino fiscale dei Prodotti acquistati nel momento in cui i Prodotti vengono consegnati al corriere per la spedizione. A richiesta sar\u00e0 possibile emettere fattura; per l\u2019emissione della fattura fanno fede le informazioni fornite dal Cliente. Nessuna variazione dei dati sar\u00e0 possibile dopo l\u2019emissione della fattura stessa.<br \/>6.2. Come meglio dettagliato di seguito ai relativi punti, i pagamenti con Carta di Credito e PayPal richiedono esclusivamente un\u2019autorizzazione ovvero una prenotazione del denaro senza effettivo addebito nel momento in cui il Cliente inserisce l\u2019ordine. Il pagamento viene pertanto effettivamente addebitato al Cliente solo nel momento in cui i Prodotti vengono consegnati al corriere incaricato per la spedizione. In questa fase PIXEL emetter\u00e0 altres\u00ec lo scontrino fiscale relativo all\u2019ordine.<\/p>\n<p><strong>7. Modalit\u00e0 e spese di consegna<\/strong><\/p>\n<p>7.1. PIXEL si impegna a consegnare i beni senza indebito ritardo e comunque non oltre trenta giorni dalla conclusione del contratto. La consegna dei Prodotti verr\u00e0 effettuata a mezzo corriere e i tempi di consegna varieranno in funzione della destinazione. I termini indicati al momento dell\u2019ordine d\u2019acquisto hanno comunque valore indicativo.<br \/>7.2. PIXEL consegna in tutti i paesi indicati sul sito; la consegna avr\u00e0 luogo senza appuntamento. Per l\u2019Italia la consegna \u00e8 gratuita a partire da un valore d\u2019ordine di \u20ac 100.00 (cento\/00 Euro); per un ordine di importo inferiore verr\u00e0 addebitato un importo a partire da \u20ac 10.00 (dieci\/00 Euro) quale contributo spese di spedizione. Per le zone disagiate l&#8217;importo sar\u00e0 a partire da\u00a0 \u20ac 30.00 (trenta\/00 euro) Per l\u2019estero la consegna \u00e8 gratuita a partire da un valore d\u2019ordine di \u20ac 200.00 (duecento\/00 Euro); per un ordine di importo inferiore verranno addebitati \u20ac 30.00 (trenta\/00 euro) quale contributo spese di spedizione. Per i paesi non previsti nell\u2019elenco sul sito verr\u00e0 espressa opportuna quotazione di spedizione a richiesta.<br \/>7.3. Nessuna responsabilit\u00e0, a qualsiasi titolo, potr\u00e0 essere addebitata dal Cliente a PIXEL in caso di ritardo nell\u2019evasione dell\u2019ordine o nella consegna dei Prodotti oggetto dei Contratti d\u2019Acquisto.<br \/>7.4. I Prodotti ordinati saranno inviati all\u2019indirizzo postale specificato dal Cliente. Alla consegna dei Prodotti da parte di PIXEL al corriere incaricato, sar\u00e0 inviata al Cliente una e-mail di conferma della spedizione.<br \/>7.5. Le consegne verranno effettuate dal luned\u00ec al venerd\u00ec, nel normale orario di ufficio, escluse le festivit\u00e0 nazionali secondo le modalit\u00e0 indicate dal corriere scelto dal Cliente. La consegna \u00e8 ritenuta completata nel momento in cui il Prodotto \u00e8 messo a disposizione del Cliente all\u2019indirizzo specificato nel modulo d\u2019ordine.<br \/>In caso di mancata consegna per assenza del destinatario all\u2019indirizzo specificato, il corriere invier\u00e0 una mail di avviso e tenter\u00e0 una nuova consegna secondo le modalit\u00e0 da questi prestabilite. In caso di impossibilit\u00e0 nell\u2019eseguire la nuova consegna per assenza del destinatario, PIXEL tenter\u00e0 di contattare il Cliente per programmare una ulteriore consegna. Nel caso in cui PIXEL non dovesse riuscire a contattare il Cliente per i successivi 10 giorni o nel caso di ulteriore impossibilit\u00e0 di consegna per assenza del destinatario, i Prodotti oggetto dell\u2019ordine saranno riconsegnati a PIXEL. Decorsi 30 (trenta) giorni dalla data in cui i Prodotti oggetto dell\u2019ordine sono stati rispediti a PIXEL per impossibilit\u00e0 nell\u2019esecuzione della consegna, il contratto si intender\u00e0 risolto e l\u2019ordine d\u2019acquisto annullato ai sensi dell\u2019art. 1456 c.c.. PIXEL proceder\u00e0 al rimborso della somma pagata dal Cliente al netto delle spese di restituzione dei Prodotti e delle spese di custodia degli stessi presso la filiale del corriere incaricato per la consegna.<br \/>7.6. La risoluzione del contratto e l\u2019importo del rimborso verranno comunicati via e-mail. L\u2019importo del rimborso verr\u00e0 accreditato sul mezzo di pagamento utilizzato dal Cliente per l\u2019acquisto. Nel caso in cui, prima del decorso dei trenta giorni, il Cliente chieda di ricevere nuovamente i Prodotti acquistati, PIXEL proceder\u00e0 alla nuova consegna previo addebito, oltre alle spese della stessa, delle spese di restituzione dei Prodotti a PIXEL e delle spese di custodia.<br \/>7.7. Al momento della consegna dei Prodotti da parte del corriere incaricato da PIXEL, il Cliente \u00e8 tenuto a controllare scrupolosamente:<br \/>a) Che l\u2019etichetta anti-effrazione risulti integra e l\u2019imballo non danneggiato o comunque alterato.<br \/>b) Che il numero di pezzi in consegna corrisponda a quanto indicato nel documento di trasporto.<br \/>7.8. Eventuali danni all\u2019etichetta anti-effrazione, agli imballi e ai Prodotti o la mancata corrispondenza del numero dei pezzi\/colli o delle indicazioni devono essere immediatamente contestati dal Cliente, che potr\u00e0 contattare PIXEL attraverso la mail info@officinapixel.net specificando l\u2019ordine per il quale si sono verificati tali disguidi.<br \/>7.9. Casi di forza maggiore, indisponibilit\u00e0 di mezzi di trasposto, nonch\u00e9 eventi imprevedibili o inevitabili che provochino un ritardo nelle consegne o rendano le consegne difficili o impossibili ovvero causino un significativo aumento del costo di consegna a carico di PIXEL, daranno diritto alla stessa di frazionare, rinviare o cancellare, in tutto o in parte, la consegna prevista ovvero di risolvere il Contratto d\u2019Acquisto. In tali ipotesi sar\u00e0 cura di PIXEL fornire tempestiva ed adeguata comunicazione delle proprie determinazioni all\u2019indirizzo di posta elettronica indicato dal Cliente e quest\u2019ultimo avr\u00e0 diritto alla restituzione del prezzo eventualmente gi\u00e0 corrisposto, esclusa qualsiasi ulteriore pretesa, a qualsiasi titolo, nei confronti di PIXEL.<\/p>\n<p><strong>8. Diritto di recesso e suoi effetti<\/strong><\/p>\n<p>8.1 Il Cliente ha il diritto di recedere dal contratto, senza indicarne le ragioni, entro 14 giorni (periodo di recesso).<br \/>8.2 Il periodo di recesso scade (i) dopo 14 giorni dal giorno in cui il Cliente o un terzo, diverso dal vettore e da questi designato, acquisisce il possesso fisico dei beni, ovvero (ii) nel caso di un contratto relativo a beni multipli ordinati in un solo ordine e consegnati separatamente, dal giorno in cui il Cliente o un terzo, diverso dal vettore e da questi designato, acquisisce il possesso fisico dell\u2019ultimo bene.<br \/>8.3. Per esercitare il diritto di recesso, il Cliente \u00e8 tenuto a informare PIXEL della sua decisione di recedere dal contratto tramite una dichiarazione esplicita inviata per posta, fax o posta elettronica oppure tramite l\u2019apposito form presente sul sito www.officinapixel.net\/brescia\/, indicando in ogni caso il numero d\u2019ordine e i prodotti che si intendono restituire.<br \/>8.4. Per rispettare il termine di recesso, \u00e8 sufficiente che il Cliente invii la comunicazione relativa all\u2019esercizio del diritto di recesso prima della scadenza del periodo di recesso.<br \/>8.5. In caso di recesso, saranno rimborsati al Cliente tutti i pagamenti che ha effettuato a favore di PIXEL, compresi i costi di consegna (a eccezione dei costi supplementari derivanti dalla eventuale scelta di un tipo di consegna diverso dal tipo meno costoso di consegna standard offerto), restando a carico del Cliente solo i costi di riconsegna dei prodotti. Il rimborso, ai sensi del III comma dell\u2019art. 56, del Codice del Consumo, avverr\u00e0 a seguito del ricevimento da parte di PIXEL del reso e dopo la verifica del rispetto dei requisiti. Il rimborso sar\u00e0 integrale, ovvero, ridotto qualora sia riscontrata la sussistenza di una diminuzione di valore dei prodotti restituiti; in tal caso PIXEL effettuer\u00e0 contestualmente al rimborso una comunicazione con la quale verr\u00e0 indicato l\u2019importo detratto a titolo di decurtazione del rimborso e i motivi. Qualunque sia la modalit\u00e0 di pagamento utilizzata dal Cliente (carta di credito\/debito, pagamento in contanti alla consegna), il la procedura di rimborsa verr\u00e0 attivata da PIXEL nel minore tempo possibile, e comunque entro quattordici (14) giorni dalla data in cui essa \u00e8 venuta a conoscenza dell\u2019esercizio del diritto di recesso, una volta verificato che il recesso sia avvenuto nel rispetto delle condizioni sopra riportate<br \/>8.6. Il Cliente \u00e8 tenuto a rispedire i beni o consegnarli a PIXEL Via Guglielmo Marconi, 35 &#8211; 25128 Brescia, senza indebiti ritardi e in ogni caso entro 14 giorni dal giorno in cui ha comunicato il suo recesso dal presente contratto. Il termine \u00e8 rispettato se il Cliente rispedisce i beni prima della scadenza del periodo di 14 giorni. I costi diretti della restituzione dei beni saranno a carico del Cliente. Il Cliente \u00e8 responsabile solo della diminuzione del valore dei beni risultante da una manipolazione del bene diversa da quella necessaria per stabilire la natura, le caratteristiche e il funzionamento dei beni.<br \/>8.7. Il Cliente non potr\u00e0 in ogni caso esercitare il diritto di recesso nel caso si tratti di beni sigillati che non si prestano ad essere restituiti per motivi igienici o connessi alla protezione della salute e sono stati aperti dopo la consegna.<\/p>\n<p><strong>9. Non conformit\u00e0 dei prodotti e prodotti difettosi<\/strong><\/p>\n<p>9.1. I Prodotti offerti sul Sito sono conformi alla legislazione nazionale e comunitaria. Le immagini e i colori dei Prodotti pubblicati sul Sito potrebbero differire da quelli reali per effetto delle impostazioni locali dei sistemi e\/o degli strumenti utilizzati per la loro visualizzazione.<br \/>9.2. In caso di difetto di conformit\u00e0 dei Prodotti acquistati rispetto alla descrizione pubblicata sul Sito ed in caso di Prodotto guasto o difettoso, il Cliente ha diritto al rimborso immediato del bene non conforme, previo invio di fotografie che evidenzino il danneggiamento o la non conformit\u00e0 del Prodotto.<br \/>9.3. Seguir\u00e0 comunicazione da parte dello staff di PIXEL con l\u2019indicazione della modalit\u00e0 di rimborso ed esclusa qualsiasi responsabilit\u00e0 ulteriore di PIXEL, a qualunque titolo.<br \/>9.4. Sono fatte salve in ogni caso le disposizioni in materia di garanzia legale di conformit\u00e0 dei beni, previste dal Codice del Consumo italiano (D.lgs. 206\/2005, Parte IV, Artt.102-135)<\/p>\n<p><strong>10. Trattamento dei dati personali<\/strong><\/p>\n<p>I dati dei Clienti sono trattati da PIXEL conformemente a quanto previsto dalla normativa vigente in materia di protezione dei dati personali, come specificato nell\u2019informativa presente nella sezione appositamente dedicata, denominata \u201cInformativa sulla Privacy\u201d.<\/p>\n<p><strong>11. Comunicazioni e reclami<\/strong><\/p>\n<p>Tutte le comunicazioni o gli eventuali reclami del Cliente nei confronti di PIXEL relativamente ai Contratti d\u2019Acquisto, dovranno essere comunicati all\u2019indirizzo e-mail info@officinapixel.net<\/p>\n<p><strong>12. Diritti di propriet\u00e0 intellettuale<\/strong><\/p>\n<p>Tutti i marchi (registrati e non), come pure ogni e qualsiasi opera dell\u2019ingegno, segno distintivo o denominazione, immagine, fotografia, testo scritto o grafico e pi\u00f9 in generale qualsiasi altro bene immateriale protetto dalle leggi e dalle convenzioni internazionali in materia di propriet\u00e0 intellettuale e propriet\u00e0 industriale, riprodotto sul Sito restano di esclusiva propriet\u00e0 di PIXEL e\/o dei suoi danti causa, senza che dall\u2019accesso al Sito e\/o dalla stipulazione dei Contratti d\u2019Acquisto derivi al Cliente alcun diritto sui medesimi. Qualsiasi utilizzazione, anche soltanto parziale, dei medesimi \u00e8 vietata senza la preventiva autorizzazione scritta di PIXEL, a favore della quale sono riservati, in via esclusiva, tutti i relativi diritti.<\/p>\n<p><strong>13. Legge applicabile e Foro competente<\/strong><\/p>\n<p>13.1 Le presenti Condizioni Generali ed ogni e qualsiasi contratto stipulato con il Cliente sono regolati dalla legge Italiana.<br \/>13.2 Per ogni controversia relativa all\u2019interpretazione, esecuzione, validit\u00e0 od efficacia delle presenti Condizioni Generali e di qualsiasi contratto stipulato con i Clienti sar\u00e0 competente, in via esclusiva, il Foro di Brescia.<\/p>\n\n","protected":false},"excerpt":{"rendered":"","protected":false},"author":2,"featured_media":0,"parent":0,"menu_order":0,"comment_status":"closed","ping_status":"closed","template":"","meta":{"footnotes":""},"class_list":["post-20181","page","type-page","status-publish","hentry"],"yoast_head":"<!-- This site is optimized with the Yoast SEO plugin v25.6 - https:\/\/yoast.com\/wordpress\/plugins\/seo\/ -->\n<title>Termini e condizioni - Pixel Sucks - Pixel Brescia<\/title>\n<meta name=\"robots\" content=\"index, follow, max-snippet:-1, max-image-preview:large, max-video-preview:-1\" \/>\n<link rel=\"canonical\" href=\"https:\/\/officinapixel.net\/brescia-pixel-sucks\/termini-e-condizioni\/\" \/>\n<meta property=\"og:locale\" content=\"it_IT\" \/>\n<meta property=\"og:type\" content=\"article\" \/>\n<meta property=\"og:title\" content=\"Termini e condizioni - Pixel Sucks - Pixel Brescia\" \/>\n<meta property=\"og:url\" content=\"https:\/\/officinapixel.net\/brescia-pixel-sucks\/termini-e-condizioni\/\" \/>\n<meta property=\"og:site_name\" content=\"Pixel Sucks - Pixel Brescia\" \/>\n<meta property=\"article:publisher\" content=\"https:\/\/www.facebook.com\/pxlscks\" \/>\n<meta property=\"article:modified_time\" content=\"2023-12-28T11:03:41+00:00\" \/>\n<meta name=\"twitter:card\" content=\"summary_large_image\" \/>\n<meta name=\"twitter:label1\" content=\"Tempo di lettura stimato\" \/>\n\t<meta name=\"twitter:data1\" content=\"12 minuti\" \/>\n<script type=\"application\/ld+json\" class=\"yoast-schema-graph\">{\"@context\":\"https:\/\/schema.org\",\"@graph\":[{\"@type\":\"WebPage\",\"@id\":\"https:\/\/officinapixel.net\/brescia-pixel-sucks\/termini-e-condizioni\/\",\"url\":\"https:\/\/officinapixel.net\/brescia-pixel-sucks\/termini-e-condizioni\/\",\"name\":\"Termini e condizioni - Pixel Sucks - Pixel Brescia\",\"isPartOf\":{\"@id\":\"https:\/\/officinapixel.net\/brescia-pixel-sucks\/#website\"},\"datePublished\":\"2019-11-19T11:44:50+00:00\",\"dateModified\":\"2023-12-28T11:03:41+00:00\",\"breadcrumb\":{\"@id\":\"https:\/\/officinapixel.net\/brescia-pixel-sucks\/termini-e-condizioni\/#breadcrumb\"},\"inLanguage\":\"it-IT\",\"potentialAction\":[{\"@type\":\"ReadAction\",\"target\":[\"https:\/\/officinapixel.net\/brescia-pixel-sucks\/termini-e-condizioni\/\"]}]},{\"@type\":\"BreadcrumbList\",\"@id\":\"https:\/\/officinapixel.net\/brescia-pixel-sucks\/termini-e-condizioni\/#breadcrumb\",\"itemListElement\":[{\"@type\":\"ListItem\",\"position\":1,\"name\":\"Home\",\"item\":\"https:\/\/officinapixel.net\/brescia-pixel-sucks\/\"},{\"@type\":\"ListItem\",\"position\":2,\"name\":\"Termini e condizioni\"}]},{\"@type\":\"WebSite\",\"@id\":\"https:\/\/officinapixel.net\/brescia-pixel-sucks\/#website\",\"url\":\"https:\/\/officinapixel.net\/brescia-pixel-sucks\/\",\"name\":\"Pixel Sucks - Pixel Brescia\",\"description\":\"\",\"publisher\":{\"@id\":\"https:\/\/officinapixel.net\/brescia-pixel-sucks\/#organization\"},\"potentialAction\":[{\"@type\":\"SearchAction\",\"target\":{\"@type\":\"EntryPoint\",\"urlTemplate\":\"https:\/\/officinapixel.net\/brescia-pixel-sucks\/?s={search_term_string}\"},\"query-input\":{\"@type\":\"PropertyValueSpecification\",\"valueRequired\":true,\"valueName\":\"search_term_string\"}}],\"inLanguage\":\"it-IT\"},{\"@type\":\"Organization\",\"@id\":\"https:\/\/officinapixel.net\/brescia-pixel-sucks\/#organization\",\"name\":\"Pixel Sucks\",\"url\":\"https:\/\/officinapixel.net\/brescia-pixel-sucks\/\",\"logo\":{\"@type\":\"ImageObject\",\"inLanguage\":\"it-IT\",\"@id\":\"https:\/\/officinapixel.net\/brescia-pixel-sucks\/#\/schema\/logo\/image\/\",\"url\":\"https:\/\/officinapixel.net\/brescia-pixel-sucks\/wp-content\/uploads\/sites\/4\/2020\/04\/logo_sucks_arancioX1.png\",\"contentUrl\":\"https:\/\/officinapixel.net\/brescia-pixel-sucks\/wp-content\/uploads\/sites\/4\/2020\/04\/logo_sucks_arancioX1.png\",\"width\":250,\"height\":75,\"caption\":\"Pixel Sucks\"},\"image\":{\"@id\":\"https:\/\/officinapixel.net\/brescia-pixel-sucks\/#\/schema\/logo\/image\/\"},\"sameAs\":[\"https:\/\/www.facebook.com\/pxlscks\",\"https:\/\/www.instagram.com\/pixel.sucks\/\"]}]}<\/script>\n<!-- \/ Yoast SEO plugin. -->","yoast_head_json":{"title":"Termini e condizioni - Pixel Sucks - Pixel Brescia","robots":{"index":"index","follow":"follow","max-snippet":"max-snippet:-1","max-image-preview":"max-image-preview:large","max-video-preview":"max-video-preview:-1"},"canonical":"https:\/\/officinapixel.net\/brescia-pixel-sucks\/termini-e-condizioni\/","og_locale":"it_IT","og_type":"article","og_title":"Termini e condizioni - Pixel Sucks - Pixel Brescia","og_url":"https:\/\/officinapixel.net\/brescia-pixel-sucks\/termini-e-condizioni\/","og_site_name":"Pixel Sucks - Pixel Brescia","article_publisher":"https:\/\/www.facebook.com\/pxlscks","article_modified_time":"2023-12-28T11:03:41+00:00","twitter_card":"summary_large_image","twitter_misc":{"Tempo di lettura stimato":"12 minuti"},"schema":{"@context":"https:\/\/schema.org","@graph":[{"@type":"WebPage","@id":"https:\/\/officinapixel.net\/brescia-pixel-sucks\/termini-e-condizioni\/","url":"https:\/\/officinapixel.net\/brescia-pixel-sucks\/termini-e-condizioni\/","name":"Termini e condizioni - Pixel Sucks - Pixel Brescia","isPartOf":{"@id":"https:\/\/officinapixel.net\/brescia-pixel-sucks\/#website"},"datePublished":"2019-11-19T11:44:50+00:00","dateModified":"2023-12-28T11:03:41+00:00","breadcrumb":{"@id":"https:\/\/officinapixel.net\/brescia-pixel-sucks\/termini-e-condizioni\/#breadcrumb"},"inLanguage":"it-IT","potentialAction":[{"@type":"ReadAction","target":["https:\/\/officinapixel.net\/brescia-pixel-sucks\/termini-e-condizioni\/"]}]},{"@type":"BreadcrumbList","@id":"https:\/\/officinapixel.net\/brescia-pixel-sucks\/termini-e-condizioni\/#breadcrumb","itemListElement":[{"@type":"ListItem","position":1,"name":"Home","item":"https:\/\/officinapixel.net\/brescia-pixel-sucks\/"},{"@type":"ListItem","position":2,"name":"Termini e condizioni"}]},{"@type":"WebSite","@id":"https:\/\/officinapixel.net\/brescia-pixel-sucks\/#website","url":"https:\/\/officinapixel.net\/brescia-pixel-sucks\/","name":"Pixel Sucks - Pixel Brescia","description":"","publisher":{"@id":"https:\/\/officinapixel.net\/brescia-pixel-sucks\/#organization"},"potentialAction":[{"@type":"SearchAction","target":{"@type":"EntryPoint","urlTemplate":"https:\/\/officinapixel.net\/brescia-pixel-sucks\/?s={search_term_string}"},"query-input":{"@type":"PropertyValueSpecification","valueRequired":true,"valueName":"search_term_string"}}],"inLanguage":"it-IT"},{"@type":"Organization","@id":"https:\/\/officinapixel.net\/brescia-pixel-sucks\/#organization","name":"Pixel Sucks","url":"https:\/\/officinapixel.net\/brescia-pixel-sucks\/","logo":{"@type":"ImageObject","inLanguage":"it-IT","@id":"https:\/\/officinapixel.net\/brescia-pixel-sucks\/#\/schema\/logo\/image\/","url":"https:\/\/officinapixel.net\/brescia-pixel-sucks\/wp-content\/uploads\/sites\/4\/2020\/04\/logo_sucks_arancioX1.png","contentUrl":"https:\/\/officinapixel.net\/brescia-pixel-sucks\/wp-content\/uploads\/sites\/4\/2020\/04\/logo_sucks_arancioX1.png","width":250,"height":75,"caption":"Pixel Sucks"},"image":{"@id":"https:\/\/officinapixel.net\/brescia-pixel-sucks\/#\/schema\/logo\/image\/"},"sameAs":["https:\/\/www.facebook.com\/pxlscks","https:\/\/www.instagram.com\/pixel.sucks\/"]}]}},"_links":{"self":[{"href":"https:\/\/officinapixel.net\/brescia-pixel-sucks\/wp-json\/wp\/v2\/pages\/20181","targetHints":{"allow":["GET"]}}],"collection":[{"href":"https:\/\/officinapixel.net\/brescia-pixel-sucks\/wp-json\/wp\/v2\/pages"}],"about":[{"href":"https:\/\/officinapixel.net\/brescia-pixel-sucks\/wp-json\/wp\/v2\/types\/page"}],"author":[{"embeddable":true,"href":"https:\/\/officinapixel.net\/brescia-pixel-sucks\/wp-json\/wp\/v2\/users\/2"}],"replies":[{"embeddable":true,"href":"https:\/\/officinapixel.net\/brescia-pixel-sucks\/wp-json\/wp\/v2\/comments?post=20181"}],"version-history":[{"count":3,"href":"https:\/\/officinapixel.net\/brescia-pixel-sucks\/wp-json\/wp\/v2\/pages\/20181\/revisions"}],"predecessor-version":[{"id":29514,"href":"https:\/\/officinapixel.net\/brescia-pixel-sucks\/wp-json\/wp\/v2\/pages\/20181\/revisions\/29514"}],"wp:attachment":[{"href":"https:\/\/officinapixel.net\/brescia-pixel-sucks\/wp-json\/wp\/v2\/media?parent=20181"}],"curies":[{"name":"wp","href":"https:\/\/api.w.org\/{rel}","templated":true}]}}